{"id":1331,"date":"2023-06-27T15:22:39","date_gmt":"2023-06-27T18:22:39","guid":{"rendered":"https:\/\/meiremendesjoias.com.br\/index.php\/carrinho\/"},"modified":"2023-12-07T11:29:40","modified_gmt":"2023-12-07T14:29:40","slug":"carrinho","status":"publish","type":"page","link":"https:\/\/meiremendesjoias.com.br\/novo\/carrinho\/","title":{"rendered":"Carrinho"},"content":{"rendered":"\t\t<div data-elementor-type=\"wp-page\" data-elementor-id=\"1331\" class=\"elementor elementor-1331\" data-elementor-post-type=\"page\">\n\t\t\t\t<div class=\"elementor-element elementor-element-116596f e-flex e-con-boxed e-con e-parent\" data-id=\"116596f\" data-element_type=\"container\" data-e-type=\"container\">\n\t\t\t\t\t<div class=\"e-con-inner\">\n\t\t\t\t\t<\/div>\n\t\t\t\t<\/div>\n\t\t<div class=\"elementor-element elementor-element-ab72c2f e-flex e-con-boxed e-con e-parent\" data-id=\"ab72c2f\" data-element_type=\"container\" data-e-type=\"container\">\n\t\t\t\t\t<div class=\"e-con-inner\">\n\t\t\t\t<div class=\"elementor-element elementor-element-4699416 elementor-widget elementor-widget-heading\" data-id=\"4699416\" data-element_type=\"widget\" data-e-type=\"widget\" data-widget_type=\"heading.default\">\n\t\t\t\t<div class=\"elementor-widget-container\">\n\t\t\t\t\t<h4 class=\"elementor-heading-title elementor-size-default\">CONFIRA NOSSAS OFERTAS<\/h4>\t\t\t\t<\/div>\n\t\t\t\t<\/div>\n\t\t\t\t<div class=\"elementor-element elementor-element-49eaa5f elementor-product-loop-item--align-center elementor-grid-4 elementor-grid-tablet-3 elementor-grid-mobile-2 elementor-products-grid elementor-wc-products elementor-widget elementor-widget-woocommerce-products\" data-id=\"49eaa5f\" data-element_type=\"widget\" data-e-type=\"widget\" data-widget_type=\"woocommerce-products.default\">\n\t\t\t\t<div class=\"elementor-widget-container\">\n\t\t\t\t\t<div class=\"woocommerce columns-4 \"><ul class=\"products elementor-grid columns-4\">\n<li class=\"product type-product post-2338 status-publish first instock product_cat-pulseiras product_cat-sale product_tag-banhada-a-ouro-amarelo-18-k product_tag-perola product_tag-perola-shell product_tag-perolas product_tag-promocao product_tag-pulseira product_tag-pulseiras has-post-thumbnail sale shipping-taxable purchasable product-type-simple\">\n\t<a href=\"https:\/\/meiremendesjoias.com.br\/novo\/produto\/pulseira-tripla-corrente-perolas-shell\/\" class=\"woocommerce-LoopProduct-link woocommerce-loop-product__link\">\n\t<span class=\"onsale\">Oferta!<\/span>\n\t<img fetchpriority=\"high\" decoding=\"async\" width=\"300\" height=\"300\" src=\"https:\/\/meiremendesjoias.com.br\/novo\/wp-content\/uploads\/2025\/03\/PUL054-meire-mendes-joias-pulseira-inspiracao-cartier-perolas-shell-kit-promocao-banhada-ouro-amarelo-300x300.jpeg\" class=\"attachment-woocommerce_thumbnail size-woocommerce_thumbnail\" alt=\"Pulseira Tripla Corrente P\u00e9rolas Shell\" srcset=\"https:\/\/meiremendesjoias.com.br\/novo\/wp-content\/uploads\/2025\/03\/PUL054-meire-mendes-joias-pulseira-inspiracao-cartier-perolas-shell-kit-promocao-banhada-ouro-amarelo-300x300.jpeg 300w, https:\/\/meiremendesjoias.com.br\/novo\/wp-content\/uploads\/2025\/03\/PUL054-meire-mendes-joias-pulseira-inspiracao-cartier-perolas-shell-kit-promocao-banhada-ouro-amarelo-150x150.jpeg 150w, https:\/\/meiremendesjoias.com.br\/novo\/wp-content\/uploads\/2025\/03\/PUL054-meire-mendes-joias-pulseira-inspiracao-cartier-perolas-shell-kit-promocao-banhada-ouro-amarelo-100x100.jpeg 100w\" sizes=\"(max-width: 300px) 100vw, 300px\" \/><h2 class=\"woocommerce-loop-product__title\">Pulseira Tripla Corrente P\u00e9rolas Shell<\/h2>\n\t<span class=\"price\"><del aria-hidden=\"true\"><span class=\"woocommerce-Price-amount amount\"><bdi><span class=\"woocommerce-Price-currencySymbol\">&#82;&#36;<\/span>&nbsp;149,90<\/bdi><\/span><\/del> <span class=\"screen-reader-text\">O pre\u00e7o original era: &#082;&#036;&nbsp;149,90.<\/span><ins aria-hidden=\"true\"><span class=\"woocommerce-Price-amount amount\"><bdi><span class=\"woocommerce-Price-currencySymbol\">&#82;&#36;<\/span>&nbsp;99,99<\/bdi><\/span><\/ins><span class=\"screen-reader-text\">O pre\u00e7o atual \u00e9: &#082;&#036;&nbsp;99,99.<\/span><\/span>\n<\/a><a href=\"\/novo\/wp-json\/wp\/v2\/pages\/1331?add-to-cart=2338\" aria-describedby=\"woocommerce_loop_add_to_cart_link_describedby_2338\" data-quantity=\"1\" class=\"button product_type_simple add_to_cart_button ajax_add_to_cart\" data-product_id=\"2338\" data-product_sku=\"PUL054\" aria-label=\"Adicione ao carrinho: &ldquo;Pulseira Tripla Corrente P\u00e9rolas Shell&rdquo;\" rel=\"nofollow\" data-success_message=\"\u201cPulseira Tripla Corrente P\u00e9rolas Shell\u201d foi adicionado ao seu carrinho\" role=\"button\">Adicionar ao carrinho<\/a>\t<span id=\"woocommerce_loop_add_to_cart_link_describedby_2338\" class=\"screen-reader-text\">\n\t\t\t<\/span>\n<\/li>\n<li class=\"product type-product post-2334 status-publish instock product_cat-pulseiras product_cat-sale product_tag-banhada-a-ouro-amarelo-18-k product_tag-pulseira product_tag-pulseiras has-post-thumbnail sale shipping-taxable purchasable product-type-simple\">\n\t<a href=\"https:\/\/meiremendesjoias.com.br\/novo\/produto\/pulseira-escamde-peixe-banhada-ouro-amarelo\/\" class=\"woocommerce-LoopProduct-link woocommerce-loop-product__link\">\n\t<span class=\"onsale\">Oferta!<\/span>\n\t<img decoding=\"async\" width=\"300\" height=\"300\" src=\"https:\/\/meiremendesjoias.com.br\/novo\/wp-content\/uploads\/2025\/02\/PUL030-meire-mendes-joias-pulseira-escama-de-peixe-banhada-ouro-amarelo-unissex-300x300.jpeg\" class=\"attachment-woocommerce_thumbnail size-woocommerce_thumbnail\" alt=\"Pulseira Escama de Peixe\" srcset=\"https:\/\/meiremendesjoias.com.br\/novo\/wp-content\/uploads\/2025\/02\/PUL030-meire-mendes-joias-pulseira-escama-de-peixe-banhada-ouro-amarelo-unissex-300x300.jpeg 300w, https:\/\/meiremendesjoias.com.br\/novo\/wp-content\/uploads\/2025\/02\/PUL030-meire-mendes-joias-pulseira-escama-de-peixe-banhada-ouro-amarelo-unissex-150x150.jpeg 150w, https:\/\/meiremendesjoias.com.br\/novo\/wp-content\/uploads\/2025\/02\/PUL030-meire-mendes-joias-pulseira-escama-de-peixe-banhada-ouro-amarelo-unissex-100x100.jpeg 100w\" sizes=\"(max-width: 300px) 100vw, 300px\" \/><h2 class=\"woocommerce-loop-product__title\">Pulseira Escama de Peixe<\/h2>\n\t<span class=\"price\"><del aria-hidden=\"true\"><span class=\"woocommerce-Price-amount amount\"><bdi><span class=\"woocommerce-Price-currencySymbol\">&#82;&#36;<\/span>&nbsp;249,90<\/bdi><\/span><\/del> <span class=\"screen-reader-text\">O pre\u00e7o original era: &#082;&#036;&nbsp;249,90.<\/span><ins aria-hidden=\"true\"><span class=\"woocommerce-Price-amount amount\"><bdi><span class=\"woocommerce-Price-currencySymbol\">&#82;&#36;<\/span>&nbsp;199,90<\/bdi><\/span><\/ins><span class=\"screen-reader-text\">O pre\u00e7o atual \u00e9: &#082;&#036;&nbsp;199,90.<\/span><\/span>\n<\/a><a href=\"\/novo\/wp-json\/wp\/v2\/pages\/1331?add-to-cart=2334\" aria-describedby=\"woocommerce_loop_add_to_cart_link_describedby_2334\" data-quantity=\"1\" class=\"button product_type_simple add_to_cart_button ajax_add_to_cart\" data-product_id=\"2334\" data-product_sku=\"PUL030\" aria-label=\"Adicione ao carrinho: &ldquo;Pulseira Escama de Peixe&rdquo;\" rel=\"nofollow\" data-success_message=\"\u201cPulseira Escama de Peixe\u201d foi adicionado ao seu carrinho\" role=\"button\">Adicionar ao carrinho<\/a>\t<span id=\"woocommerce_loop_add_to_cart_link_describedby_2334\" class=\"screen-reader-text\">\n\t\t\t<\/span>\n<\/li>\n<li class=\"product type-product post-2322 status-publish instock product_cat-aneis product_cat-sale product_tag-aneis product_tag-anel product_tag-banhado-a-rodio product_tag-garantia product_tag-joia-em-prata product_tag-joias-em-prata product_tag-noivado product_tag-prata-925 product_tag-solitario product_tag-zirconia has-post-thumbnail sale shipping-taxable purchasable product-type-simple\">\n\t<a href=\"https:\/\/meiremendesjoias.com.br\/novo\/produto\/anel-solitario-prata-925-ouro-rodio\/\" class=\"woocommerce-LoopProduct-link woocommerce-loop-product__link\">\n\t<span class=\"onsale\">Oferta!<\/span>\n\t<img decoding=\"async\" width=\"300\" height=\"300\" src=\"https:\/\/meiremendesjoias.com.br\/novo\/wp-content\/uploads\/2025\/02\/AN048-meire-mendes-joias-anel-solitario-prata-925-rodio-zirconias-banhado-ouro-amarelo-300x300.jpeg\" class=\"attachment-woocommerce_thumbnail size-woocommerce_thumbnail\" alt=\"Anel Solit\u00e1rio Prata 925\" srcset=\"https:\/\/meiremendesjoias.com.br\/novo\/wp-content\/uploads\/2025\/02\/AN048-meire-mendes-joias-anel-solitario-prata-925-rodio-zirconias-banhado-ouro-amarelo-300x300.jpeg 300w, https:\/\/meiremendesjoias.com.br\/novo\/wp-content\/uploads\/2025\/02\/AN048-meire-mendes-joias-anel-solitario-prata-925-rodio-zirconias-banhado-ouro-amarelo-150x150.jpeg 150w, https:\/\/meiremendesjoias.com.br\/novo\/wp-content\/uploads\/2025\/02\/AN048-meire-mendes-joias-anel-solitario-prata-925-rodio-zirconias-banhado-ouro-amarelo-100x100.jpeg 100w\" sizes=\"(max-width: 300px) 100vw, 300px\" \/><h2 class=\"woocommerce-loop-product__title\">Anel Solit\u00e1rio Prata 925<\/h2>\n\t<span class=\"price\"><del aria-hidden=\"true\"><span class=\"woocommerce-Price-amount amount\"><bdi><span class=\"woocommerce-Price-currencySymbol\">&#82;&#36;<\/span>&nbsp;199,90<\/bdi><\/span><\/del> <span class=\"screen-reader-text\">O pre\u00e7o original era: &#082;&#036;&nbsp;199,90.<\/span><ins aria-hidden=\"true\"><span class=\"woocommerce-Price-amount amount\"><bdi><span class=\"woocommerce-Price-currencySymbol\">&#82;&#36;<\/span>&nbsp;149,90<\/bdi><\/span><\/ins><span class=\"screen-reader-text\">O pre\u00e7o atual \u00e9: &#082;&#036;&nbsp;149,90.<\/span><\/span>\n<\/a><a href=\"\/novo\/wp-json\/wp\/v2\/pages\/1331?add-to-cart=2322\" aria-describedby=\"woocommerce_loop_add_to_cart_link_describedby_2322\" data-quantity=\"1\" class=\"button product_type_simple add_to_cart_button ajax_add_to_cart\" data-product_id=\"2322\" data-product_sku=\"AN048\" aria-label=\"Adicione ao carrinho: &ldquo;Anel Solit\u00e1rio Prata 925&rdquo;\" rel=\"nofollow\" data-success_message=\"\u201cAnel Solit\u00e1rio Prata 925\u201d foi adicionado ao seu carrinho\" role=\"button\">Adicionar ao carrinho<\/a>\t<span id=\"woocommerce_loop_add_to_cart_link_describedby_2322\" class=\"screen-reader-text\">\n\t\t\t<\/span>\n<\/li>\n<li class=\"product type-product post-2316 status-publish last instock product_cat-colares product_cat-sale product_tag-banhado-a-ouro-amarelo-18-k product_tag-colar product_tag-colares product_tag-gargantilha product_tag-perola-shell product_tag-perolas has-post-thumbnail sale shipping-taxable purchasable product-type-simple\">\n\t<a href=\"https:\/\/meiremendesjoias.com.br\/novo\/produto\/gargantilha-perolas-shell\/\" class=\"woocommerce-LoopProduct-link woocommerce-loop-product__link\">\n\t<span class=\"onsale\">Oferta!<\/span>\n\t<img loading=\"lazy\" decoding=\"async\" width=\"300\" height=\"300\" src=\"https:\/\/meiremendesjoias.com.br\/novo\/wp-content\/uploads\/2025\/02\/CL015-meire-mendes-joias-gargantilha-colar-perolas-shell-banhado-ouro-amarelo-300x300.jpeg\" class=\"attachment-woocommerce_thumbnail size-woocommerce_thumbnail\" alt=\"Gargantilha P\u00e9rolas Shell\" srcset=\"https:\/\/meiremendesjoias.com.br\/novo\/wp-content\/uploads\/2025\/02\/CL015-meire-mendes-joias-gargantilha-colar-perolas-shell-banhado-ouro-amarelo-300x300.jpeg 300w, https:\/\/meiremendesjoias.com.br\/novo\/wp-content\/uploads\/2025\/02\/CL015-meire-mendes-joias-gargantilha-colar-perolas-shell-banhado-ouro-amarelo-150x150.jpeg 150w, https:\/\/meiremendesjoias.com.br\/novo\/wp-content\/uploads\/2025\/02\/CL015-meire-mendes-joias-gargantilha-colar-perolas-shell-banhado-ouro-amarelo-100x100.jpeg 100w\" sizes=\"(max-width: 300px) 100vw, 300px\" \/><h2 class=\"woocommerce-loop-product__title\">Gargantilha P\u00e9rolas Shell<\/h2>\n\t<span class=\"price\"><del aria-hidden=\"true\"><span class=\"woocommerce-Price-amount amount\"><bdi><span class=\"woocommerce-Price-currencySymbol\">&#82;&#36;<\/span>&nbsp;149,90<\/bdi><\/span><\/del> <span class=\"screen-reader-text\">O pre\u00e7o original era: &#082;&#036;&nbsp;149,90.<\/span><ins aria-hidden=\"true\"><span class=\"woocommerce-Price-amount amount\"><bdi><span class=\"woocommerce-Price-currencySymbol\">&#82;&#36;<\/span>&nbsp;100,00<\/bdi><\/span><\/ins><span class=\"screen-reader-text\">O pre\u00e7o atual \u00e9: &#082;&#036;&nbsp;100,00.<\/span><\/span>\n<\/a><a href=\"\/novo\/wp-json\/wp\/v2\/pages\/1331?add-to-cart=2316\" aria-describedby=\"woocommerce_loop_add_to_cart_link_describedby_2316\" data-quantity=\"1\" class=\"button product_type_simple add_to_cart_button ajax_add_to_cart\" data-product_id=\"2316\" data-product_sku=\"CL015\" aria-label=\"Adicione ao carrinho: &ldquo;Gargantilha P\u00e9rolas Shell&rdquo;\" rel=\"nofollow\" data-success_message=\"\u201cGargantilha P\u00e9rolas Shell\u201d foi adicionado ao seu carrinho\" role=\"button\">Adicionar ao carrinho<\/a>\t<span id=\"woocommerce_loop_add_to_cart_link_describedby_2316\" class=\"screen-reader-text\">\n\t\t\t<\/span>\n<\/li>\n<li class=\"product type-product post-2260 status-publish first instock product_cat-brincos product_cat-sale product_tag-banhado-a-ouro-amarelo-18-k product_tag-brinco product_tag-brinco-argola product_tag-brincos product_tag-perolas product_tag-perolas-agua-doce product_tag-resina has-post-thumbnail sale shipping-taxable purchasable product-type-simple\">\n\t<a href=\"https:\/\/meiremendesjoias.com.br\/novo\/produto\/brinco-argola-perolas-naturais\/\" class=\"woocommerce-LoopProduct-link woocommerce-loop-product__link\">\n\t<span class=\"onsale\">Oferta!<\/span>\n\t<img loading=\"lazy\" decoding=\"async\" width=\"300\" height=\"300\" src=\"https:\/\/meiremendesjoias.com.br\/novo\/wp-content\/uploads\/2024\/10\/BR105-brinco-argola-banhado-ouro-amarelo-resina-ambar-perola-natural-agua-doce-300x300.jpeg\" class=\"attachment-woocommerce_thumbnail size-woocommerce_thumbnail\" alt=\"Brinco P\u00e9rolas Naturais\" srcset=\"https:\/\/meiremendesjoias.com.br\/novo\/wp-content\/uploads\/2024\/10\/BR105-brinco-argola-banhado-ouro-amarelo-resina-ambar-perola-natural-agua-doce-300x300.jpeg 300w, https:\/\/meiremendesjoias.com.br\/novo\/wp-content\/uploads\/2024\/10\/BR105-brinco-argola-banhado-ouro-amarelo-resina-ambar-perola-natural-agua-doce-150x150.jpeg 150w, https:\/\/meiremendesjoias.com.br\/novo\/wp-content\/uploads\/2024\/10\/BR105-brinco-argola-banhado-ouro-amarelo-resina-ambar-perola-natural-agua-doce-100x100.jpeg 100w\" sizes=\"(max-width: 300px) 100vw, 300px\" \/><h2 class=\"woocommerce-loop-product__title\">Brinco P\u00e9rolas Naturais<\/h2>\n\t<span class=\"price\"><del aria-hidden=\"true\"><span class=\"woocommerce-Price-amount amount\"><bdi><span class=\"woocommerce-Price-currencySymbol\">&#82;&#36;<\/span>&nbsp;149,90<\/bdi><\/span><\/del> <span class=\"screen-reader-text\">O pre\u00e7o original era: &#082;&#036;&nbsp;149,90.<\/span><ins aria-hidden=\"true\"><span class=\"woocommerce-Price-amount amount\"><bdi><span class=\"woocommerce-Price-currencySymbol\">&#82;&#36;<\/span>&nbsp;99,99<\/bdi><\/span><\/ins><span class=\"screen-reader-text\">O pre\u00e7o atual \u00e9: &#082;&#036;&nbsp;99,99.<\/span><\/span>\n<\/a><a href=\"\/novo\/wp-json\/wp\/v2\/pages\/1331?add-to-cart=2260\" aria-describedby=\"woocommerce_loop_add_to_cart_link_describedby_2260\" data-quantity=\"1\" class=\"button product_type_simple add_to_cart_button ajax_add_to_cart\" data-product_id=\"2260\" data-product_sku=\"BR105\" aria-label=\"Adicione ao carrinho: &ldquo;Brinco P\u00e9rolas Naturais&rdquo;\" rel=\"nofollow\" data-success_message=\"\u201cBrinco P\u00e9rolas Naturais\u201d foi adicionado ao seu carrinho\" role=\"button\">Adicionar ao carrinho<\/a>\t<span id=\"woocommerce_loop_add_to_cart_link_describedby_2260\" class=\"screen-reader-text\">\n\t\t\t<\/span>\n<\/li>\n<li class=\"product type-product post-2223 status-publish instock product_cat-sale product_cat-sem-categoria product_tag-agua-marinha product_tag-ametista product_tag-banhado-a-ouro-amarelo-18-k product_tag-brinco product_tag-brinco-flor product_tag-brincos product_tag-cristais product_tag-madreperola product_tag-ponto-de-luz has-post-thumbnail sale shipping-taxable purchasable product-type-simple\">\n\t<a href=\"https:\/\/meiremendesjoias.com.br\/novo\/produto\/brinco-flor-madreperola-cristais\/\" class=\"woocommerce-LoopProduct-link woocommerce-loop-product__link\">\n\t<span class=\"onsale\">Oferta!<\/span>\n\t<img loading=\"lazy\" decoding=\"async\" width=\"300\" height=\"300\" src=\"https:\/\/meiremendesjoias.com.br\/novo\/wp-content\/uploads\/2024\/03\/BR104-brinco-flor-madreperola-cristais-ametista-agua-marinha-banhado-ouro-300x300.jpeg\" class=\"attachment-woocommerce_thumbnail size-woocommerce_thumbnail\" alt=\"Brinco Flor Madrep\u00e9rola Cristais\" srcset=\"https:\/\/meiremendesjoias.com.br\/novo\/wp-content\/uploads\/2024\/03\/BR104-brinco-flor-madreperola-cristais-ametista-agua-marinha-banhado-ouro-300x300.jpeg 300w, https:\/\/meiremendesjoias.com.br\/novo\/wp-content\/uploads\/2024\/03\/BR104-brinco-flor-madreperola-cristais-ametista-agua-marinha-banhado-ouro-150x150.jpeg 150w, https:\/\/meiremendesjoias.com.br\/novo\/wp-content\/uploads\/2024\/03\/BR104-brinco-flor-madreperola-cristais-ametista-agua-marinha-banhado-ouro-768x768.jpeg 768w, https:\/\/meiremendesjoias.com.br\/novo\/wp-content\/uploads\/2024\/03\/BR104-brinco-flor-madreperola-cristais-ametista-agua-marinha-banhado-ouro-600x600.jpeg 600w, https:\/\/meiremendesjoias.com.br\/novo\/wp-content\/uploads\/2024\/03\/BR104-brinco-flor-madreperola-cristais-ametista-agua-marinha-banhado-ouro-100x100.jpeg 100w, https:\/\/meiremendesjoias.com.br\/novo\/wp-content\/uploads\/2024\/03\/BR104-brinco-flor-madreperola-cristais-ametista-agua-marinha-banhado-ouro.jpeg 800w\" sizes=\"(max-width: 300px) 100vw, 300px\" \/><h2 class=\"woocommerce-loop-product__title\">Brinco Flor Madrep\u00e9rola Cristais<\/h2>\n\t<span class=\"price\"><del aria-hidden=\"true\"><span class=\"woocommerce-Price-amount amount\"><bdi><span class=\"woocommerce-Price-currencySymbol\">&#82;&#36;<\/span>&nbsp;199,90<\/bdi><\/span><\/del> <span class=\"screen-reader-text\">O pre\u00e7o original era: &#082;&#036;&nbsp;199,90.<\/span><ins aria-hidden=\"true\"><span class=\"woocommerce-Price-amount amount\"><bdi><span class=\"woocommerce-Price-currencySymbol\">&#82;&#36;<\/span>&nbsp;149,90<\/bdi><\/span><\/ins><span class=\"screen-reader-text\">O pre\u00e7o atual \u00e9: &#082;&#036;&nbsp;149,90.<\/span><\/span>\n<\/a><a href=\"\/novo\/wp-json\/wp\/v2\/pages\/1331?add-to-cart=2223\" aria-describedby=\"woocommerce_loop_add_to_cart_link_describedby_2223\" data-quantity=\"1\" class=\"button product_type_simple add_to_cart_button ajax_add_to_cart\" data-product_id=\"2223\" data-product_sku=\"BR104\" aria-label=\"Adicione ao carrinho: &ldquo;Brinco Flor Madrep\u00e9rola Cristais&rdquo;\" rel=\"nofollow\" data-success_message=\"\u201cBrinco Flor Madrep\u00e9rola Cristais\u201d foi adicionado ao seu carrinho\" role=\"button\">Adicionar ao carrinho<\/a>\t<span id=\"woocommerce_loop_add_to_cart_link_describedby_2223\" class=\"screen-reader-text\">\n\t\t\t<\/span>\n<\/li>\n<li class=\"product type-product post-2216 status-publish outofstock product_cat-colares product_cat-sale product_tag-banhado-a-ouro-amarelo-18-k product_tag-colar product_tag-colares product_tag-perola-shell product_tag-perolas has-post-thumbnail sale shipping-taxable purchasable product-type-simple\">\n\t<a href=\"https:\/\/meiremendesjoias.com.br\/novo\/produto\/colar-perolas-shell\/\" class=\"woocommerce-LoopProduct-link woocommerce-loop-product__link\">\n\t<span class=\"onsale\">Oferta!<\/span>\n\t<img loading=\"lazy\" decoding=\"async\" width=\"300\" height=\"300\" src=\"https:\/\/meiremendesjoias.com.br\/novo\/wp-content\/uploads\/2024\/03\/CL129-1-colar-perolas-naturais-banhado-ouro-300x300.jpeg\" class=\"attachment-woocommerce_thumbnail size-woocommerce_thumbnail\" alt=\"Colar P\u00e9rolas Shell\" srcset=\"https:\/\/meiremendesjoias.com.br\/novo\/wp-content\/uploads\/2024\/03\/CL129-1-colar-perolas-naturais-banhado-ouro-300x300.jpeg 300w, https:\/\/meiremendesjoias.com.br\/novo\/wp-content\/uploads\/2024\/03\/CL129-1-colar-perolas-naturais-banhado-ouro-150x150.jpeg 150w, https:\/\/meiremendesjoias.com.br\/novo\/wp-content\/uploads\/2024\/03\/CL129-1-colar-perolas-naturais-banhado-ouro-768x768.jpeg 768w, https:\/\/meiremendesjoias.com.br\/novo\/wp-content\/uploads\/2024\/03\/CL129-1-colar-perolas-naturais-banhado-ouro-600x600.jpeg 600w, https:\/\/meiremendesjoias.com.br\/novo\/wp-content\/uploads\/2024\/03\/CL129-1-colar-perolas-naturais-banhado-ouro-100x100.jpeg 100w, https:\/\/meiremendesjoias.com.br\/novo\/wp-content\/uploads\/2024\/03\/CL129-1-colar-perolas-naturais-banhado-ouro.jpeg 800w\" sizes=\"(max-width: 300px) 100vw, 300px\" \/><h2 class=\"woocommerce-loop-product__title\">Colar P\u00e9rolas Shell<\/h2>\n\t<span class=\"price\"><del aria-hidden=\"true\"><span class=\"woocommerce-Price-amount amount\"><bdi><span class=\"woocommerce-Price-currencySymbol\">&#82;&#36;<\/span>&nbsp;210,00<\/bdi><\/span><\/del> <span class=\"screen-reader-text\">O pre\u00e7o original era: &#082;&#036;&nbsp;210,00.<\/span><ins aria-hidden=\"true\"><span class=\"woocommerce-Price-amount amount\"><bdi><span class=\"woocommerce-Price-currencySymbol\">&#82;&#36;<\/span>&nbsp;120,00<\/bdi><\/span><\/ins><span class=\"screen-reader-text\">O pre\u00e7o atual \u00e9: &#082;&#036;&nbsp;120,00.<\/span><\/span>\n<\/a><a href=\"https:\/\/meiremendesjoias.com.br\/novo\/produto\/colar-perolas-shell\/\" aria-describedby=\"woocommerce_loop_add_to_cart_link_describedby_2216\" data-quantity=\"1\" class=\"button product_type_simple\" data-product_id=\"2216\" data-product_sku=\"CL129\" aria-label=\"Leia mais sobre &ldquo;Colar P\u00e9rolas Shell&rdquo;\" rel=\"nofollow\" data-success_message=\"\">Leia mais<\/a>\t<span id=\"woocommerce_loop_add_to_cart_link_describedby_2216\" class=\"screen-reader-text\">\n\t\t\t<\/span>\n<button data-id=\"2065\" data-post_id=\"2216\" data-form_style=\"1\" data-allow_outside_click=\"\" data-width=\"450px\" class=\"wpb-get-a-quote-button-form-fire wpb-get-a-quote-button-btn-medium wpb-get-a-quote-button-btn wpb-get-a-quote-button-btn-default\">Solicitar Or\u00e7amento<\/button><\/li>\n<li class=\"product type-product post-2208 status-publish last instock product_cat-colares product_cat-sale product_tag-banhado-a-ouro-amarelo-18-k product_tag-borboleta product_tag-colar product_tag-colares product_tag-micro-cravacao product_tag-micro-ziconias-cravejadas product_tag-perola product_tag-perola-shell has-post-thumbnail sale shipping-taxable purchasable product-type-simple\">\n\t<a href=\"https:\/\/meiremendesjoias.com.br\/novo\/produto\/colar-perolas-borboleta\/\" class=\"woocommerce-LoopProduct-link woocommerce-loop-product__link\">\n\t<span class=\"onsale\">Oferta!<\/span>\n\t<img loading=\"lazy\" decoding=\"async\" width=\"300\" height=\"300\" src=\"https:\/\/meiremendesjoias.com.br\/novo\/wp-content\/uploads\/2024\/03\/CL127-colar-borboleta-pingente-perola-shell-banhado-ouro-micro-zirconias-cravejadas-300x300.jpeg\" class=\"attachment-woocommerce_thumbnail size-woocommerce_thumbnail\" alt=\"Colar P\u00e9rolas Borboleta\" srcset=\"https:\/\/meiremendesjoias.com.br\/novo\/wp-content\/uploads\/2024\/03\/CL127-colar-borboleta-pingente-perola-shell-banhado-ouro-micro-zirconias-cravejadas-300x300.jpeg 300w, https:\/\/meiremendesjoias.com.br\/novo\/wp-content\/uploads\/2024\/03\/CL127-colar-borboleta-pingente-perola-shell-banhado-ouro-micro-zirconias-cravejadas-150x150.jpeg 150w, https:\/\/meiremendesjoias.com.br\/novo\/wp-content\/uploads\/2024\/03\/CL127-colar-borboleta-pingente-perola-shell-banhado-ouro-micro-zirconias-cravejadas-768x768.jpeg 768w, https:\/\/meiremendesjoias.com.br\/novo\/wp-content\/uploads\/2024\/03\/CL127-colar-borboleta-pingente-perola-shell-banhado-ouro-micro-zirconias-cravejadas-600x600.jpeg 600w, https:\/\/meiremendesjoias.com.br\/novo\/wp-content\/uploads\/2024\/03\/CL127-colar-borboleta-pingente-perola-shell-banhado-ouro-micro-zirconias-cravejadas-100x100.jpeg 100w, https:\/\/meiremendesjoias.com.br\/novo\/wp-content\/uploads\/2024\/03\/CL127-colar-borboleta-pingente-perola-shell-banhado-ouro-micro-zirconias-cravejadas.jpeg 800w\" sizes=\"(max-width: 300px) 100vw, 300px\" \/><h2 class=\"woocommerce-loop-product__title\">Colar P\u00e9rolas Borboleta<\/h2>\n\t<span class=\"price\"><del aria-hidden=\"true\"><span class=\"woocommerce-Price-amount amount\"><bdi><span class=\"woocommerce-Price-currencySymbol\">&#82;&#36;<\/span>&nbsp;300,00<\/bdi><\/span><\/del> <span class=\"screen-reader-text\">O pre\u00e7o original era: &#082;&#036;&nbsp;300,00.<\/span><ins aria-hidden=\"true\"><span class=\"woocommerce-Price-amount amount\"><bdi><span class=\"woocommerce-Price-currencySymbol\">&#82;&#36;<\/span>&nbsp;249,90<\/bdi><\/span><\/ins><span class=\"screen-reader-text\">O pre\u00e7o atual \u00e9: &#082;&#036;&nbsp;249,90.<\/span><\/span>\n<\/a><a href=\"\/novo\/wp-json\/wp\/v2\/pages\/1331?add-to-cart=2208\" aria-describedby=\"woocommerce_loop_add_to_cart_link_describedby_2208\" data-quantity=\"1\" class=\"button product_type_simple add_to_cart_button ajax_add_to_cart\" data-product_id=\"2208\" data-product_sku=\"CL127\" aria-label=\"Adicione ao carrinho: &ldquo;Colar P\u00e9rolas Borboleta&rdquo;\" rel=\"nofollow\" data-success_message=\"\u201cColar P\u00e9rolas Borboleta\u201d foi adicionado ao seu carrinho\" role=\"button\">Adicionar ao carrinho<\/a>\t<span id=\"woocommerce_loop_add_to_cart_link_describedby_2208\" class=\"screen-reader-text\">\n\t\t\t<\/span>\n<\/li>\n<\/ul>\n<\/div>\t\t\t\t<\/div>\n\t\t\t\t<\/div>\n\t\t\t\t\t<\/div>\n\t\t\t\t<\/div>\n\t\t\t\t<\/div>\n\t\t","protected":false},"excerpt":{"rendered":"<p>Remover item Imagem de miniatura Produto Pre\u00e7o Quantidade Subtotal &times; Caixa de veludo m\u00e9dia para colar, gargantilha, brinco, pingente e pulseira &#82;&#36;&nbsp;69,90 Caixa de veludo m\u00e9dia para colar, gargantilha, brinco, pingente e pulseira quantidade &#82;&#36;&nbsp;69,90 &times; Gargantilha P\u00e9rolas &#82;&#36;&nbsp;249,90 Gargantilha P\u00e9rolas quantidade &#82;&#36;&nbsp;249,90 Total do Pedido Subtotal &#82;&#36;&nbsp;319,80 Entrega Correios (SEDEX): &#82;&#36;&nbsp;24,72 Correios (PAC): &#82;&#36;&nbsp;17,51 [&hellip;]<\/p>\n","protected":false},"author":1,"featured_media":0,"parent":0,"menu_order":0,"comment_status":"closed","ping_status":"closed","template":"","meta":{"footnotes":""},"class_list":["post-1331","page","type-page","status-publish","hentry"],"_links":{"self":[{"href":"https:\/\/meiremendesjoias.com.br\/novo\/wp-json\/wp\/v2\/pages\/1331","targetHints":{"allow":["GET"]}}],"collection":[{"href":"https:\/\/meiremendesjoias.com.br\/novo\/wp-json\/wp\/v2\/pages"}],"about":[{"href":"https:\/\/meiremendesjoias.com.br\/novo\/wp-json\/wp\/v2\/types\/page"}],"author":[{"embeddable":true,"href":"https:\/\/meiremendesjoias.com.br\/novo\/wp-json\/wp\/v2\/users\/1"}],"replies":[{"embeddable":true,"href":"https:\/\/meiremendesjoias.com.br\/novo\/wp-json\/wp\/v2\/comments?post=1331"}],"version-history":[{"count":7,"href":"https:\/\/meiremendesjoias.com.br\/novo\/wp-json\/wp\/v2\/pages\/1331\/revisions"}],"predecessor-version":[{"id":2068,"href":"https:\/\/meiremendesjoias.com.br\/novo\/wp-json\/wp\/v2\/pages\/1331\/revisions\/2068"}],"wp:attachment":[{"href":"https:\/\/meiremendesjoias.com.br\/novo\/wp-json\/wp\/v2\/media?parent=1331"}],"curies":[{"name":"wp","href":"https:\/\/api.w.org\/{rel}","templated":true}]}}