{"id":1909,"date":"2023-09-28T04:50:19","date_gmt":"2023-09-28T07:50:19","guid":{"rendered":"https:\/\/meiremendesjoias.com.br\/?page_id=1909"},"modified":"2023-09-28T04:50:19","modified_gmt":"2023-09-28T07:50:19","slug":"prazos-e-entregas","status":"publish","type":"page","link":"https:\/\/meiremendesjoias.com.br\/novo\/prazos-e-entregas\/","title":{"rendered":"Prazos e Entregas"},"content":{"rendered":"\t\t<div data-elementor-type=\"wp-page\" data-elementor-id=\"1909\" class=\"elementor elementor-1909\" data-elementor-post-type=\"page\">\n\t\t\t\t<div class=\"elementor-element elementor-element-9887347 e-flex e-con-boxed e-con e-parent\" data-id=\"9887347\" data-element_type=\"container\" data-e-type=\"container\">\n\t\t\t\t\t<div class=\"e-con-inner\">\n\t\t\t\t<div class=\"elementor-element elementor-element-bd21f63 elementor-widget elementor-widget-heading\" data-id=\"bd21f63\" data-element_type=\"widget\" data-e-type=\"widget\" data-widget_type=\"heading.default\">\n\t\t\t\t<div class=\"elementor-widget-container\">\n\t\t\t\t\t<h4 class=\"elementor-heading-title elementor-size-default\">Prazos e Entregas<\/h4>\t\t\t\t<\/div>\n\t\t\t\t<\/div>\n\t\t\t\t<div class=\"elementor-element elementor-element-3eb19e7 elementor-widget elementor-widget-text-editor\" data-id=\"3eb19e7\" data-element_type=\"widget\" data-e-type=\"widget\" data-widget_type=\"text-editor.default\">\n\t\t\t\t<div class=\"elementor-widget-container\">\n\t\t\t\t\t\t\t\t\t<p><strong>Entregamos para todo o Brasil por Correios<\/strong>, lembrando que o frete \u00e9 sempre por conta do cliente. Ap\u00f3s a confirma\u00e7\u00e3o do pagamento a encomenda \u00e9 enviada no prazo m\u00e1ximo de at\u00e9 5 dias, prazo para processar, conferir, embalar e despachar o pedido, com exce\u00e7\u00e3o das pe\u00e7as em ouro 18 k, ou as que tem o prazo de fabrica\u00e7\u00e3o especificados, que podem demorar de 10 a 30 dias para serem postados.<\/p><p><strong>Utilizamos os servi\u00e7os dos Correios (Sedex 12, 10, Sedex e PAC) para fazer sua compra chegar at\u00e9 voc\u00ea.<\/strong><\/p><p><strong>OBSERVA\u00c7\u00c3O:\u00a0<\/strong><\/p><p><strong>SEDEX 12 &#8211;<\/strong>Entrega imediata. Dispon\u00edvel para algumas localidades brasileiras. Nesta modalidade sua compra \u00e9 entregue com a mesma rapidez do Sedex, no endere\u00e7o cadastrado e escolhido para entrega, at\u00e9 \u00e0s 12 horas do dia seguinte.\u00a0\u00a0O pre\u00e7o do Sedex 12 varia de acordo com a localidade e peso.<\/p><p><strong>SEDEX 10 &#8211;<\/strong> Entrega imediata. Dispon\u00edvel para algumas localidades brasileiras. Nesta modalidade sua compra \u00e9 entregue com a mesma rapidez do Sedex, no endere\u00e7o cadastrado e escolhido para entrega, at\u00e9 \u00e0s 10 horas da manh\u00e3 do dia seguinte.\u00a0\u00a0O pre\u00e7o do Sedex 10 varia de acordo com a localidade e peso.<\/p><p><strong>SEDEX &#8211;<\/strong> Entrega expressa. Dispon\u00edvel para todas as localidades brasileiras. Nesta modalidade sua compra \u00e9 entregue com rapidez no endere\u00e7o cadastrado e escolhido para entrega. O pre\u00e7o do Sedex varia de acordo com a localidade e peso.<\/p><p><strong>PAC &#8211;<\/strong> Linha econ\u00f4mica que entrega de tr\u00eas\u00a0at\u00e9 vinte e cinco\u00a0dias \u00fateis a sua encomenda, dependendo da localidade, no endere\u00e7o cadastrado e escolhido para entrega.\u00a0Dispon\u00edvel para todas as localidades brasileiras. O pre\u00e7o do PAC\u00a0varia de acordo com a localidade e peso.<\/p><p>Nosso sistema calcula automaticamente o pre\u00e7o do Sedex 12, 10, Sedex, e PAC quando voc\u00ea faz o fechamento da sua compra e fornece o CEP do endere\u00e7o de entrega.\u00a0<\/p><p><strong>Os prazos de entrega s\u00e3o os seguintes:<\/strong><\/p><p><strong>1) Sedex 12: <\/strong>At\u00e9 \u00e0s 12 horas do dia seguinte, ap\u00f3s a postagem.<\/p><p><strong>2) Sedex 10: <\/strong>At\u00e9 \u00e0s 10 horas do dia seguinte, ap\u00f3s a postagem.<\/p><p><strong>3) Sedex:<\/strong> De um a cinco dias \u00fateis ap\u00f3s a postagem, dependendo da localidade.<\/p><p><strong>4) PAC:<\/strong>\u00a0De tr\u00eas a vinte e cinco\u00a0dias \u00fateis, ap\u00f3s a postagem, dependendo da localidade.<\/p><p><strong>O prazo de entrega come\u00e7ar\u00e1 a contar ap\u00f3s o pedido ser postado na ag\u00eancia dos Correios.<\/strong>\u00a0Caso o pagamento j\u00e1 tenha sido confirmado, isso aparecer\u00e1 no menu \u2018Meus Pedidos\u2019 dentro da \u2018Minha Conta\u2019, onde ser\u00e1 poss\u00edvel a visualiza\u00e7\u00e3o das atualiza\u00e7\u00f5es do seu pedido.<\/p><p>Ap\u00f3s a postagem do pedido na ag\u00eancia dos Correios, voc\u00ea receber\u00e1 um e-mail com o respectivo c\u00f3digo de postagem, para possibilitar o rastreamento do seu pedido.<\/p><p>Por favor, verifique se o produto recebido est\u00e1 totalmente de acordo com seu pedido\/compra antes de us\u00e1-lo. Caso contr\u00e1rio, comunicar imediatamente o ocorrido.<\/p>\t\t\t\t\t\t\t\t<\/div>\n\t\t\t\t<\/div>\n\t\t\t\t\t<\/div>\n\t\t\t\t<\/div>\n\t\t\t\t<\/div>\n\t\t","protected":false},"excerpt":{"rendered":"<p>Prazos e Entregas Entregamos para todo o Brasil por Correios, lembrando que o frete \u00e9 sempre por conta do cliente. Ap\u00f3s a confirma\u00e7\u00e3o do pagamento a encomenda \u00e9 enviada no prazo m\u00e1ximo de at\u00e9 5 dias, prazo para processar, conferir, embalar e despachar o pedido, com exce\u00e7\u00e3o das pe\u00e7as em ouro 18 k, ou as [&hellip;]<\/p>\n","protected":false},"author":1,"featured_media":0,"parent":0,"menu_order":0,"comment_status":"closed","ping_status":"closed","template":"elementor_header_footer","meta":{"footnotes":""},"class_list":["post-1909","page","type-page","status-publish","hentry"],"_links":{"self":[{"href":"https:\/\/meiremendesjoias.com.br\/novo\/wp-json\/wp\/v2\/pages\/1909","targetHints":{"allow":["GET"]}}],"collection":[{"href":"https:\/\/meiremendesjoias.com.br\/novo\/wp-json\/wp\/v2\/pages"}],"about":[{"href":"https:\/\/meiremendesjoias.com.br\/novo\/wp-json\/wp\/v2\/types\/page"}],"author":[{"embeddable":true,"href":"https:\/\/meiremendesjoias.com.br\/novo\/wp-json\/wp\/v2\/users\/1"}],"replies":[{"embeddable":true,"href":"https:\/\/meiremendesjoias.com.br\/novo\/wp-json\/wp\/v2\/comments?post=1909"}],"version-history":[{"count":0,"href":"https:\/\/meiremendesjoias.com.br\/novo\/wp-json\/wp\/v2\/pages\/1909\/revisions"}],"wp:attachment":[{"href":"https:\/\/meiremendesjoias.com.br\/novo\/wp-json\/wp\/v2\/media?parent=1909"}],"curies":[{"name":"wp","href":"https:\/\/api.w.org\/{rel}","templated":true}]}}