{"id":1928,"date":"2023-09-28T05:00:33","date_gmt":"2023-09-28T08:00:33","guid":{"rendered":"https:\/\/meiremendesjoias.com.br\/?page_id=1928"},"modified":"2023-09-28T05:00:33","modified_gmt":"2023-09-28T08:00:33","slug":"cuidados-com-as-aliancas","status":"publish","type":"page","link":"https:\/\/meiremendesjoias.com.br\/novo\/cuidados-com-as-aliancas\/","title":{"rendered":"Cuidados com as alian\u00e7as"},"content":{"rendered":"\t\t<div data-elementor-type=\"wp-page\" data-elementor-id=\"1928\" class=\"elementor elementor-1928\" data-elementor-post-type=\"page\">\n\t\t\t\t<div class=\"elementor-element elementor-element-9887347 e-flex e-con-boxed e-con e-parent\" data-id=\"9887347\" data-element_type=\"container\" data-e-type=\"container\">\n\t\t\t\t\t<div class=\"e-con-inner\">\n\t\t\t\t<div class=\"elementor-element elementor-element-bd21f63 elementor-widget elementor-widget-heading\" data-id=\"bd21f63\" data-element_type=\"widget\" data-e-type=\"widget\" data-widget_type=\"heading.default\">\n\t\t\t\t<div class=\"elementor-widget-container\">\n\t\t\t\t\t<h4 class=\"elementor-heading-title elementor-size-default\">Cuidados com as alian\u00e7as<\/h4>\t\t\t\t<\/div>\n\t\t\t\t<\/div>\n\t\t\t\t<div class=\"elementor-element elementor-element-3eb19e7 elementor-widget elementor-widget-text-editor\" data-id=\"3eb19e7\" data-element_type=\"widget\" data-e-type=\"widget\" data-widget_type=\"text-editor.default\">\n\t\t\t\t<div class=\"elementor-widget-container\">\n\t\t\t\t\t\t\t\t\t<p>Para que suas alian\u00e7as mantenham sempre seu brilho e n\u00e3o percam sua forma, alguns cuidados devem ser tomados. Como s\u00e3o utilizadas nas m\u00e3os, suas alian\u00e7as est\u00e3o constantemente expostas \u00e0 sujeira e ao risco de serem danificadas com tarefas do dia a dia.<\/p><p><strong>SUJEIRAS<\/strong><\/p><p>Cuidado com os produtos a serem utilizados na limpeza de suas alian\u00e7as, caso utilize algo n\u00e3o indicado voc\u00ea pode manchar sua joia.<\/p><p>Alian\u00e7as trabalhadas s\u00e3o mais f\u00e1ceis de sujar e por isto merecem maior cuidado. \u00c9 comum o ac\u00famulo de res\u00edduos, como cremes e restos de sabonetes, em alian\u00e7as com pedras, frisos ou diamantadas. Uma forma eficaz de limpeza \u00e9 a fervura da pe\u00e7a em uma panela com \u00e1gua e sab\u00e3o de coco, processo que tamb\u00e9m pode ser usado em alian\u00e7as lisas. Ferva a \u00e1gua e escove a joia com uma escova de dente, a elimina\u00e7\u00e3o desses res\u00edduos \u00e9 r\u00e1pida, segura e eficaz.<\/p><p><strong>ARANH\u00d5ES<\/strong><\/p><p>O dano ao acabamento externo das alian\u00e7as, e conseq\u00fcentemente, o aparecimento de riscos \u00e9 muito comum e ocorrem mesmo em alian\u00e7as de pessoas bastante cuidadosas. O simples ato de lavar lou\u00e7as ou carregar sacolas pode causar pequenos impactos e arranh\u00f5es.<\/p><p>Para renovar suas alian\u00e7as removendo riscos e devolvendo as mesmas o seu brilho original, basta um polimento. Clientes da Meire Mendes Joias possuem este servi\u00e7o gratuitamente sempre que desejarem, arcando apenas com os custos de frete para envio e reenvio das pe\u00e7as.<\/p><p><strong>ALIAN\u00c7AS COM PEDRAS<\/strong><\/p><p>As pedras existentes nas alian\u00e7as s\u00e3o cravadas na joia e n\u00e3o coladas como muitos pensam. Impactos mais fortes na alian\u00e7a podem abalar a estrutura de sua joia causando a queda da pedrinha. Por isto, caso voc\u00ea possua uma alian\u00e7a com pedras tome bastante cuidado para que evite sofrer esses impactos.<\/p>\t\t\t\t\t\t\t\t<\/div>\n\t\t\t\t<\/div>\n\t\t\t\t\t<\/div>\n\t\t\t\t<\/div>\n\t\t\t\t<\/div>\n\t\t","protected":false},"excerpt":{"rendered":"<p>Cuidados com as alian\u00e7as Para que suas alian\u00e7as mantenham sempre seu brilho e n\u00e3o percam sua forma, alguns cuidados devem ser tomados. Como s\u00e3o utilizadas nas m\u00e3os, suas alian\u00e7as est\u00e3o constantemente expostas \u00e0 sujeira e ao risco de serem danificadas com tarefas do dia a dia. SUJEIRAS Cuidado com os produtos a serem utilizados na [&hellip;]<\/p>\n","protected":false},"author":1,"featured_media":0,"parent":0,"menu_order":0,"comment_status":"closed","ping_status":"closed","template":"elementor_header_footer","meta":{"footnotes":""},"class_list":["post-1928","page","type-page","status-publish","hentry"],"_links":{"self":[{"href":"https:\/\/meiremendesjoias.com.br\/novo\/wp-json\/wp\/v2\/pages\/1928","targetHints":{"allow":["GET"]}}],"collection":[{"href":"https:\/\/meiremendesjoias.com.br\/novo\/wp-json\/wp\/v2\/pages"}],"about":[{"href":"https:\/\/meiremendesjoias.com.br\/novo\/wp-json\/wp\/v2\/types\/page"}],"author":[{"embeddable":true,"href":"https:\/\/meiremendesjoias.com.br\/novo\/wp-json\/wp\/v2\/users\/1"}],"replies":[{"embeddable":true,"href":"https:\/\/meiremendesjoias.com.br\/novo\/wp-json\/wp\/v2\/comments?post=1928"}],"version-history":[{"count":0,"href":"https:\/\/meiremendesjoias.com.br\/novo\/wp-json\/wp\/v2\/pages\/1928\/revisions"}],"wp:attachment":[{"href":"https:\/\/meiremendesjoias.com.br\/novo\/wp-json\/wp\/v2\/media?parent=1928"}],"curies":[{"name":"wp","href":"https:\/\/api.w.org\/{rel}","templated":true}]}}