{"id":1932,"date":"2023-09-28T05:11:08","date_gmt":"2023-09-28T08:11:08","guid":{"rendered":"https:\/\/meiremendesjoias.com.br\/?page_id=1932"},"modified":"2023-09-28T05:11:08","modified_gmt":"2023-09-28T08:11:08","slug":"medidor-online-de-aliancas-aneis","status":"publish","type":"page","link":"https:\/\/meiremendesjoias.com.br\/novo\/medidor-online-de-aliancas-aneis\/","title":{"rendered":"Medidor Online de Alian\u00e7as \/ An\u00e9is"},"content":{"rendered":"\t\t<div data-elementor-type=\"wp-page\" data-elementor-id=\"1932\" class=\"elementor elementor-1932\" data-elementor-post-type=\"page\">\n\t\t\t\t<div class=\"elementor-element elementor-element-9887347 e-flex e-con-boxed e-con e-parent\" data-id=\"9887347\" data-element_type=\"container\" data-e-type=\"container\">\n\t\t\t\t\t<div class=\"e-con-inner\">\n\t\t\t\t<div class=\"elementor-element elementor-element-bd21f63 elementor-widget elementor-widget-heading\" data-id=\"bd21f63\" data-element_type=\"widget\" data-e-type=\"widget\" data-widget_type=\"heading.default\">\n\t\t\t\t<div class=\"elementor-widget-container\">\n\t\t\t\t\t<h4 class=\"elementor-heading-title elementor-size-default\">Medidor Online de Alian\u00e7as \/ An\u00e9is<\/h4>\t\t\t\t<\/div>\n\t\t\t\t<\/div>\n\t\t\t\t<div class=\"elementor-element elementor-element-3eb19e7 elementor-widget elementor-widget-text-editor\" data-id=\"3eb19e7\" data-element_type=\"widget\" data-e-type=\"widget\" data-widget_type=\"text-editor.default\">\n\t\t\t\t<div class=\"elementor-widget-container\">\n\t\t\t\t\t\t\t\t\t<p><strong>M\u00e9todos de como saber a numera\u00e7\u00e3o do aro (tamanho) das alian\u00e7as ou an\u00e9is<\/strong><\/p><p>\u00a0<\/p><p>Obter o tamanho correto do aro das alian\u00e7as \u00e9 importante para o uso adequado da joia, evitando desconfortos e at\u00e9 sua perda.<\/p><p>Por isso, recomendamos que os m\u00e9todos sejam executados abaixo com muita precis\u00e3o, principalmente devido as numera\u00e7\u00f5es variarem em mil\u00edmetros de uma para outra.<\/p><p>Sempre que poss\u00edvel, efetue a confer\u00eancia por meio de um medidor de an\u00e9is ou um aneleira\u00a0em qualquer joalheria.<\/p>\t\t\t\t\t\t\t\t<\/div>\n\t\t\t\t<\/div>\n\t\t\t\t<div class=\"elementor-element elementor-element-f3d9d55 elementor-widget elementor-widget-image\" data-id=\"f3d9d55\" data-element_type=\"widget\" data-e-type=\"widget\" data-widget_type=\"image.default\">\n\t\t\t\t<div class=\"elementor-widget-container\">\n\t\t\t\t\t\t\t\t\t\t\t\t\t\t\t<img decoding=\"async\" src=\"https:\/\/meiremendesjoias.com.br\/wp-content\/uploads\/2023\/09\/medidor.jpg\" title=\"\" alt=\"\" loading=\"lazy\" \/>\t\t\t\t\t\t\t\t\t\t\t\t\t\t\t<\/div>\n\t\t\t\t<\/div>\n\t\t\t\t<div class=\"elementor-element elementor-element-5d830b7 elementor-widget elementor-widget-text-editor\" data-id=\"5d830b7\" data-element_type=\"widget\" data-e-type=\"widget\" data-widget_type=\"text-editor.default\">\n\t\t\t\t<div class=\"elementor-widget-container\">\n\t\t\t\t\t\t\t\t\t<p><strong>M\u00c9TODO 1: Medidor de An\u00e9is<\/strong><\/p><p>\u00a0<\/p><p>Utilize um anel fino, de prefer\u00eancia sem pedras ou detalhes e\u00a0n\u00e3o\u00a0arredondado por dentro. Coloque o anel no medidor e anote a medida indicada. Se o anel ficar entre dois n\u00fameros, coloque o valor intermedi\u00e1rio (Exemplo: entre 16 e 17: Medida = 16,5). O medidor de an\u00e9is tamb\u00e9m pode ser encontrado em lojas de fornituras e at\u00e9 mesmo no Mercado Livre.<\/p><p><strong>IMPORTANTE:<\/strong> Alian\u00e7as s\u00e3o utilizadas no\u00a0dedo anelar direito durante o noivado\u00a0e no\u00a0dedo anelar esquerdo ap\u00f3s o casamento. J\u00e1 os\u00a0an\u00e9is de noivado\u00a0 s\u00e3o comumente utilizados no anelar esquerdo. Fique atento na hora de utilizar um anel como par\u00e2metro: ele deve ser usado no mesmo dedo que se pretende medir! \u00c9 muito comum que dedos correspondentes da m\u00e3o direita e esquerda tenham tamanhos diferentes.<\/p><p>\u00a0<\/p><p><strong>M\u00c9TODO 2: Aneleira<\/strong><\/p><p>\u00a0<\/p><p>A aneleira tem diversos tamanhos de an\u00e9is. Experimente tamanhos pr\u00f3ximos a sua medida. Achou o tamanho certo? Experimente um n\u00famero abaixo e outro acima para se certificar de que aquela \u00e9 realmente sua medida.<\/p><p><strong>IMPORTANTE:<\/strong>\u00a0Nossos dedos tendem a inchar no calor, por isso, nunca escolha uma medida muito apertada;<\/p><p>Segure o peso do restante da aneleira e veja se o tamanho escolhido est\u00e1 adequado;<\/p><p>A alian\u00e7a deve ficar confort\u00e1vel, mas n\u00e3o muito larga. \u00c9 importante que ela apresente uma leve resist\u00eancia na junta do dedo na hora de ser colocada e retirada. Isso evita perdas.<\/p><p>Alian\u00e7as anat\u00f4micas s\u00e3o mais confort\u00e1veis;<\/p><p>Modelos acima de 6 mm de largura produzem maior sensa\u00e7\u00e3o de aperto.<\/p><p>Os demais m\u00e9todos s\u00e3o menos precisos, por isso, recomendamos que voc\u00ea opte por pelo menos 2 deles. Seja bastante detalhista, pois as numera\u00e7\u00f5es variam de uma para outra em mil\u00edmetros!<\/p><p>\u00a0<\/p><p><strong>M\u00c9TODO 3: Fita em volta do dedo (pouco preciso)<\/strong><\/p><p>\u00a0<\/p><p>Esse \u00e9 um dos m\u00e9todos mais simples para descobrir a medida dos dedos, por\u00e9m para que funcione, deve ser corretamente seguido pois sua precis\u00e3o n\u00e3o \u00e9 muito alta. Voc\u00ea precisar\u00e1 apenas de um cord\u00e3o (ou fita), uma tesoura, uma r\u00e9gua e a tabela de correspond\u00eancia abaixo.<\/p><p>D\u00ea uma volta com o barbante no dedo que deseja medir. Fa\u00e7a um n\u00f3. Caso tenha dificuldades, pe\u00e7a para algu\u00e9m te auxiliar nesse procedimento. O barbante deve ficar justinho ao dedo, por\u00e9m sem te apertar.\u00a0<\/p><p>Corte, com a tesoura, o peda\u00e7o do barbante que envolve\u00a0 a parte de tr\u00e1s do dedo. Abra o peda\u00e7o obtido e fa\u00e7a a medi\u00e7\u00e3o na r\u00e9gua.\u00a0N\u00e3o se preocupe em deixar a fita ou o barbante perfeitamente esticado, al\u00e9m de ser dif\u00edcil, provavelmente ir\u00e1 mostrar uma medida um pouco maior do que a real. Cuidado, certifique-se de que voc\u00ea est\u00e1 medido, de fato, a parte do barbante que estava ao redor do seu dedo.<\/p><p>Uma outra op\u00e7\u00e3o \u00e9 utilizar fita ou barbante sem dar n\u00f3, apenas torcendo e marcando o ponto para corte e posterior medi\u00e7\u00e3o. Veja abaixo.<\/p>\t\t\t\t\t\t\t\t<\/div>\n\t\t\t\t<\/div>\n\t\t\t\t<div class=\"elementor-element elementor-element-3b0539a elementor-widget elementor-widget-image\" data-id=\"3b0539a\" data-element_type=\"widget\" data-e-type=\"widget\" data-widget_type=\"image.default\">\n\t\t\t\t<div class=\"elementor-widget-container\">\n\t\t\t\t\t\t\t\t\t\t\t\t\t\t\t<img decoding=\"async\" src=\"https:\/\/meiremendesjoias.com.br\/wp-content\/uploads\/2023\/09\/medidor-1.jpg\" title=\"\" alt=\"\" loading=\"lazy\" \/>\t\t\t\t\t\t\t\t\t\t\t\t\t\t\t<\/div>\n\t\t\t\t<\/div>\n\t\t\t\t<div class=\"elementor-element elementor-element-2504354 elementor-widget elementor-widget-text-editor\" data-id=\"2504354\" data-element_type=\"widget\" data-e-type=\"widget\" data-widget_type=\"text-editor.default\">\n\t\t\t\t<div class=\"elementor-widget-container\">\n\t\t\t\t\t\t\t\t\t<p>Anote o valor indicado na r\u00e9gua e procure o correspondente na tabela. Recomendamos que voc\u00ea repita essa opera\u00e7\u00e3o ao menos 3 vezes com barbantes e fitas diferentes de, no m\u00e1ximo, 1 cm de largura. Como j\u00e1 dito, a varia\u00e7\u00e3o de medidas ocorre em quest\u00e3o de mil\u00edmetros, por isso qualquer erro de procedimento pode acarretar em medidas diferenciadas.\u00a0Ainda est\u00e1 na d\u00favida e n\u00e3o quer errar? Lembre-se que os m\u00e9todos mais confi\u00e1veis ser\u00e3o sempre o Medidor de An\u00e9is e a Aneleira, dispon\u00edveis em qualquer joalheria.<\/p>\t\t\t\t\t\t\t\t<\/div>\n\t\t\t\t<\/div>\n\t\t\t\t<div class=\"elementor-element elementor-element-1bf8551 elementor-widget elementor-widget-image\" data-id=\"1bf8551\" data-element_type=\"widget\" data-e-type=\"widget\" data-widget_type=\"image.default\">\n\t\t\t\t<div class=\"elementor-widget-container\">\n\t\t\t\t\t\t\t\t\t\t\t\t\t\t\t<img decoding=\"async\" src=\"https:\/\/meiremendesjoias.com.br\/wp-content\/uploads\/2023\/09\/1.gif\" title=\"\" alt=\"\" loading=\"lazy\" \/>\t\t\t\t\t\t\t\t\t\t\t\t\t\t\t<\/div>\n\t\t\t\t<\/div>\n\t\t\t\t<div class=\"elementor-element elementor-element-935ab5d elementor-widget elementor-widget-text-editor\" data-id=\"935ab5d\" data-element_type=\"widget\" data-e-type=\"widget\" data-widget_type=\"text-editor.default\">\n\t\t\t\t<div class=\"elementor-widget-container\">\n\t\t\t\t\t\t\t\t\t<p><strong>DESCOBRINDO O DI\u00c2METRO INTERNO DAS ALIAN\u00c7AS<\/strong><\/p><p>\u00a0<\/p><p>Neste m\u00e9todo devemos medir somente a parte interna da alian\u00e7a, em linha reta, de uma extremidade a outra, n\u00e3o medir as bordas,\u00a0mas\u00a0somente a\u00a0extremidade\u00a0interna. Ap\u00f3s obter a medida\u00a0voc\u00ea deve utilizar a tabela abaixo para descobrir\u00a0o tamanho de sua alian\u00e7a.<\/p>\t\t\t\t\t\t\t\t<\/div>\n\t\t\t\t<\/div>\n\t\t\t\t<div class=\"elementor-element elementor-element-f652415 elementor-widget elementor-widget-image\" data-id=\"f652415\" data-element_type=\"widget\" data-e-type=\"widget\" data-widget_type=\"image.default\">\n\t\t\t\t<div class=\"elementor-widget-container\">\n\t\t\t\t\t\t\t\t\t\t\t\t\t\t\t<img decoding=\"async\" src=\"https:\/\/meiremendesjoias.com.br\/wp-content\/uploads\/2023\/09\/medidor-3.jpg\" title=\"\" alt=\"\" loading=\"lazy\" \/>\t\t\t\t\t\t\t\t\t\t\t\t\t\t\t<\/div>\n\t\t\t\t<\/div>\n\t\t\t\t\t<\/div>\n\t\t\t\t<\/div>\n\t\t\t\t<\/div>\n\t\t","protected":false},"excerpt":{"rendered":"<p>Medidor Online de Alian\u00e7as \/ An\u00e9is M\u00e9todos de como saber a numera\u00e7\u00e3o do aro (tamanho) das alian\u00e7as ou an\u00e9is \u00a0 Obter o tamanho correto do aro das alian\u00e7as \u00e9 importante para o uso adequado da joia, evitando desconfortos e at\u00e9 sua perda. Por isso, recomendamos que os m\u00e9todos sejam executados abaixo com muita precis\u00e3o, principalmente [&hellip;]<\/p>\n","protected":false},"author":1,"featured_media":0,"parent":0,"menu_order":0,"comment_status":"closed","ping_status":"closed","template":"elementor_header_footer","meta":{"footnotes":""},"class_list":["post-1932","page","type-page","status-publish","hentry"],"_links":{"self":[{"href":"https:\/\/meiremendesjoias.com.br\/novo\/wp-json\/wp\/v2\/pages\/1932","targetHints":{"allow":["GET"]}}],"collection":[{"href":"https:\/\/meiremendesjoias.com.br\/novo\/wp-json\/wp\/v2\/pages"}],"about":[{"href":"https:\/\/meiremendesjoias.com.br\/novo\/wp-json\/wp\/v2\/types\/page"}],"author":[{"embeddable":true,"href":"https:\/\/meiremendesjoias.com.br\/novo\/wp-json\/wp\/v2\/users\/1"}],"replies":[{"embeddable":true,"href":"https:\/\/meiremendesjoias.com.br\/novo\/wp-json\/wp\/v2\/comments?post=1932"}],"version-history":[{"count":0,"href":"https:\/\/meiremendesjoias.com.br\/novo\/wp-json\/wp\/v2\/pages\/1932\/revisions"}],"wp:attachment":[{"href":"https:\/\/meiremendesjoias.com.br\/novo\/wp-json\/wp\/v2\/media?parent=1932"}],"curies":[{"name":"wp","href":"https:\/\/api.w.org\/{rel}","templated":true}]}}