{"id":1940,"date":"2023-09-28T05:11:46","date_gmt":"2023-09-28T08:11:46","guid":{"rendered":"https:\/\/meiremendesjoias.com.br\/?page_id=1940"},"modified":"2024-03-07T15:42:20","modified_gmt":"2024-03-07T18:42:20","slug":"clientes-satisfeitos","status":"publish","type":"page","link":"https:\/\/meiremendesjoias.com.br\/novo\/clientes-satisfeitos\/","title":{"rendered":"Clientes Satisfeitos"},"content":{"rendered":"\t\t<div data-elementor-type=\"wp-page\" data-elementor-id=\"1940\" class=\"elementor elementor-1940\" data-elementor-post-type=\"page\">\n\t\t\t\t<div class=\"elementor-element elementor-element-9887347 e-flex e-con-boxed e-con e-parent\" data-id=\"9887347\" data-element_type=\"container\" data-e-type=\"container\">\n\t\t\t\t\t<div class=\"e-con-inner\">\n\t\t\t\t<div class=\"elementor-element elementor-element-bd21f63 elementor-widget elementor-widget-heading\" data-id=\"bd21f63\" data-element_type=\"widget\" data-e-type=\"widget\" data-widget_type=\"heading.default\">\n\t\t\t\t<div class=\"elementor-widget-container\">\n\t\t\t\t\t<h4 class=\"elementor-heading-title elementor-size-default\">Clientes Satisfeitos!<\/h4>\t\t\t\t<\/div>\n\t\t\t\t<\/div>\n\t\t\t\t<div class=\"elementor-element elementor-element-3eb19e7 elementor-widget elementor-widget-text-editor\" data-id=\"3eb19e7\" data-element_type=\"widget\" data-e-type=\"widget\" data-widget_type=\"text-editor.default\">\n\t\t\t\t<div class=\"elementor-widget-container\">\n\t\t\t\t\t\t\t\t\t<p>Estimado cliente,<\/p><p>\u00c9 com grande\u00a0satisfa\u00e7\u00e3o que agradecemos pela sua prefer\u00eancia!<\/p><p>Nossos objetivos sempre ser\u00e3o expor os melhores produtos e pre\u00e7os, sempre buscando antecipar as tend\u00eancias da moda, visitando as melhores feiras nacionais, internacionais e desenvolvendo modelagens inovadoras, complementando assim a nossa ampla linha cl\u00e1ssica e contempor\u00e2nea, de modo que possa encontrar praticamente tudo o que necessita em um s\u00f3 local.<\/p><p>Visite o nosso Instagram (@meiremjoias) e veja muito mais fotos e depoimentos de clientes satisfeitos com as suas compras!\u00a0<\/p><p>Quer ter a sua foto com a joia ou semi joia que comprou aqui em nossa loja?\u00a0<\/p><p>Envie a sua foto para contato@meiremendesjoias.com.br que teremos o prazer de public\u00e1-las!<\/p><p>Estaremos sempre \u00e0 disposi\u00e7\u00e3o.<\/p>\t\t\t\t\t\t\t\t<\/div>\n\t\t\t\t<\/div>\n\t\t\t\t<div class=\"elementor-element elementor-element-ac62164 elementor-widget elementor-widget-image\" data-id=\"ac62164\" data-element_type=\"widget\" data-e-type=\"widget\" data-widget_type=\"image.default\">\n\t\t\t\t<div class=\"elementor-widget-container\">\n\t\t\t\t\t\t\t\t\t\t\t\t\t\t\t<img decoding=\"async\" src=\"https:\/\/meiremendesjoias.com.br\/wp-content\/uploads\/2023\/09\/clientes-satisteitos.jpg\" title=\"\" alt=\"\" loading=\"lazy\" \/>\t\t\t\t\t\t\t\t\t\t\t\t\t\t\t<\/div>\n\t\t\t\t<\/div>\n\t\t\t\t\t<\/div>\n\t\t\t\t<\/div>\n\t\t\t\t<\/div>\n\t\t","protected":false},"excerpt":{"rendered":"<p>Clientes Satisfeitos! Estimado cliente, \u00c9 com grande\u00a0satisfa\u00e7\u00e3o que agradecemos pela sua prefer\u00eancia! Nossos objetivos sempre ser\u00e3o expor os melhores produtos e pre\u00e7os, sempre buscando antecipar as tend\u00eancias da moda, visitando as melhores feiras nacionais, internacionais e desenvolvendo modelagens inovadoras, complementando assim a nossa ampla linha cl\u00e1ssica e contempor\u00e2nea, de modo que possa encontrar praticamente tudo [&hellip;]<\/p>\n","protected":false},"author":1,"featured_media":0,"parent":0,"menu_order":0,"comment_status":"closed","ping_status":"closed","template":"elementor_header_footer","meta":{"footnotes":""},"class_list":["post-1940","page","type-page","status-publish","hentry"],"_links":{"self":[{"href":"https:\/\/meiremendesjoias.com.br\/novo\/wp-json\/wp\/v2\/pages\/1940","targetHints":{"allow":["GET"]}}],"collection":[{"href":"https:\/\/meiremendesjoias.com.br\/novo\/wp-json\/wp\/v2\/pages"}],"about":[{"href":"https:\/\/meiremendesjoias.com.br\/novo\/wp-json\/wp\/v2\/types\/page"}],"author":[{"embeddable":true,"href":"https:\/\/meiremendesjoias.com.br\/novo\/wp-json\/wp\/v2\/users\/1"}],"replies":[{"embeddable":true,"href":"https:\/\/meiremendesjoias.com.br\/novo\/wp-json\/wp\/v2\/comments?post=1940"}],"version-history":[{"count":9,"href":"https:\/\/meiremendesjoias.com.br\/novo\/wp-json\/wp\/v2\/pages\/1940\/revisions"}],"predecessor-version":[{"id":2205,"href":"https:\/\/meiremendesjoias.com.br\/novo\/wp-json\/wp\/v2\/pages\/1940\/revisions\/2205"}],"wp:attachment":[{"href":"https:\/\/meiremendesjoias.com.br\/novo\/wp-json\/wp\/v2\/media?parent=1940"}],"curies":[{"name":"wp","href":"https:\/\/api.w.org\/{rel}","templated":true}]}}