{"id":1945,"date":"2023-09-28T05:15:07","date_gmt":"2023-09-28T08:15:07","guid":{"rendered":"https:\/\/meiremendesjoias.com.br\/?page_id=1945"},"modified":"2023-09-28T05:15:07","modified_gmt":"2023-09-28T08:15:07","slug":"ganhadores-dos-sorteios","status":"publish","type":"page","link":"https:\/\/meiremendesjoias.com.br\/novo\/ganhadores-dos-sorteios\/","title":{"rendered":"Ganhadores dos Sorteios"},"content":{"rendered":"\t\t<div data-elementor-type=\"wp-page\" data-elementor-id=\"1945\" class=\"elementor elementor-1945\" data-elementor-post-type=\"page\">\n\t\t\t\t<div class=\"elementor-element elementor-element-9887347 e-flex e-con-boxed e-con e-parent\" data-id=\"9887347\" data-element_type=\"container\" data-e-type=\"container\">\n\t\t\t\t\t<div class=\"e-con-inner\">\n\t\t\t\t<div class=\"elementor-element elementor-element-bd21f63 elementor-widget elementor-widget-heading\" data-id=\"bd21f63\" data-element_type=\"widget\" data-e-type=\"widget\" data-widget_type=\"heading.default\">\n\t\t\t\t<div class=\"elementor-widget-container\">\n\t\t\t\t\t<h4 class=\"elementor-heading-title elementor-size-default\">Ganhadores dos Sorteios<\/h4>\t\t\t\t<\/div>\n\t\t\t\t<\/div>\n\t\t\t\t<div class=\"elementor-element elementor-element-3eb19e7 elementor-widget elementor-widget-text-editor\" data-id=\"3eb19e7\" data-element_type=\"widget\" data-e-type=\"widget\" data-widget_type=\"text-editor.default\">\n\t\t\t\t<div class=\"elementor-widget-container\">\n\t\t\t\t\t\t\t\t\t<p>Queremos agradecer imensamente \u00e0 todos pela participa\u00e7\u00e3o em nossos sorteios e parabenizar todos\u00a0os ganhadores.<\/p><p>Para os pr\u00f3ximos sorteios desejamos BOA SORTE \u00e0 todos os participantes!<\/p>\t\t\t\t\t\t\t\t<\/div>\n\t\t\t\t<\/div>\n\t\t\t\t<div class=\"elementor-element elementor-element-9f12c67 elementor-widget elementor-widget-image\" data-id=\"9f12c67\" data-element_type=\"widget\" data-e-type=\"widget\" data-widget_type=\"image.default\">\n\t\t\t\t<div class=\"elementor-widget-container\">\n\t\t\t\t\t\t\t\t\t\t\t\t\t\t\t<img decoding=\"async\" src=\"https:\/\/meiremendesjoias.com.br\/wp-content\/uploads\/2023\/09\/sorteios-meire-mendes-joias.jpg\" title=\"\" alt=\"\" loading=\"lazy\" \/>\t\t\t\t\t\t\t\t\t\t\t\t\t\t\t<\/div>\n\t\t\t\t<\/div>\n\t\t\t\t\t<\/div>\n\t\t\t\t<\/div>\n\t\t\t\t<\/div>\n\t\t","protected":false},"excerpt":{"rendered":"<p>Ganhadores dos Sorteios Queremos agradecer imensamente \u00e0 todos pela participa\u00e7\u00e3o em nossos sorteios e parabenizar todos\u00a0os ganhadores. Para os pr\u00f3ximos sorteios desejamos BOA SORTE \u00e0 todos os participantes!<\/p>\n","protected":false},"author":1,"featured_media":0,"parent":0,"menu_order":0,"comment_status":"closed","ping_status":"closed","template":"elementor_header_footer","meta":{"footnotes":""},"class_list":["post-1945","page","type-page","status-publish","hentry"],"_links":{"self":[{"href":"https:\/\/meiremendesjoias.com.br\/novo\/wp-json\/wp\/v2\/pages\/1945","targetHints":{"allow":["GET"]}}],"collection":[{"href":"https:\/\/meiremendesjoias.com.br\/novo\/wp-json\/wp\/v2\/pages"}],"about":[{"href":"https:\/\/meiremendesjoias.com.br\/novo\/wp-json\/wp\/v2\/types\/page"}],"author":[{"embeddable":true,"href":"https:\/\/meiremendesjoias.com.br\/novo\/wp-json\/wp\/v2\/users\/1"}],"replies":[{"embeddable":true,"href":"https:\/\/meiremendesjoias.com.br\/novo\/wp-json\/wp\/v2\/comments?post=1945"}],"version-history":[{"count":0,"href":"https:\/\/meiremendesjoias.com.br\/novo\/wp-json\/wp\/v2\/pages\/1945\/revisions"}],"wp:attachment":[{"href":"https:\/\/meiremendesjoias.com.br\/novo\/wp-json\/wp\/v2\/media?parent=1945"}],"curies":[{"name":"wp","href":"https:\/\/api.w.org\/{rel}","templated":true}]}}