{"id":1163,"date":"2023-11-30T17:50:48","date_gmt":"2023-11-30T20:50:48","guid":{"rendered":"https:\/\/meiremendesjoias.com.br\/novo\/?post_type=product&#038;p=1163"},"modified":"2023-12-08T11:08:50","modified_gmt":"2023-12-08T14:08:50","slug":"berloque-separador-zirconia-turquesa","status":"publish","type":"product","link":"https:\/\/meiremendesjoias.com.br\/novo\/produto\/berloque-separador-zirconia-turquesa\/","title":{"rendered":"Berloque Separador Zirc\u00f4nia Turquesa"},"content":{"rendered":"<p>Berloque separador Vivara e Pandora Inspired, banhado a r\u00f3dio e com zirc\u00f4nias turquesa.<\/p>\n","protected":false},"excerpt":{"rendered":"<p>Berloque separador Vivara e Pandora Inspired, banhado a r\u00f3dio e com zirc\u00f4nias turquesa.<\/p>\n","protected":false},"featured_media":1193,"comment_status":"open","ping_status":"closed","template":"","meta":[],"product_brand":[],"product_cat":[220],"product_tag":[487,488,483,59,489,400,224,151,608,42],"class_list":{"0":"post-1163","1":"product","2":"type-product","3":"status-publish","4":"has-post-thumbnail","6":"product_cat-pingentes","7":"product_tag-banhado","8":"product_tag-berloques","9":"product_tag-charms","10":"product_tag-garantia","11":"product_tag-life-vivara-inspired","12":"product_tag-pandora-inspired","13":"product_tag-pingentes","14":"product_tag-pulseira","15":"product_tag-separador","16":"product_tag-zirconias","18":"first","19":"instock","20":"shipping-taxable","21":"purchasable","22":"product-type-simple"},"_links":{"self":[{"href":"https:\/\/meiremendesjoias.com.br\/novo\/wp-json\/wp\/v2\/product\/1163","targetHints":{"allow":["GET"]}}],"collection":[{"href":"https:\/\/meiremendesjoias.com.br\/novo\/wp-json\/wp\/v2\/product"}],"about":[{"href":"https:\/\/meiremendesjoias.com.br\/novo\/wp-json\/wp\/v2\/types\/product"}],"replies":[{"embeddable":true,"href":"https:\/\/meiremendesjoias.com.br\/novo\/wp-json\/wp\/v2\/comments?post=1163"}],"wp:featuredmedia":[{"embeddable":true,"href":"https:\/\/meiremendesjoias.com.br\/novo\/wp-json\/wp\/v2\/media\/1193"}],"wp:attachment":[{"href":"https:\/\/meiremendesjoias.com.br\/novo\/wp-json\/wp\/v2\/media?parent=1163"}],"wp:term":[{"taxonomy":"product_brand","embeddable":true,"href":"https:\/\/meiremendesjoias.com.br\/novo\/wp-json\/wp\/v2\/product_brand?post=1163"},{"taxonomy":"product_cat","embeddable":true,"href":"https:\/\/meiremendesjoias.com.br\/novo\/wp-json\/wp\/v2\/product_cat?post=1163"},{"taxonomy":"product_tag","embeddable":true,"href":"https:\/\/meiremendesjoias.com.br\/novo\/wp-json\/wp\/v2\/product_tag?post=1163"}],"curies":[{"name":"wp","href":"https:\/\/api.w.org\/{rel}","templated":true}]}}