{"id":118,"date":"2023-11-30T17:42:03","date_gmt":"2023-11-30T20:42:03","guid":{"rendered":"https:\/\/meiremendesjoias.com.br\/novo\/?post_type=product&#038;p=118"},"modified":"2023-12-06T16:52:22","modified_gmt":"2023-12-06T19:52:22","slug":"alianca-prata-925-com-coracao-na-feminina","status":"publish","type":"product","link":"https:\/\/meiremendesjoias.com.br\/novo\/produto\/alianca-prata-925-com-coracao-na-feminina\/","title":{"rendered":"Alian\u00e7a Prata 925 Com Cora\u00e7\u00e3o Na Feminina"},"content":{"rendered":"<p>Par de alian\u00e7a em prata 950, tradicional, abaulada internamente, diamantada, com os cantos lisos e polidos. Na feminina um cora\u00e7\u00e3o vazado e uma zirc\u00f4nia de cada lado.<br \/>\nLargura: 7 mm<br \/>\nPrazo de fabrica\u00e7\u00e3o: 30 dias, podendo ocorrer antes.<\/p>\n","protected":false},"excerpt":{"rendered":"<p>Par de alian\u00e7a em prata 950, tradicional, abaulada internamente, diamantada, com os cantos lisos e polidos. Na feminina um cora\u00e7\u00e3o vazado e uma zirc\u00f4nia de cada lado.<br \/>\nLargura: 7 mm<br \/>\nPrazo de fabrica\u00e7\u00e3o: 30 dias, podendo ocorrer antes.<\/p>\n","protected":false},"featured_media":153,"comment_status":"open","ping_status":"closed","template":"","meta":[],"product_brand":[],"product_cat":[108],"product_tag":[25,110,82,117,29,84,76,113,24,42],"class_list":{"0":"post-118","1":"product","2":"type-product","3":"status-publish","4":"has-post-thumbnail","6":"product_cat-aliancas","7":"product_tag-alianca","8":"product_tag-aliancas","9":"product_tag-casamento","10":"product_tag-compromisso","11":"product_tag-coracao","12":"product_tag-namoro","13":"product_tag-noivado","14":"product_tag-polida","15":"product_tag-prata-925","16":"product_tag-zirconias","18":"first","19":"outofstock","20":"shipping-taxable","21":"product-type-simple"},"_links":{"self":[{"href":"https:\/\/meiremendesjoias.com.br\/novo\/wp-json\/wp\/v2\/product\/118","targetHints":{"allow":["GET"]}}],"collection":[{"href":"https:\/\/meiremendesjoias.com.br\/novo\/wp-json\/wp\/v2\/product"}],"about":[{"href":"https:\/\/meiremendesjoias.com.br\/novo\/wp-json\/wp\/v2\/types\/product"}],"replies":[{"embeddable":true,"href":"https:\/\/meiremendesjoias.com.br\/novo\/wp-json\/wp\/v2\/comments?post=118"}],"wp:featuredmedia":[{"embeddable":true,"href":"https:\/\/meiremendesjoias.com.br\/novo\/wp-json\/wp\/v2\/media\/153"}],"wp:attachment":[{"href":"https:\/\/meiremendesjoias.com.br\/novo\/wp-json\/wp\/v2\/media?parent=118"}],"wp:term":[{"taxonomy":"product_brand","embeddable":true,"href":"https:\/\/meiremendesjoias.com.br\/novo\/wp-json\/wp\/v2\/product_brand?post=118"},{"taxonomy":"product_cat","embeddable":true,"href":"https:\/\/meiremendesjoias.com.br\/novo\/wp-json\/wp\/v2\/product_cat?post=118"},{"taxonomy":"product_tag","embeddable":true,"href":"https:\/\/meiremendesjoias.com.br\/novo\/wp-json\/wp\/v2\/product_tag?post=118"}],"curies":[{"name":"wp","href":"https:\/\/api.w.org\/{rel}","templated":true}]}}