{"id":120,"date":"2023-11-30T17:42:03","date_gmt":"2023-11-30T20:42:03","guid":{"rendered":"https:\/\/meiremendesjoias.com.br\/novo\/?post_type=product&#038;p=120"},"modified":"2023-12-06T16:52:23","modified_gmt":"2023-12-06T19:52:23","slug":"alianca-ouro-18-k-com-zirconias-na-feminina","status":"publish","type":"product","link":"https:\/\/meiremendesjoias.com.br\/novo\/produto\/alianca-ouro-18-k-com-zirconias-na-feminina\/","title":{"rendered":"Alian\u00e7a Ouro 18 k Com Zirc\u00f4nias Na Feminina"},"content":{"rendered":"<p>Par de alian\u00e7a em ouro amarelo 18 k, reta, abaulada internamente. Na feminina tem sete zirc\u00f4nias. Podemos fabricar com diamantes e tamb\u00e9m em outros aros. Entre em contato para consultar o valor.<br \/>\nLargura: 7 mm<br \/>\nPeso: 22 gramas o par aproximadamente.<br \/>\nPrazo de fabrica\u00e7\u00e3o: 30 dias, podendo ocorrer antes.<\/p>\n","protected":false},"excerpt":{"rendered":"<p>Par de alian\u00e7a em ouro amarelo 18 k, reta, abaulada internamente. Na feminina tem sete zirc\u00f4nias. Podemos fabricar com diamantes e tamb\u00e9m em outros aros. Entre em contato para consultar o valor.<br \/>\nLargura: 7 mm<br \/>\nPeso: 22 gramas o par aproximadamente.<br \/>\nPrazo de fabrica\u00e7\u00e3o: 30 dias, podendo ocorrer antes.<\/p>\n","protected":false},"featured_media":155,"comment_status":"open","ping_status":"closed","template":"","meta":[],"product_brand":[],"product_cat":[108],"product_tag":[109,25,110,82,117,83,84,85,76,60,78],"class_list":{"0":"post-120","1":"product","2":"type-product","3":"status-publish","4":"has-post-thumbnail","6":"product_cat-aliancas","7":"product_tag-abaulada","8":"product_tag-alianca","9":"product_tag-aliancas","10":"product_tag-casamento","11":"product_tag-compromisso","12":"product_tag-diamante","13":"product_tag-namoro","14":"product_tag-noiva","15":"product_tag-noivado","16":"product_tag-ouro-18-k","17":"product_tag-zirconia","19":"first","20":"outofstock","21":"shipping-taxable","22":"product-type-simple"},"_links":{"self":[{"href":"https:\/\/meiremendesjoias.com.br\/novo\/wp-json\/wp\/v2\/product\/120","targetHints":{"allow":["GET"]}}],"collection":[{"href":"https:\/\/meiremendesjoias.com.br\/novo\/wp-json\/wp\/v2\/product"}],"about":[{"href":"https:\/\/meiremendesjoias.com.br\/novo\/wp-json\/wp\/v2\/types\/product"}],"replies":[{"embeddable":true,"href":"https:\/\/meiremendesjoias.com.br\/novo\/wp-json\/wp\/v2\/comments?post=120"}],"wp:featuredmedia":[{"embeddable":true,"href":"https:\/\/meiremendesjoias.com.br\/novo\/wp-json\/wp\/v2\/media\/155"}],"wp:attachment":[{"href":"https:\/\/meiremendesjoias.com.br\/novo\/wp-json\/wp\/v2\/media?parent=120"}],"wp:term":[{"taxonomy":"product_brand","embeddable":true,"href":"https:\/\/meiremendesjoias.com.br\/novo\/wp-json\/wp\/v2\/product_brand?post=120"},{"taxonomy":"product_cat","embeddable":true,"href":"https:\/\/meiremendesjoias.com.br\/novo\/wp-json\/wp\/v2\/product_cat?post=120"},{"taxonomy":"product_tag","embeddable":true,"href":"https:\/\/meiremendesjoias.com.br\/novo\/wp-json\/wp\/v2\/product_tag?post=120"}],"curies":[{"name":"wp","href":"https:\/\/api.w.org\/{rel}","templated":true}]}}