{"id":1206,"date":"2023-11-30T17:51:11","date_gmt":"2023-11-30T20:51:11","guid":{"rendered":"https:\/\/meiremendesjoias.com.br\/novo\/?post_type=product&#038;p=1206"},"modified":"2023-12-08T15:49:59","modified_gmt":"2023-12-08T18:49:59","slug":"pingente-mao-de-fatima-hamsa-estrela-de-davi-ouro-18-k","status":"publish","type":"product","link":"https:\/\/meiremendesjoias.com.br\/novo\/produto\/pingente-mao-de-fatima-hamsa-estrela-de-davi-ouro-18-k\/","title":{"rendered":"Pingente M\u00e3o de F\u00e1tima Hamsa Estrela de Davi Ouro 18 k"},"content":{"rendered":"<p>Pingente m\u00e3o de f\u00e1tima com estrela de davi, vazado, em ouro amarelo 18 k.<\/p>\n<p>Tamanho: 1,3 cm de largura x 2,1 cm de altura<\/p>\n","protected":false},"excerpt":{"rendered":"<p>Pingente m\u00e3o de f\u00e1tima com estrela de davi, vazado, em ouro amarelo 18 k.<\/p>\n<p>Tamanho: 1,3 cm de largura x 2,1 cm de altura<\/p>\n","protected":false},"featured_media":1257,"comment_status":"open","ping_status":"closed","template":"","meta":[],"product_brand":[],"product_cat":[220],"product_tag":[44,59,223,537,60,182,107],"class_list":{"0":"post-1206","1":"product","2":"type-product","3":"status-publish","4":"has-post-thumbnail","6":"product_cat-pingentes","7":"product_tag-estrela-de-davi","8":"product_tag-garantia","9":"product_tag-hamsa","10":"product_tag-mao-de-fatima","11":"product_tag-ouro-18-k","12":"product_tag-pingente","13":"product_tag-religioso","15":"first","16":"instock","17":"shipping-taxable","18":"purchasable","19":"product-type-simple"},"_links":{"self":[{"href":"https:\/\/meiremendesjoias.com.br\/novo\/wp-json\/wp\/v2\/product\/1206","targetHints":{"allow":["GET"]}}],"collection":[{"href":"https:\/\/meiremendesjoias.com.br\/novo\/wp-json\/wp\/v2\/product"}],"about":[{"href":"https:\/\/meiremendesjoias.com.br\/novo\/wp-json\/wp\/v2\/types\/product"}],"replies":[{"embeddable":true,"href":"https:\/\/meiremendesjoias.com.br\/novo\/wp-json\/wp\/v2\/comments?post=1206"}],"wp:featuredmedia":[{"embeddable":true,"href":"https:\/\/meiremendesjoias.com.br\/novo\/wp-json\/wp\/v2\/media\/1257"}],"wp:attachment":[{"href":"https:\/\/meiremendesjoias.com.br\/novo\/wp-json\/wp\/v2\/media?parent=1206"}],"wp:term":[{"taxonomy":"product_brand","embeddable":true,"href":"https:\/\/meiremendesjoias.com.br\/novo\/wp-json\/wp\/v2\/product_brand?post=1206"},{"taxonomy":"product_cat","embeddable":true,"href":"https:\/\/meiremendesjoias.com.br\/novo\/wp-json\/wp\/v2\/product_cat?post=1206"},{"taxonomy":"product_tag","embeddable":true,"href":"https:\/\/meiremendesjoias.com.br\/novo\/wp-json\/wp\/v2\/product_tag?post=1206"}],"curies":[{"name":"wp","href":"https:\/\/api.w.org\/{rel}","templated":true}]}}