{"id":121,"date":"2023-11-30T17:42:03","date_gmt":"2023-11-30T20:42:03","guid":{"rendered":"https:\/\/meiremendesjoias.com.br\/novo\/?post_type=product&#038;p=121"},"modified":"2023-12-06T16:52:23","modified_gmt":"2023-12-06T19:52:23","slug":"alianca-ouro-18-k","status":"publish","type":"product","link":"https:\/\/meiremendesjoias.com.br\/novo\/produto\/alianca-ouro-18-k\/","title":{"rendered":"Alian\u00e7a Ouro 18 k"},"content":{"rendered":"<p>Par de alian\u00e7a de ouro 18 k, anat\u00f4mica, polida e quadrada.<br \/>\nLargura: 10 mm<br \/>\nEspessura: 1,6 mm<br \/>\nPeso m\u00e9dio: 22 gramas o par<\/p>\n<p>Prazo de fabrica\u00e7\u00e3o: 30 dias, podendo ocorrer antes.<\/p>\n","protected":false},"excerpt":{"rendered":"<p>Par de alian\u00e7a de ouro 18 k, anat\u00f4mica, polida e quadrada.<br \/>\nLargura: 10 mm<br \/>\nEspessura: 1,6 mm<br \/>\nPeso m\u00e9dio: 22 gramas o par<\/p>\n<p>Prazo de fabrica\u00e7\u00e3o: 30 dias, podendo ocorrer antes.<\/p>\n","protected":false},"featured_media":156,"comment_status":"open","ping_status":"closed","template":"","meta":[],"product_brand":[],"product_cat":[108],"product_tag":[25,111,82,59,85,76,67,113,119],"class_list":{"0":"post-121","1":"product","2":"type-product","3":"status-publish","4":"has-post-thumbnail","6":"product_cat-aliancas","7":"product_tag-alianca","8":"product_tag-anatomica","9":"product_tag-casamento","10":"product_tag-garantia","11":"product_tag-noiva","12":"product_tag-noivado","13":"product_tag-ouro-18k","14":"product_tag-polida","15":"product_tag-quadrada","17":"first","18":"outofstock","19":"shipping-taxable","20":"product-type-simple"},"_links":{"self":[{"href":"https:\/\/meiremendesjoias.com.br\/novo\/wp-json\/wp\/v2\/product\/121","targetHints":{"allow":["GET"]}}],"collection":[{"href":"https:\/\/meiremendesjoias.com.br\/novo\/wp-json\/wp\/v2\/product"}],"about":[{"href":"https:\/\/meiremendesjoias.com.br\/novo\/wp-json\/wp\/v2\/types\/product"}],"replies":[{"embeddable":true,"href":"https:\/\/meiremendesjoias.com.br\/novo\/wp-json\/wp\/v2\/comments?post=121"}],"wp:featuredmedia":[{"embeddable":true,"href":"https:\/\/meiremendesjoias.com.br\/novo\/wp-json\/wp\/v2\/media\/156"}],"wp:attachment":[{"href":"https:\/\/meiremendesjoias.com.br\/novo\/wp-json\/wp\/v2\/media?parent=121"}],"wp:term":[{"taxonomy":"product_brand","embeddable":true,"href":"https:\/\/meiremendesjoias.com.br\/novo\/wp-json\/wp\/v2\/product_brand?post=121"},{"taxonomy":"product_cat","embeddable":true,"href":"https:\/\/meiremendesjoias.com.br\/novo\/wp-json\/wp\/v2\/product_cat?post=121"},{"taxonomy":"product_tag","embeddable":true,"href":"https:\/\/meiremendesjoias.com.br\/novo\/wp-json\/wp\/v2\/product_tag?post=121"}],"curies":[{"name":"wp","href":"https:\/\/api.w.org\/{rel}","templated":true}]}}