{"id":1212,"date":"2023-11-30T17:51:11","date_gmt":"2023-11-30T20:51:11","guid":{"rendered":"https:\/\/meiremendesjoias.com.br\/novo\/?post_type=product&#038;p=1212"},"modified":"2023-12-08T15:51:22","modified_gmt":"2023-12-08T18:51:22","slug":"brinco-perola-rose-gold","status":"publish","type":"product","link":"https:\/\/meiremendesjoias.com.br\/novo\/produto\/brinco-perola-rose-gold\/","title":{"rendered":"Brinco P\u00e9rola Ros\u00ea Gold"},"content":{"rendered":"","protected":false},"excerpt":{"rendered":"<p>Brinco p\u00e9rola ros\u00ea golg, com o pino e tarracha banhados a ouro amarelo 18 k.<\/p>\n<p>P\u00e9rola: 10 mil\u00edmetros de di\u00e2metro<\/p>\n","protected":false},"featured_media":1263,"comment_status":"open","ping_status":"closed","template":"","meta":[],"product_brand":[],"product_cat":[153],"product_tag":[155,156,177],"class_list":{"0":"post-1212","1":"product","2":"type-product","3":"status-publish","4":"has-post-thumbnail","6":"product_cat-brincos","7":"product_tag-banhado-a-ouro-18-k","8":"product_tag-brinco","9":"product_tag-perola","11":"first","12":"instock","13":"shipping-taxable","14":"purchasable","15":"product-type-simple"},"_links":{"self":[{"href":"https:\/\/meiremendesjoias.com.br\/novo\/wp-json\/wp\/v2\/product\/1212","targetHints":{"allow":["GET"]}}],"collection":[{"href":"https:\/\/meiremendesjoias.com.br\/novo\/wp-json\/wp\/v2\/product"}],"about":[{"href":"https:\/\/meiremendesjoias.com.br\/novo\/wp-json\/wp\/v2\/types\/product"}],"replies":[{"embeddable":true,"href":"https:\/\/meiremendesjoias.com.br\/novo\/wp-json\/wp\/v2\/comments?post=1212"}],"wp:featuredmedia":[{"embeddable":true,"href":"https:\/\/meiremendesjoias.com.br\/novo\/wp-json\/wp\/v2\/media\/1263"}],"wp:attachment":[{"href":"https:\/\/meiremendesjoias.com.br\/novo\/wp-json\/wp\/v2\/media?parent=1212"}],"wp:term":[{"taxonomy":"product_brand","embeddable":true,"href":"https:\/\/meiremendesjoias.com.br\/novo\/wp-json\/wp\/v2\/product_brand?post=1212"},{"taxonomy":"product_cat","embeddable":true,"href":"https:\/\/meiremendesjoias.com.br\/novo\/wp-json\/wp\/v2\/product_cat?post=1212"},{"taxonomy":"product_tag","embeddable":true,"href":"https:\/\/meiremendesjoias.com.br\/novo\/wp-json\/wp\/v2\/product_tag?post=1212"}],"curies":[{"name":"wp","href":"https:\/\/api.w.org\/{rel}","templated":true}]}}