{"id":123,"date":"2023-11-30T17:42:04","date_gmt":"2023-11-30T20:42:04","guid":{"rendered":"https:\/\/meiremendesjoias.com.br\/novo\/?post_type=product&#038;p=123"},"modified":"2023-12-06T16:52:22","modified_gmt":"2023-12-06T19:52:22","slug":"alianca-ouro-18-k-trancado-diamantes","status":"publish","type":"product","link":"https:\/\/meiremendesjoias.com.br\/novo\/produto\/alianca-ouro-18-k-trancado-diamantes\/","title":{"rendered":"Alian\u00e7a Ouro 18 k Tran\u00e7ado Diamantes"},"content":{"rendered":"<p>Par de alian\u00e7as de ouro amarelo 18 k, modelo tran\u00e7ado com acabamento polido, com friso e cravejado com 27 diamantes de um ponto cada.<br \/>\nLargura: 6 mm<br \/>\nPeso m\u00e9dio: 12 gramas o par<br \/>\nPrazo de fabrica\u00e7\u00e3o: de 30 dias, podendo ocorrer antes.<\/p>\n","protected":false},"excerpt":{"rendered":"<p>Par de alian\u00e7as de ouro amarelo 18 k, modelo tran\u00e7ado com acabamento polido, com friso e cravejado com 27 diamantes de um ponto cada.<br \/>\nLargura: 6 mm<br \/>\nPeso m\u00e9dio: 12 gramas o par<br \/>\nPrazo de fabrica\u00e7\u00e3o: de 30 dias, podendo ocorrer antes.<\/p>\n","protected":false},"featured_media":158,"comment_status":"open","ping_status":"closed","template":"","meta":[],"product_brand":[],"product_cat":[108],"product_tag":[25,110,82,117,140,76,86,141],"class_list":{"0":"post-123","1":"product","2":"type-product","3":"status-publish","4":"has-post-thumbnail","6":"product_cat-aliancas","7":"product_tag-alianca","8":"product_tag-aliancas","9":"product_tag-casamento","10":"product_tag-compromisso","11":"product_tag-diamantes","12":"product_tag-noivado","13":"product_tag-ouro-amarelo-18-k","14":"product_tag-trancado","16":"first","17":"outofstock","18":"shipping-taxable","19":"product-type-simple"},"_links":{"self":[{"href":"https:\/\/meiremendesjoias.com.br\/novo\/wp-json\/wp\/v2\/product\/123","targetHints":{"allow":["GET"]}}],"collection":[{"href":"https:\/\/meiremendesjoias.com.br\/novo\/wp-json\/wp\/v2\/product"}],"about":[{"href":"https:\/\/meiremendesjoias.com.br\/novo\/wp-json\/wp\/v2\/types\/product"}],"replies":[{"embeddable":true,"href":"https:\/\/meiremendesjoias.com.br\/novo\/wp-json\/wp\/v2\/comments?post=123"}],"wp:featuredmedia":[{"embeddable":true,"href":"https:\/\/meiremendesjoias.com.br\/novo\/wp-json\/wp\/v2\/media\/158"}],"wp:attachment":[{"href":"https:\/\/meiremendesjoias.com.br\/novo\/wp-json\/wp\/v2\/media?parent=123"}],"wp:term":[{"taxonomy":"product_brand","embeddable":true,"href":"https:\/\/meiremendesjoias.com.br\/novo\/wp-json\/wp\/v2\/product_brand?post=123"},{"taxonomy":"product_cat","embeddable":true,"href":"https:\/\/meiremendesjoias.com.br\/novo\/wp-json\/wp\/v2\/product_cat?post=123"},{"taxonomy":"product_tag","embeddable":true,"href":"https:\/\/meiremendesjoias.com.br\/novo\/wp-json\/wp\/v2\/product_tag?post=123"}],"curies":[{"name":"wp","href":"https:\/\/api.w.org\/{rel}","templated":true}]}}