{"id":1237,"date":"2023-11-30T17:51:31","date_gmt":"2023-11-30T20:51:31","guid":{"rendered":"https:\/\/meiremendesjoias.com.br\/novo\/?post_type=product&#038;p=1237"},"modified":"2023-12-08T15:43:11","modified_gmt":"2023-12-08T18:43:11","slug":"colar-elo-portugues-borboleta-2","status":"publish","type":"product","link":"https:\/\/meiremendesjoias.com.br\/novo\/produto\/colar-elo-portugues-borboleta-2\/","title":{"rendered":"Colar Elo Portugu\u00eas Borboleta"},"content":{"rendered":"","protected":false},"excerpt":{"rendered":"<p>Colar elo portugu\u00eas banhado a ouro amarelo 18 k, com pingente de borboleta toda cravejada de zirc\u00f4nias brancas.<br \/>\nComprimento: 47 cm em m\u00e9dia.<br \/>\nBorboleta: 4,8 cm de largura x 4,8 cm de altura, em m\u00e9dia.<\/p>\n","protected":false},"featured_media":1272,"comment_status":"open","ping_status":"closed","template":"","meta":[],"product_brand":[],"product_cat":[170],"product_tag":[185,37,172,413,186,237,42],"class_list":{"0":"post-1237","1":"product","2":"type-product","3":"status-publish","4":"has-post-thumbnail","6":"product_cat-colares","7":"product_tag-banhada-a-ouro-amarelo-18-k","8":"product_tag-borboleta","9":"product_tag-colar","10":"product_tag-elo-portugues","11":"product_tag-gargantilha","12":"product_tag-rainbow","13":"product_tag-zirconias","15":"first","16":"instock","17":"shipping-taxable","18":"purchasable","19":"product-type-simple"},"_links":{"self":[{"href":"https:\/\/meiremendesjoias.com.br\/novo\/wp-json\/wp\/v2\/product\/1237","targetHints":{"allow":["GET"]}}],"collection":[{"href":"https:\/\/meiremendesjoias.com.br\/novo\/wp-json\/wp\/v2\/product"}],"about":[{"href":"https:\/\/meiremendesjoias.com.br\/novo\/wp-json\/wp\/v2\/types\/product"}],"replies":[{"embeddable":true,"href":"https:\/\/meiremendesjoias.com.br\/novo\/wp-json\/wp\/v2\/comments?post=1237"}],"wp:featuredmedia":[{"embeddable":true,"href":"https:\/\/meiremendesjoias.com.br\/novo\/wp-json\/wp\/v2\/media\/1272"}],"wp:attachment":[{"href":"https:\/\/meiremendesjoias.com.br\/novo\/wp-json\/wp\/v2\/media?parent=1237"}],"wp:term":[{"taxonomy":"product_brand","embeddable":true,"href":"https:\/\/meiremendesjoias.com.br\/novo\/wp-json\/wp\/v2\/product_brand?post=1237"},{"taxonomy":"product_cat","embeddable":true,"href":"https:\/\/meiremendesjoias.com.br\/novo\/wp-json\/wp\/v2\/product_cat?post=1237"},{"taxonomy":"product_tag","embeddable":true,"href":"https:\/\/meiremendesjoias.com.br\/novo\/wp-json\/wp\/v2\/product_tag?post=1237"}],"curies":[{"name":"wp","href":"https:\/\/api.w.org\/{rel}","templated":true}]}}