{"id":1248,"date":"2023-11-30T17:51:32","date_gmt":"2023-11-30T20:51:32","guid":{"rendered":"https:\/\/meiremendesjoias.com.br\/novo\/?post_type=product&#038;p=1248"},"modified":"2023-12-08T15:38:22","modified_gmt":"2023-12-08T18:38:22","slug":"conjunto-folha-zirconia-agua-marinha","status":"publish","type":"product","link":"https:\/\/meiremendesjoias.com.br\/novo\/produto\/conjunto-folha-zirconia-agua-marinha\/","title":{"rendered":"Conjunto Folha Zirc\u00f4nia \u00c1gua Marinha"},"content":{"rendered":"","protected":false},"excerpt":{"rendered":"<p>Conjunto de brinco e gargantilha com folha de zirc\u00f4nia \u00e1gua marinha e micro crava\u00e7\u00e3o de zirc\u00f4nias a volta toda, banhados a r\u00f3dio.<\/p>\n<p>Folha: 2,3 cm de largura x 2,5 cm de altura<\/p>\n<p>Gargantilha: 70 cm de comprimento, ajust\u00e1vel.<\/p>\n","protected":false},"featured_media":1298,"comment_status":"open","ping_status":"closed","template":"","meta":[],"product_brand":[],"product_cat":[315],"product_tag":[166,74,22,156,175,316,173,266,41,215,450,78,52],"class_list":{"0":"post-1248","1":"product","2":"type-product","3":"status-publish","4":"has-post-thumbnail","6":"product_cat-conjuntos","7":"product_tag-agua-marinha","8":"product_tag-ajustavel","9":"product_tag-banhado-a-rodio","10":"product_tag-brinco","11":"product_tag-colares","12":"product_tag-conjunto","13":"product_tag-folha","14":"product_tag-folhas","15":"product_tag-micro-cravacao","16":"product_tag-micro-zirconias","17":"product_tag-pingente-folha","18":"product_tag-zirconia","19":"product_tag-zirconia-azul","21":"first","22":"instock","23":"shipping-taxable","24":"purchasable","25":"product-type-simple"},"_links":{"self":[{"href":"https:\/\/meiremendesjoias.com.br\/novo\/wp-json\/wp\/v2\/product\/1248","targetHints":{"allow":["GET"]}}],"collection":[{"href":"https:\/\/meiremendesjoias.com.br\/novo\/wp-json\/wp\/v2\/product"}],"about":[{"href":"https:\/\/meiremendesjoias.com.br\/novo\/wp-json\/wp\/v2\/types\/product"}],"replies":[{"embeddable":true,"href":"https:\/\/meiremendesjoias.com.br\/novo\/wp-json\/wp\/v2\/comments?post=1248"}],"wp:featuredmedia":[{"embeddable":true,"href":"https:\/\/meiremendesjoias.com.br\/novo\/wp-json\/wp\/v2\/media\/1298"}],"wp:attachment":[{"href":"https:\/\/meiremendesjoias.com.br\/novo\/wp-json\/wp\/v2\/media?parent=1248"}],"wp:term":[{"taxonomy":"product_brand","embeddable":true,"href":"https:\/\/meiremendesjoias.com.br\/novo\/wp-json\/wp\/v2\/product_brand?post=1248"},{"taxonomy":"product_cat","embeddable":true,"href":"https:\/\/meiremendesjoias.com.br\/novo\/wp-json\/wp\/v2\/product_cat?post=1248"},{"taxonomy":"product_tag","embeddable":true,"href":"https:\/\/meiremendesjoias.com.br\/novo\/wp-json\/wp\/v2\/product_tag?post=1248"}],"curies":[{"name":"wp","href":"https:\/\/api.w.org\/{rel}","templated":true}]}}