{"id":1256,"date":"2023-11-30T17:51:32","date_gmt":"2023-11-30T20:51:32","guid":{"rendered":"https:\/\/meiremendesjoias.com.br\/novo\/?post_type=product&#038;p=1256"},"modified":"2023-12-08T15:41:11","modified_gmt":"2023-12-08T18:41:11","slug":"gargantilha-tres-trevos-pedra-malaquita-prata-925","status":"publish","type":"product","link":"https:\/\/meiremendesjoias.com.br\/novo\/produto\/gargantilha-tres-trevos-pedra-malaquita-prata-925\/","title":{"rendered":"Gargantilha Tr\u00eas Trevos Pedra Malaquita Prata 925"},"content":{"rendered":"","protected":false},"excerpt":{"rendered":"<p>Gargantilha de prata 925, banhado a r\u00f3dio e com tr\u00eas trevos de pedra malaquita, cravejado de micro zirc\u00f4nias a volta toda.<\/p>\n<p>Comprimento: 41 cm, mais extensor que chega at\u00e9 45 cm.<\/p>\n<p>Trevo maior: 1,5 de largura x 1,5 cm de altura<\/p>\n","protected":false},"featured_media":1315,"comment_status":"open","ping_status":"closed","template":"","meta":[],"product_brand":[],"product_cat":[170],"product_tag":[22,172,175,186,423,636,41,215,406,192,24,225,42],"class_list":{"0":"post-1256","1":"product","2":"type-product","3":"status-publish","4":"has-post-thumbnail","6":"product_cat-colares","7":"product_tag-banhado-a-rodio","8":"product_tag-colar","9":"product_tag-colares","10":"product_tag-gargantilha","11":"product_tag-inspiracao","12":"product_tag-malaquita","13":"product_tag-micro-cravacao","14":"product_tag-micro-zirconias","15":"product_tag-pedras","16":"product_tag-pedras-naturais","17":"product_tag-prata-925","18":"product_tag-trevo","19":"product_tag-zirconias","21":"first","22":"instock","23":"shipping-taxable","24":"purchasable","25":"product-type-simple"},"_links":{"self":[{"href":"https:\/\/meiremendesjoias.com.br\/novo\/wp-json\/wp\/v2\/product\/1256","targetHints":{"allow":["GET"]}}],"collection":[{"href":"https:\/\/meiremendesjoias.com.br\/novo\/wp-json\/wp\/v2\/product"}],"about":[{"href":"https:\/\/meiremendesjoias.com.br\/novo\/wp-json\/wp\/v2\/types\/product"}],"replies":[{"embeddable":true,"href":"https:\/\/meiremendesjoias.com.br\/novo\/wp-json\/wp\/v2\/comments?post=1256"}],"wp:featuredmedia":[{"embeddable":true,"href":"https:\/\/meiremendesjoias.com.br\/novo\/wp-json\/wp\/v2\/media\/1315"}],"wp:attachment":[{"href":"https:\/\/meiremendesjoias.com.br\/novo\/wp-json\/wp\/v2\/media?parent=1256"}],"wp:term":[{"taxonomy":"product_brand","embeddable":true,"href":"https:\/\/meiremendesjoias.com.br\/novo\/wp-json\/wp\/v2\/product_brand?post=1256"},{"taxonomy":"product_cat","embeddable":true,"href":"https:\/\/meiremendesjoias.com.br\/novo\/wp-json\/wp\/v2\/product_cat?post=1256"},{"taxonomy":"product_tag","embeddable":true,"href":"https:\/\/meiremendesjoias.com.br\/novo\/wp-json\/wp\/v2\/product_tag?post=1256"}],"curies":[{"name":"wp","href":"https:\/\/api.w.org\/{rel}","templated":true}]}}