{"id":126,"date":"2023-11-30T17:42:04","date_gmt":"2023-11-30T20:42:04","guid":{"rendered":"https:\/\/meiremendesjoias.com.br\/novo\/?post_type=product&#038;p=126"},"modified":"2023-12-06T16:52:22","modified_gmt":"2023-12-06T19:52:22","slug":"anel-alianca-coracao-prata-925","status":"publish","type":"product","link":"https:\/\/meiremendesjoias.com.br\/novo\/produto\/anel-alianca-coracao-prata-925\/","title":{"rendered":"Anel\/Alian\u00e7a Cora\u00e7\u00e3o Prata 925"},"content":{"rendered":"<p>Anel\/alian\u00e7a em prata 950 com cora\u00e7\u00e3o vazado, trabalhada, tradicional, fosca e polida, com 5 frisos na horizontal e um friso na diagonal.<\/p>\n<p>Largura: 6 mm<\/p>\n<p>Prazo de fabrica\u00e7\u00e3o: 30 dias, podendo ocorrer antes.<\/p>\n","protected":false},"excerpt":{"rendered":"<p>Anel\/alian\u00e7a em prata 950 com cora\u00e7\u00e3o vazado, trabalhada, tradicional, fosca e polida, com 5 frisos na horizontal e um friso na diagonal.<\/p>\n<p>Largura: 6 mm<\/p>\n<p>Prazo de fabrica\u00e7\u00e3o: 30 dias, podendo ocorrer antes.<\/p>\n","protected":false},"featured_media":161,"comment_status":"open","ping_status":"closed","template":"","meta":[],"product_brand":[],"product_cat":[108,16],"product_tag":[25,110,18,19,29,142,143,59,113,144,115],"class_list":{"0":"post-126","1":"product","2":"type-product","3":"status-publish","4":"has-post-thumbnail","6":"product_cat-aliancas","7":"product_cat-aneis","8":"product_tag-alianca","9":"product_tag-aliancas","10":"product_tag-aneis","11":"product_tag-anel","12":"product_tag-coracao","13":"product_tag-fosca","14":"product_tag-frisos","15":"product_tag-garantia","16":"product_tag-polida","17":"product_tag-prata-950","18":"product_tag-tradicional","20":"first","21":"outofstock","22":"shipping-taxable","23":"product-type-simple"},"_links":{"self":[{"href":"https:\/\/meiremendesjoias.com.br\/novo\/wp-json\/wp\/v2\/product\/126","targetHints":{"allow":["GET"]}}],"collection":[{"href":"https:\/\/meiremendesjoias.com.br\/novo\/wp-json\/wp\/v2\/product"}],"about":[{"href":"https:\/\/meiremendesjoias.com.br\/novo\/wp-json\/wp\/v2\/types\/product"}],"replies":[{"embeddable":true,"href":"https:\/\/meiremendesjoias.com.br\/novo\/wp-json\/wp\/v2\/comments?post=126"}],"wp:featuredmedia":[{"embeddable":true,"href":"https:\/\/meiremendesjoias.com.br\/novo\/wp-json\/wp\/v2\/media\/161"}],"wp:attachment":[{"href":"https:\/\/meiremendesjoias.com.br\/novo\/wp-json\/wp\/v2\/media?parent=126"}],"wp:term":[{"taxonomy":"product_brand","embeddable":true,"href":"https:\/\/meiremendesjoias.com.br\/novo\/wp-json\/wp\/v2\/product_brand?post=126"},{"taxonomy":"product_cat","embeddable":true,"href":"https:\/\/meiremendesjoias.com.br\/novo\/wp-json\/wp\/v2\/product_cat?post=126"},{"taxonomy":"product_tag","embeddable":true,"href":"https:\/\/meiremendesjoias.com.br\/novo\/wp-json\/wp\/v2\/product_tag?post=126"}],"curies":[{"name":"wp","href":"https:\/\/api.w.org\/{rel}","templated":true}]}}