{"id":13,"date":"2023-11-30T17:41:17","date_gmt":"2023-11-30T20:41:17","guid":{"rendered":"https:\/\/meiremendesjoias.com.br\/novo\/?post_type=product&#038;p=13"},"modified":"2023-12-01T19:09:51","modified_gmt":"2023-12-01T22:09:51","slug":"anel-aparador-rodio-zirconias","status":"publish","type":"product","link":"https:\/\/meiremendesjoias.com.br\/novo\/produto\/anel-aparador-rodio-zirconias\/","title":{"rendered":"Anel Aparador R\u00f3dio Zirc\u00f4nias"},"content":{"rendered":"<p>Anel banhado a r\u00f3dio com zirc\u00f4nias cravejadas.<br \/>\nAro 15.<br \/>\nLargura: 4 mm<\/p>\n","protected":false},"excerpt":{"rendered":"<p>Anel banhado a r\u00f3dio com zirc\u00f4nias cravejadas.<br \/>\nAro 15.<br \/>\nLargura: 4 mm<\/p>\n","protected":false},"featured_media":45,"comment_status":"open","ping_status":"closed","template":"","meta":[],"product_brand":[],"product_cat":[16,17],"product_tag":[25,19,20,22,26],"class_list":{"0":"post-13","1":"product","2":"type-product","3":"status-publish","4":"has-post-thumbnail","6":"product_cat-aneis","7":"product_cat-sale","8":"product_tag-alianca","9":"product_tag-anel","10":"product_tag-aparador","11":"product_tag-banhado-a-rodio","12":"product_tag-zirconias-cravejadas","14":"first","15":"instock","16":"sale","17":"shipping-taxable","18":"purchasable","19":"product-type-simple"},"_links":{"self":[{"href":"https:\/\/meiremendesjoias.com.br\/novo\/wp-json\/wp\/v2\/product\/13","targetHints":{"allow":["GET"]}}],"collection":[{"href":"https:\/\/meiremendesjoias.com.br\/novo\/wp-json\/wp\/v2\/product"}],"about":[{"href":"https:\/\/meiremendesjoias.com.br\/novo\/wp-json\/wp\/v2\/types\/product"}],"replies":[{"embeddable":true,"href":"https:\/\/meiremendesjoias.com.br\/novo\/wp-json\/wp\/v2\/comments?post=13"}],"wp:featuredmedia":[{"embeddable":true,"href":"https:\/\/meiremendesjoias.com.br\/novo\/wp-json\/wp\/v2\/media\/45"}],"wp:attachment":[{"href":"https:\/\/meiremendesjoias.com.br\/novo\/wp-json\/wp\/v2\/media?parent=13"}],"wp:term":[{"taxonomy":"product_brand","embeddable":true,"href":"https:\/\/meiremendesjoias.com.br\/novo\/wp-json\/wp\/v2\/product_brand?post=13"},{"taxonomy":"product_cat","embeddable":true,"href":"https:\/\/meiremendesjoias.com.br\/novo\/wp-json\/wp\/v2\/product_cat?post=13"},{"taxonomy":"product_tag","embeddable":true,"href":"https:\/\/meiremendesjoias.com.br\/novo\/wp-json\/wp\/v2\/product_tag?post=13"}],"curies":[{"name":"wp","href":"https:\/\/api.w.org\/{rel}","templated":true}]}}