{"id":136,"date":"2023-11-30T17:42:04","date_gmt":"2023-11-30T20:42:04","guid":{"rendered":"https:\/\/meiremendesjoias.com.br\/novo\/?post_type=product&#038;p=136"},"modified":"2023-12-01T19:08:56","modified_gmt":"2023-12-01T22:08:56","slug":"colar-folha-madreperola","status":"publish","type":"product","link":"https:\/\/meiremendesjoias.com.br\/novo\/produto\/colar-folha-madreperola\/","title":{"rendered":"Colar Folha Madrep\u00e9rola"},"content":{"rendered":"","protected":false},"excerpt":{"rendered":"<p>Colar de p\u00e9rolas, abalone e folha de madrep\u00e9rola com abalone. Fecho banhado a ouro amarelo.<br \/>\nComprimento: 50 cm, em m\u00e9dia.<br \/>\nFolha: 6,0 cm de altura x 4,0 cm de largura, em m\u00e9dia.<\/p>\n","protected":false},"featured_media":191,"comment_status":"open","ping_status":"closed","template":"","meta":[],"product_brand":[],"product_cat":[170,17],"product_tag":[171,36,172,173,38,57],"class_list":{"0":"post-136","1":"product","2":"type-product","3":"status-publish","4":"has-post-thumbnail","6":"product_cat-colares","7":"product_cat-sale","8":"product_tag-abalone","9":"product_tag-banhado-a-ouro-amarelo","10":"product_tag-colar","11":"product_tag-folha","12":"product_tag-madreperola","13":"product_tag-perolas","15":"first","16":"instock","17":"sale","18":"shipping-taxable","19":"purchasable","20":"product-type-simple"},"_links":{"self":[{"href":"https:\/\/meiremendesjoias.com.br\/novo\/wp-json\/wp\/v2\/product\/136","targetHints":{"allow":["GET"]}}],"collection":[{"href":"https:\/\/meiremendesjoias.com.br\/novo\/wp-json\/wp\/v2\/product"}],"about":[{"href":"https:\/\/meiremendesjoias.com.br\/novo\/wp-json\/wp\/v2\/types\/product"}],"replies":[{"embeddable":true,"href":"https:\/\/meiremendesjoias.com.br\/novo\/wp-json\/wp\/v2\/comments?post=136"}],"wp:featuredmedia":[{"embeddable":true,"href":"https:\/\/meiremendesjoias.com.br\/novo\/wp-json\/wp\/v2\/media\/191"}],"wp:attachment":[{"href":"https:\/\/meiremendesjoias.com.br\/novo\/wp-json\/wp\/v2\/media?parent=136"}],"wp:term":[{"taxonomy":"product_brand","embeddable":true,"href":"https:\/\/meiremendesjoias.com.br\/novo\/wp-json\/wp\/v2\/product_brand?post=136"},{"taxonomy":"product_cat","embeddable":true,"href":"https:\/\/meiremendesjoias.com.br\/novo\/wp-json\/wp\/v2\/product_cat?post=136"},{"taxonomy":"product_tag","embeddable":true,"href":"https:\/\/meiremendesjoias.com.br\/novo\/wp-json\/wp\/v2\/product_tag?post=136"}],"curies":[{"name":"wp","href":"https:\/\/api.w.org\/{rel}","templated":true}]}}