{"id":14,"date":"2023-11-30T17:41:17","date_gmt":"2023-11-30T20:41:17","guid":{"rendered":"https:\/\/meiremendesjoias.com.br\/novo\/?post_type=product&#038;p=14"},"modified":"2025-02-23T11:40:38","modified_gmt":"2025-02-23T14:40:38","slug":"anel-chanel-inspired","status":"publish","type":"product","link":"https:\/\/meiremendesjoias.com.br\/novo\/produto\/anel-chanel-inspired\/","title":{"rendered":"Anel Inspira\u00e7\u00e3o"},"content":{"rendered":"<p>Anel Chanel Inspired banhado a ouro amarelo 18 k, com micro zirc\u00f4nias cravejadas na parte superior na cor verde.<br \/>\nX: 2.0 x 2.0 cm<\/p>\n","protected":false},"excerpt":{"rendered":"<p>Anel Chanel Inspired banhado a ouro amarelo 18 k, com micro zirc\u00f4nias cravejadas na parte superior na cor verde esmeralda.<br \/>\nX: 2.0 x 2.0 cm<\/p>\n<p>Entre em contato por WhatsApp para consultar a disponibilidade do aro que deseja, antes de finalizar a compra.<\/p>\n","protected":false},"featured_media":48,"comment_status":"open","ping_status":"closed","template":"","meta":[],"product_brand":[],"product_cat":[16,17],"product_tag":[18,19,27,28,26],"class_list":{"0":"post-14","1":"product","2":"type-product","3":"status-publish","4":"has-post-thumbnail","6":"product_cat-aneis","7":"product_cat-sale","8":"product_tag-aneis","9":"product_tag-anel","10":"product_tag-banhado-a-ouro-amarelo-18-k","11":"product_tag-chanel-inspired","12":"product_tag-zirconias-cravejadas","14":"first","15":"instock","16":"sale","17":"shipping-taxable","18":"purchasable","19":"product-type-simple"},"_links":{"self":[{"href":"https:\/\/meiremendesjoias.com.br\/novo\/wp-json\/wp\/v2\/product\/14","targetHints":{"allow":["GET"]}}],"collection":[{"href":"https:\/\/meiremendesjoias.com.br\/novo\/wp-json\/wp\/v2\/product"}],"about":[{"href":"https:\/\/meiremendesjoias.com.br\/novo\/wp-json\/wp\/v2\/types\/product"}],"replies":[{"embeddable":true,"href":"https:\/\/meiremendesjoias.com.br\/novo\/wp-json\/wp\/v2\/comments?post=14"}],"wp:featuredmedia":[{"embeddable":true,"href":"https:\/\/meiremendesjoias.com.br\/novo\/wp-json\/wp\/v2\/media\/48"}],"wp:attachment":[{"href":"https:\/\/meiremendesjoias.com.br\/novo\/wp-json\/wp\/v2\/media?parent=14"}],"wp:term":[{"taxonomy":"product_brand","embeddable":true,"href":"https:\/\/meiremendesjoias.com.br\/novo\/wp-json\/wp\/v2\/product_brand?post=14"},{"taxonomy":"product_cat","embeddable":true,"href":"https:\/\/meiremendesjoias.com.br\/novo\/wp-json\/wp\/v2\/product_cat?post=14"},{"taxonomy":"product_tag","embeddable":true,"href":"https:\/\/meiremendesjoias.com.br\/novo\/wp-json\/wp\/v2\/product_tag?post=14"}],"curies":[{"name":"wp","href":"https:\/\/api.w.org\/{rel}","templated":true}]}}