{"id":165,"date":"2023-11-30T17:42:25","date_gmt":"2023-11-30T20:42:25","guid":{"rendered":"https:\/\/meiremendesjoias.com.br\/novo\/?post_type=product&#038;p=165"},"modified":"2024-10-02T15:42:55","modified_gmt":"2024-10-02T18:42:55","slug":"colar-tres-voltas-perolas-agua-doce","status":"publish","type":"product","link":"https:\/\/meiremendesjoias.com.br\/novo\/produto\/colar-tres-voltas-perolas-agua-doce\/","title":{"rendered":"Colar Tr\u00eas Voltas P\u00e9rolas \u00c1gua Doce"},"content":{"rendered":"<p>Colar de p\u00e9rolas de \u00e1gua doce, com fecho banhado a ouro amarelo 18 k.<br \/>\nComprimento: 35 cm, mais extensor que chega at\u00e9 40 cm<br \/>\nLargura: 2,3 cm<\/p>\n","protected":false},"excerpt":{"rendered":"<p>Colar de p\u00e9rolas de \u00e1gua doce, com fecho banhado a ouro amarelo 18 k.<br \/>\nComprimento: 35 cm, mais extensor que chega at\u00e9 40 cm<br \/>\nLargura: 2,3 cm<\/p>\n","protected":false},"featured_media":200,"comment_status":"open","ping_status":"closed","template":"","meta":[],"product_brand":[],"product_cat":[170],"product_tag":[27,183,172,184,177,57,180],"class_list":{"0":"post-165","1":"product","2":"type-product","3":"status-publish","4":"has-post-thumbnail","6":"product_cat-colares","7":"product_tag-banhado-a-ouro-amarelo-18-k","8":"product_tag-choker","9":"product_tag-colar","10":"product_tag-colar-tres-voltas","11":"product_tag-perola","12":"product_tag-perolas","13":"product_tag-perolas-de-agua-doce","15":"first","16":"outofstock","17":"shipping-taxable","18":"purchasable","19":"product-type-simple"},"_links":{"self":[{"href":"https:\/\/meiremendesjoias.com.br\/novo\/wp-json\/wp\/v2\/product\/165","targetHints":{"allow":["GET"]}}],"collection":[{"href":"https:\/\/meiremendesjoias.com.br\/novo\/wp-json\/wp\/v2\/product"}],"about":[{"href":"https:\/\/meiremendesjoias.com.br\/novo\/wp-json\/wp\/v2\/types\/product"}],"replies":[{"embeddable":true,"href":"https:\/\/meiremendesjoias.com.br\/novo\/wp-json\/wp\/v2\/comments?post=165"}],"wp:featuredmedia":[{"embeddable":true,"href":"https:\/\/meiremendesjoias.com.br\/novo\/wp-json\/wp\/v2\/media\/200"}],"wp:attachment":[{"href":"https:\/\/meiremendesjoias.com.br\/novo\/wp-json\/wp\/v2\/media?parent=165"}],"wp:term":[{"taxonomy":"product_brand","embeddable":true,"href":"https:\/\/meiremendesjoias.com.br\/novo\/wp-json\/wp\/v2\/product_brand?post=165"},{"taxonomy":"product_cat","embeddable":true,"href":"https:\/\/meiremendesjoias.com.br\/novo\/wp-json\/wp\/v2\/product_cat?post=165"},{"taxonomy":"product_tag","embeddable":true,"href":"https:\/\/meiremendesjoias.com.br\/novo\/wp-json\/wp\/v2\/product_tag?post=165"}],"curies":[{"name":"wp","href":"https:\/\/api.w.org\/{rel}","templated":true}]}}