{"id":169,"date":"2023-11-30T17:42:25","date_gmt":"2023-11-30T20:42:25","guid":{"rendered":"https:\/\/meiremendesjoias.com.br\/novo\/?post_type=product&#038;p=169"},"modified":"2023-12-01T19:08:54","modified_gmt":"2023-12-01T22:08:54","slug":"pulseira-perola-cristal","status":"publish","type":"product","link":"https:\/\/meiremendesjoias.com.br\/novo\/produto\/pulseira-perola-cristal\/","title":{"rendered":"Pulseira P\u00e9rola Cristal"},"content":{"rendered":"<p>Pulseira banhada a ouro 18 k, com quartzo, cristais e p\u00e9rolas barroca. Fecho b\u00f3ia.<br \/>\nComprimento total: 20 cm<br \/>\nLargura: 0,8 cm<\/p>\n","protected":false},"excerpt":{"rendered":"<p>Pulseira banhada a ouro 18 k, com quartzo, cristais e p\u00e9rolas barroca. Fecho b\u00f3ia.<br \/>\nComprimento total: 20 cm<br \/>\nLargura: 0,8 cm<\/p>\n","protected":false},"featured_media":225,"comment_status":"open","ping_status":"closed","template":"","meta":[],"product_brand":[],"product_cat":[146,17],"product_tag":[188,158,191,192,57,151,152,193],"class_list":{"0":"post-169","1":"product","2":"type-product","3":"status-publish","4":"has-post-thumbnail","6":"product_cat-pulseiras","7":"product_cat-sale","8":"product_tag-banhada-a-ouro-18-k","9":"product_tag-cristais","10":"product_tag-fecho-boia","11":"product_tag-pedras-naturais","12":"product_tag-perolas","13":"product_tag-pulseira","14":"product_tag-pulseiras","15":"product_tag-quartzo","17":"first","18":"instock","19":"sale","20":"shipping-taxable","21":"purchasable","22":"product-type-simple"},"_links":{"self":[{"href":"https:\/\/meiremendesjoias.com.br\/novo\/wp-json\/wp\/v2\/product\/169","targetHints":{"allow":["GET"]}}],"collection":[{"href":"https:\/\/meiremendesjoias.com.br\/novo\/wp-json\/wp\/v2\/product"}],"about":[{"href":"https:\/\/meiremendesjoias.com.br\/novo\/wp-json\/wp\/v2\/types\/product"}],"replies":[{"embeddable":true,"href":"https:\/\/meiremendesjoias.com.br\/novo\/wp-json\/wp\/v2\/comments?post=169"}],"wp:featuredmedia":[{"embeddable":true,"href":"https:\/\/meiremendesjoias.com.br\/novo\/wp-json\/wp\/v2\/media\/225"}],"wp:attachment":[{"href":"https:\/\/meiremendesjoias.com.br\/novo\/wp-json\/wp\/v2\/media?parent=169"}],"wp:term":[{"taxonomy":"product_brand","embeddable":true,"href":"https:\/\/meiremendesjoias.com.br\/novo\/wp-json\/wp\/v2\/product_brand?post=169"},{"taxonomy":"product_cat","embeddable":true,"href":"https:\/\/meiremendesjoias.com.br\/novo\/wp-json\/wp\/v2\/product_cat?post=169"},{"taxonomy":"product_tag","embeddable":true,"href":"https:\/\/meiremendesjoias.com.br\/novo\/wp-json\/wp\/v2\/product_tag?post=169"}],"curies":[{"name":"wp","href":"https:\/\/api.w.org\/{rel}","templated":true}]}}