{"id":20,"date":"2023-11-30T17:41:17","date_gmt":"2023-11-30T20:41:17","guid":{"rendered":"https:\/\/meiremendesjoias.com.br\/novo\/?post_type=product&#038;p=20"},"modified":"2023-12-11T17:10:17","modified_gmt":"2023-12-11T20:10:17","slug":"anel-madreperola","status":"publish","type":"product","link":"https:\/\/meiremendesjoias.com.br\/novo\/produto\/anel-madreperola\/","title":{"rendered":"Anel Madrep\u00e9rola"},"content":{"rendered":"<p>Anel banhado a ouro amarelo 18 k, com flor, madrep\u00e9rola e zirc\u00f4nias cravejadas.<\/p>\n<p>Madrep\u00e9rola: 1,8 cm x 2,5 cm<\/p>\n<p>Aro: 17<\/p>\n","protected":false},"excerpt":{"rendered":"<p>Anel banhado a ouro amarelo 18 k, com flor, madrep\u00e9rola e zirc\u00f4nias cravejadas.<\/p>\n<p>Madrep\u00e9rola: 1,8 cm x 2,5 cm<\/p>\n<p>Aro: 17<\/p>\n","protected":false},"featured_media":59,"comment_status":"open","ping_status":"closed","template":"","meta":[],"product_brand":[],"product_cat":[16],"product_tag":[19,27,34,38,42],"class_list":{"0":"post-20","1":"product","2":"type-product","3":"status-publish","4":"has-post-thumbnail","6":"product_cat-aneis","7":"product_tag-anel","8":"product_tag-banhado-a-ouro-amarelo-18-k","9":"product_tag-flor","10":"product_tag-madreperola","11":"product_tag-zirconias","13":"first","14":"instock","15":"shipping-taxable","16":"purchasable","17":"product-type-simple"},"_links":{"self":[{"href":"https:\/\/meiremendesjoias.com.br\/novo\/wp-json\/wp\/v2\/product\/20","targetHints":{"allow":["GET"]}}],"collection":[{"href":"https:\/\/meiremendesjoias.com.br\/novo\/wp-json\/wp\/v2\/product"}],"about":[{"href":"https:\/\/meiremendesjoias.com.br\/novo\/wp-json\/wp\/v2\/types\/product"}],"replies":[{"embeddable":true,"href":"https:\/\/meiremendesjoias.com.br\/novo\/wp-json\/wp\/v2\/comments?post=20"}],"wp:featuredmedia":[{"embeddable":true,"href":"https:\/\/meiremendesjoias.com.br\/novo\/wp-json\/wp\/v2\/media\/59"}],"wp:attachment":[{"href":"https:\/\/meiremendesjoias.com.br\/novo\/wp-json\/wp\/v2\/media?parent=20"}],"wp:term":[{"taxonomy":"product_brand","embeddable":true,"href":"https:\/\/meiremendesjoias.com.br\/novo\/wp-json\/wp\/v2\/product_brand?post=20"},{"taxonomy":"product_cat","embeddable":true,"href":"https:\/\/meiremendesjoias.com.br\/novo\/wp-json\/wp\/v2\/product_cat?post=20"},{"taxonomy":"product_tag","embeddable":true,"href":"https:\/\/meiremendesjoias.com.br\/novo\/wp-json\/wp\/v2\/product_tag?post=20"}],"curies":[{"name":"wp","href":"https:\/\/api.w.org\/{rel}","templated":true}]}}