{"id":207,"date":"2023-11-30T17:42:46","date_gmt":"2023-11-30T20:42:46","guid":{"rendered":"https:\/\/meiremendesjoias.com.br\/novo\/?post_type=product&#038;p=207"},"modified":"2023-12-11T19:33:04","modified_gmt":"2023-12-11T22:33:04","slug":"colar-longo-turquesa","status":"publish","type":"product","link":"https:\/\/meiremendesjoias.com.br\/novo\/produto\/colar-longo-turquesa\/","title":{"rendered":"Colar Longo Turquesa"},"content":{"rendered":"<p>Colar longo banhado a r\u00f3dio black, com p\u00e9rolas de \u00e1gua doce e pedra turquesa, com franja.<br \/>\nComprimento: 80 cm<br \/>\nFranja: 6,5 cm de altura<\/p>\n","protected":false},"excerpt":{"rendered":"<p>Colar longo banhado a r\u00f3dio black, com p\u00e9rolas de \u00e1gua doce e pedra turquesa, com franja.<br \/>\nComprimento: 80 cm<br \/>\nFranja: 6,5 cm de altura<\/p>\n","protected":false},"featured_media":243,"comment_status":"open","ping_status":"closed","template":"","meta":[],"product_brand":[],"product_cat":[170,17],"product_tag":[154,200,172,206,207,208,209],"class_list":{"0":"post-207","1":"product","2":"type-product","3":"status-publish","4":"has-post-thumbnail","6":"product_cat-colares","7":"product_cat-sale","8":"product_tag-atacado","9":"product_tag-banhado-a-rodio-black","10":"product_tag-colar","11":"product_tag-colar-longo","12":"product_tag-franja","13":"product_tag-pedra-turquesa","14":"product_tag-perola-de-agua-doce","16":"first","17":"instock","18":"sale","19":"shipping-taxable","20":"purchasable","21":"product-type-simple"},"_links":{"self":[{"href":"https:\/\/meiremendesjoias.com.br\/novo\/wp-json\/wp\/v2\/product\/207","targetHints":{"allow":["GET"]}}],"collection":[{"href":"https:\/\/meiremendesjoias.com.br\/novo\/wp-json\/wp\/v2\/product"}],"about":[{"href":"https:\/\/meiremendesjoias.com.br\/novo\/wp-json\/wp\/v2\/types\/product"}],"replies":[{"embeddable":true,"href":"https:\/\/meiremendesjoias.com.br\/novo\/wp-json\/wp\/v2\/comments?post=207"}],"wp:featuredmedia":[{"embeddable":true,"href":"https:\/\/meiremendesjoias.com.br\/novo\/wp-json\/wp\/v2\/media\/243"}],"wp:attachment":[{"href":"https:\/\/meiremendesjoias.com.br\/novo\/wp-json\/wp\/v2\/media?parent=207"}],"wp:term":[{"taxonomy":"product_brand","embeddable":true,"href":"https:\/\/meiremendesjoias.com.br\/novo\/wp-json\/wp\/v2\/product_brand?post=207"},{"taxonomy":"product_cat","embeddable":true,"href":"https:\/\/meiremendesjoias.com.br\/novo\/wp-json\/wp\/v2\/product_cat?post=207"},{"taxonomy":"product_tag","embeddable":true,"href":"https:\/\/meiremendesjoias.com.br\/novo\/wp-json\/wp\/v2\/product_tag?post=207"}],"curies":[{"name":"wp","href":"https:\/\/api.w.org\/{rel}","templated":true}]}}