{"id":209,"date":"2023-11-30T17:42:46","date_gmt":"2023-11-30T20:42:46","guid":{"rendered":"https:\/\/meiremendesjoias.com.br\/novo\/?post_type=product&#038;p=209"},"modified":"2023-12-01T19:08:53","modified_gmt":"2023-12-01T22:08:53","slug":"gargantilha-capsula-com-zirconias","status":"publish","type":"product","link":"https:\/\/meiremendesjoias.com.br\/novo\/produto\/gargantilha-capsula-com-zirconias\/","title":{"rendered":"Gargantilha C\u00e1psula Com Zirc\u00f4nias"},"content":{"rendered":"<p>Gargantilha banhada a ouro amarelo e pingente c\u00e1psula com at\u00e9 a metade de zirc\u00f4nias.<br \/>\nCorrente: 55 cm, mais extensor que chega at\u00e9 60 cm.<br \/>\nC\u00e1psula: 3,0 cm de largura x 3,0 cm de altura<\/p>\n","protected":false},"excerpt":{"rendered":"<p>Gargantilha banhada a ouro amarelo e pingente c\u00e1psula com at\u00e9 a metade de zirc\u00f4nias.<br \/>\nCorrente: 55 cm, mais extensor que chega at\u00e9 60 cm.<br \/>\nC\u00e1psula: 3,0 cm de largura x 3,0 cm de altura<\/p>\n","protected":false},"featured_media":245,"comment_status":"open","ping_status":"closed","template":"","meta":[],"product_brand":[],"product_cat":[170],"product_tag":[154,36,172,175,186,213,214,42],"class_list":{"0":"post-209","1":"product","2":"type-product","3":"status-publish","4":"has-post-thumbnail","6":"product_cat-colares","7":"product_tag-atacado","8":"product_tag-banhado-a-ouro-amarelo","9":"product_tag-colar","10":"product_tag-colares","11":"product_tag-gargantilha","12":"product_tag-pingente-capsula","13":"product_tag-vivara-inspired","14":"product_tag-zirconias","16":"first","17":"instock","18":"shipping-taxable","19":"purchasable","20":"product-type-simple"},"_links":{"self":[{"href":"https:\/\/meiremendesjoias.com.br\/novo\/wp-json\/wp\/v2\/product\/209","targetHints":{"allow":["GET"]}}],"collection":[{"href":"https:\/\/meiremendesjoias.com.br\/novo\/wp-json\/wp\/v2\/product"}],"about":[{"href":"https:\/\/meiremendesjoias.com.br\/novo\/wp-json\/wp\/v2\/types\/product"}],"replies":[{"embeddable":true,"href":"https:\/\/meiremendesjoias.com.br\/novo\/wp-json\/wp\/v2\/comments?post=209"}],"wp:featuredmedia":[{"embeddable":true,"href":"https:\/\/meiremendesjoias.com.br\/novo\/wp-json\/wp\/v2\/media\/245"}],"wp:attachment":[{"href":"https:\/\/meiremendesjoias.com.br\/novo\/wp-json\/wp\/v2\/media?parent=209"}],"wp:term":[{"taxonomy":"product_brand","embeddable":true,"href":"https:\/\/meiremendesjoias.com.br\/novo\/wp-json\/wp\/v2\/product_brand?post=209"},{"taxonomy":"product_cat","embeddable":true,"href":"https:\/\/meiremendesjoias.com.br\/novo\/wp-json\/wp\/v2\/product_cat?post=209"},{"taxonomy":"product_tag","embeddable":true,"href":"https:\/\/meiremendesjoias.com.br\/novo\/wp-json\/wp\/v2\/product_tag?post=209"}],"curies":[{"name":"wp","href":"https:\/\/api.w.org\/{rel}","templated":true}]}}