{"id":21,"date":"2023-11-30T17:41:17","date_gmt":"2023-11-30T20:41:17","guid":{"rendered":"https:\/\/meiremendesjoias.com.br\/novo\/?post_type=product&#038;p=21"},"modified":"2023-12-15T13:14:01","modified_gmt":"2023-12-15T16:14:01","slug":"anel-moeda-antiga-estrela-de-davi-quadrado-redondo-liso","status":"publish","type":"product","link":"https:\/\/meiremendesjoias.com.br\/novo\/produto\/anel-moeda-antiga-estrela-de-davi-quadrado-redondo-liso\/","title":{"rendered":"Anel Moeda Antiga Estrela De Davi Quadrado Redondo Liso"},"content":{"rendered":"<p>An\u00e9is de moeda antiga, quadrado ou redondo, liso e com Estrela de Davi. Escolha o seu!<\/p>\n<p>Prazo de fabrica\u00e7\u00e3o: 7 dias \u00fateis ap\u00f3s o pedido e o pagamento<\/p>\n","protected":false},"excerpt":{"rendered":"<p>An\u00e9is de moeda antiga, quadrado ou redondo, liso e com Estrela de Davi. Escolha o seu!<\/p>\n<p>Prazo de fabrica\u00e7\u00e3o: 7 dias \u00fateis ap\u00f3s o pedido e o pagamento<\/p>\n","protected":false},"featured_media":61,"comment_status":"open","ping_status":"closed","template":"","meta":[],"product_brand":[],"product_cat":[16],"product_tag":[19,44,45,46,47,48,49],"class_list":{"0":"post-21","1":"product","2":"type-product","3":"status-publish","4":"has-post-thumbnail","6":"product_cat-aneis","7":"product_tag-anel","8":"product_tag-estrela-de-davi","9":"product_tag-liso","10":"product_tag-moeda-antiga","11":"product_tag-polido","12":"product_tag-quadrado","13":"product_tag-redondo","15":"first","16":"outofstock","17":"shipping-taxable","18":"product-type-simple"},"_links":{"self":[{"href":"https:\/\/meiremendesjoias.com.br\/novo\/wp-json\/wp\/v2\/product\/21","targetHints":{"allow":["GET"]}}],"collection":[{"href":"https:\/\/meiremendesjoias.com.br\/novo\/wp-json\/wp\/v2\/product"}],"about":[{"href":"https:\/\/meiremendesjoias.com.br\/novo\/wp-json\/wp\/v2\/types\/product"}],"replies":[{"embeddable":true,"href":"https:\/\/meiremendesjoias.com.br\/novo\/wp-json\/wp\/v2\/comments?post=21"}],"wp:featuredmedia":[{"embeddable":true,"href":"https:\/\/meiremendesjoias.com.br\/novo\/wp-json\/wp\/v2\/media\/61"}],"wp:attachment":[{"href":"https:\/\/meiremendesjoias.com.br\/novo\/wp-json\/wp\/v2\/media?parent=21"}],"wp:term":[{"taxonomy":"product_brand","embeddable":true,"href":"https:\/\/meiremendesjoias.com.br\/novo\/wp-json\/wp\/v2\/product_brand?post=21"},{"taxonomy":"product_cat","embeddable":true,"href":"https:\/\/meiremendesjoias.com.br\/novo\/wp-json\/wp\/v2\/product_cat?post=21"},{"taxonomy":"product_tag","embeddable":true,"href":"https:\/\/meiremendesjoias.com.br\/novo\/wp-json\/wp\/v2\/product_tag?post=21"}],"curies":[{"name":"wp","href":"https:\/\/api.w.org\/{rel}","templated":true}]}}