{"id":213,"date":"2023-11-30T17:42:46","date_gmt":"2023-11-30T20:42:46","guid":{"rendered":"https:\/\/meiremendesjoias.com.br\/novo\/?post_type=product&#038;p=213"},"modified":"2023-12-01T19:08:53","modified_gmt":"2023-12-01T22:08:53","slug":"pingente-capsula-protecao-15-cm","status":"publish","type":"product","link":"https:\/\/meiremendesjoias.com.br\/novo\/produto\/pingente-capsula-protecao-15-cm\/","title":{"rendered":"Pingente C\u00e1psula Prote\u00e7\u00e3o &#8211; 1,5 cm"},"content":{"rendered":"<p>Pingente c\u00e1psula prote\u00e7\u00e3o, banhado a ouro 18 k.<br \/>\nTamanho: 1,5 cm de largura x 2,5 cm de altura com o passante.<br \/>\nPassante: 0,5 cm de largura x 0,5 cm de altura<br \/>\nGarantia de um ano contra defeitos de fabrica\u00e7\u00e3o.<\/p>\n","protected":false},"excerpt":{"rendered":"<p>Pingente c\u00e1psula prote\u00e7\u00e3o, banhado a ouro 18 k.<br \/>\nTamanho: 1,5 cm de largura x 2,5 cm de altura com o passante.<br \/>\nPassante: 0,5 cm de largura x 0,5 cm de altura<br \/>\nGarantia de um ano contra defeitos de fabrica\u00e7\u00e3o.<\/p>\n","protected":false},"featured_media":270,"comment_status":"open","ping_status":"closed","template":"","meta":[],"product_brand":[],"product_cat":[220],"product_tag":[221,154,155,222,223,176,182,224,178,107,225],"class_list":{"0":"post-213","1":"product","2":"type-product","3":"status-publish","4":"has-post-thumbnail","6":"product_cat-pingentes","7":"product_tag-amuletos","8":"product_tag-atacado","9":"product_tag-banhado-a-ouro-18-k","10":"product_tag-capsula","11":"product_tag-hamsa","12":"product_tag-olho-grego","13":"product_tag-pingente","14":"product_tag-pingentes","15":"product_tag-protecao","16":"product_tag-religioso","17":"product_tag-trevo","19":"first","20":"instock","21":"shipping-taxable","22":"purchasable","23":"product-type-simple"},"_links":{"self":[{"href":"https:\/\/meiremendesjoias.com.br\/novo\/wp-json\/wp\/v2\/product\/213","targetHints":{"allow":["GET"]}}],"collection":[{"href":"https:\/\/meiremendesjoias.com.br\/novo\/wp-json\/wp\/v2\/product"}],"about":[{"href":"https:\/\/meiremendesjoias.com.br\/novo\/wp-json\/wp\/v2\/types\/product"}],"replies":[{"embeddable":true,"href":"https:\/\/meiremendesjoias.com.br\/novo\/wp-json\/wp\/v2\/comments?post=213"}],"wp:featuredmedia":[{"embeddable":true,"href":"https:\/\/meiremendesjoias.com.br\/novo\/wp-json\/wp\/v2\/media\/270"}],"wp:attachment":[{"href":"https:\/\/meiremendesjoias.com.br\/novo\/wp-json\/wp\/v2\/media?parent=213"}],"wp:term":[{"taxonomy":"product_brand","embeddable":true,"href":"https:\/\/meiremendesjoias.com.br\/novo\/wp-json\/wp\/v2\/product_brand?post=213"},{"taxonomy":"product_cat","embeddable":true,"href":"https:\/\/meiremendesjoias.com.br\/novo\/wp-json\/wp\/v2\/product_cat?post=213"},{"taxonomy":"product_tag","embeddable":true,"href":"https:\/\/meiremendesjoias.com.br\/novo\/wp-json\/wp\/v2\/product_tag?post=213"}],"curies":[{"name":"wp","href":"https:\/\/api.w.org\/{rel}","templated":true}]}}