{"id":2168,"date":"2024-02-15T14:19:38","date_gmt":"2024-02-15T17:19:38","guid":{"rendered":"https:\/\/meiremendesjoias.com.br\/novo\/?post_type=product&#038;p=2168"},"modified":"2025-02-20T16:09:39","modified_gmt":"2025-02-20T19:09:39","slug":"conjunto-coracao-fusion-2","status":"publish","type":"product","link":"https:\/\/meiremendesjoias.com.br\/novo\/produto\/conjunto-coracao-fusion-2\/","title":{"rendered":"Conjunto Cora\u00e7\u00e3o Fusion Turmalina"},"content":{"rendered":"","protected":false},"excerpt":{"rendered":"<p>Conjunto de brinco e gargantilha, banhados a r\u00f3dio, com cora\u00e7\u00e3o de pedra fusion turmalina, com navetes fucsia a volta toda.<\/p>\n<p>Corrente: 45 cm de comprimento<\/p>\n<p>Cora\u00e7\u00e3o: 1,2 cm x 1,2 cm<\/p>\n","protected":false},"featured_media":2169,"comment_status":"open","ping_status":"closed","template":"","meta":[],"product_brand":[],"product_cat":[315,17],"product_tag":[22,156,316,29,30,186,64,32],"class_list":{"0":"post-2168","1":"product","2":"type-product","3":"status-publish","4":"has-post-thumbnail","6":"product_cat-conjuntos","7":"product_cat-sale","8":"product_tag-banhado-a-rodio","9":"product_tag-brinco","10":"product_tag-conjunto","11":"product_tag-coracao","12":"product_tag-fusion","13":"product_tag-gargantilha","14":"product_tag-pedra-fusion","15":"product_tag-turmalina","17":"first","18":"instock","19":"sale","20":"shipping-taxable","21":"purchasable","22":"product-type-simple"},"_links":{"self":[{"href":"https:\/\/meiremendesjoias.com.br\/novo\/wp-json\/wp\/v2\/product\/2168","targetHints":{"allow":["GET"]}}],"collection":[{"href":"https:\/\/meiremendesjoias.com.br\/novo\/wp-json\/wp\/v2\/product"}],"about":[{"href":"https:\/\/meiremendesjoias.com.br\/novo\/wp-json\/wp\/v2\/types\/product"}],"replies":[{"embeddable":true,"href":"https:\/\/meiremendesjoias.com.br\/novo\/wp-json\/wp\/v2\/comments?post=2168"}],"wp:featuredmedia":[{"embeddable":true,"href":"https:\/\/meiremendesjoias.com.br\/novo\/wp-json\/wp\/v2\/media\/2169"}],"wp:attachment":[{"href":"https:\/\/meiremendesjoias.com.br\/novo\/wp-json\/wp\/v2\/media?parent=2168"}],"wp:term":[{"taxonomy":"product_brand","embeddable":true,"href":"https:\/\/meiremendesjoias.com.br\/novo\/wp-json\/wp\/v2\/product_brand?post=2168"},{"taxonomy":"product_cat","embeddable":true,"href":"https:\/\/meiremendesjoias.com.br\/novo\/wp-json\/wp\/v2\/product_cat?post=2168"},{"taxonomy":"product_tag","embeddable":true,"href":"https:\/\/meiremendesjoias.com.br\/novo\/wp-json\/wp\/v2\/product_tag?post=2168"}],"curies":[{"name":"wp","href":"https:\/\/api.w.org\/{rel}","templated":true}]}}