{"id":2223,"date":"2024-03-15T17:22:03","date_gmt":"2024-03-15T20:22:03","guid":{"rendered":"https:\/\/meiremendesjoias.com.br\/novo\/?post_type=product&#038;p=2223"},"modified":"2024-10-02T16:57:32","modified_gmt":"2024-10-02T19:57:32","slug":"brinco-flor-madreperola-cristais","status":"publish","type":"product","link":"https:\/\/meiremendesjoias.com.br\/novo\/produto\/brinco-flor-madreperola-cristais\/","title":{"rendered":"Brinco Flor Madrep\u00e9rola Cristais"},"content":{"rendered":"","protected":false},"excerpt":{"rendered":"<p>Brinco com design de flor em madrep\u00e9rola e miolo no cristal de ametista, ou \u00e1gua marinha, banhado a ouro amarelo 18k. Escolha o seu!<\/p>\n<p>Nesse modelo voc\u00ea tem duas op\u00e7\u00f5es em um \u00fanico acess\u00f3rio, podendo usar somente o ponto de luz (brinco oval cristal ametista, ou\u00a0 \u00e1gua marinha) ou junto com a base de flor de madrep\u00e9rola.<\/p>\n<p>Tamanho: 2 cm de largura x 2 cm de altura<\/p>\n","protected":false},"featured_media":2225,"comment_status":"open","ping_status":"closed","template":"","meta":[],"product_brand":[],"product_cat":[17,15],"product_tag":[166,319,27,156,286,157,158,38,299],"class_list":{"0":"post-2223","1":"product","2":"type-product","3":"status-publish","4":"has-post-thumbnail","6":"product_cat-sale","7":"product_cat-sem-categoria","8":"product_tag-agua-marinha","9":"product_tag-ametista","10":"product_tag-banhado-a-ouro-amarelo-18-k","11":"product_tag-brinco","12":"product_tag-brinco-flor","13":"product_tag-brincos","14":"product_tag-cristais","15":"product_tag-madreperola","16":"product_tag-ponto-de-luz","18":"first","19":"instock","20":"sale","21":"shipping-taxable","22":"purchasable","23":"product-type-simple"},"_links":{"self":[{"href":"https:\/\/meiremendesjoias.com.br\/novo\/wp-json\/wp\/v2\/product\/2223","targetHints":{"allow":["GET"]}}],"collection":[{"href":"https:\/\/meiremendesjoias.com.br\/novo\/wp-json\/wp\/v2\/product"}],"about":[{"href":"https:\/\/meiremendesjoias.com.br\/novo\/wp-json\/wp\/v2\/types\/product"}],"replies":[{"embeddable":true,"href":"https:\/\/meiremendesjoias.com.br\/novo\/wp-json\/wp\/v2\/comments?post=2223"}],"wp:featuredmedia":[{"embeddable":true,"href":"https:\/\/meiremendesjoias.com.br\/novo\/wp-json\/wp\/v2\/media\/2225"}],"wp:attachment":[{"href":"https:\/\/meiremendesjoias.com.br\/novo\/wp-json\/wp\/v2\/media?parent=2223"}],"wp:term":[{"taxonomy":"product_brand","embeddable":true,"href":"https:\/\/meiremendesjoias.com.br\/novo\/wp-json\/wp\/v2\/product_brand?post=2223"},{"taxonomy":"product_cat","embeddable":true,"href":"https:\/\/meiremendesjoias.com.br\/novo\/wp-json\/wp\/v2\/product_cat?post=2223"},{"taxonomy":"product_tag","embeddable":true,"href":"https:\/\/meiremendesjoias.com.br\/novo\/wp-json\/wp\/v2\/product_tag?post=2223"}],"curies":[{"name":"wp","href":"https:\/\/api.w.org\/{rel}","templated":true}]}}