{"id":2322,"date":"2025-02-14T14:41:12","date_gmt":"2025-02-14T17:41:12","guid":{"rendered":"https:\/\/meiremendesjoias.com.br\/novo\/?post_type=product&#038;p=2322"},"modified":"2025-02-14T14:52:55","modified_gmt":"2025-02-14T17:52:55","slug":"anel-solitario-prata-925-ouro-rodio","status":"publish","type":"product","link":"https:\/\/meiremendesjoias.com.br\/novo\/produto\/anel-solitario-prata-925-ouro-rodio\/","title":{"rendered":"Anel Solit\u00e1rio Prata 925"},"content":{"rendered":"","protected":false},"excerpt":{"rendered":"<p>Anel solit\u00e1rio de prata 925, banhado a ouro amarelo 18k, ou a r\u00f3dio branco, com uma zirc\u00f4nia central de 3,5 mm de di\u00e2metro e micro zirc\u00f4nias cravejadas nas laterais do anel, na parte superior.<\/p>\n<p>Largura do aro: 1,5 mm<\/p>\n<p>Entre em contato no WhatsApp e consulte a disponibilidade do aro que deseja, antes de finalizar a compra.<\/p>\n","protected":false},"featured_media":2323,"comment_status":"open","ping_status":"closed","template":"","meta":[],"product_brand":[],"product_cat":[16,17],"product_tag":[18,19,22,59,441,160,76,24,77,78],"class_list":{"0":"post-2322","1":"product","2":"type-product","3":"status-publish","4":"has-post-thumbnail","6":"product_cat-aneis","7":"product_cat-sale","8":"product_tag-aneis","9":"product_tag-anel","10":"product_tag-banhado-a-rodio","11":"product_tag-garantia","12":"product_tag-joia-em-prata","13":"product_tag-joias-em-prata","14":"product_tag-noivado","15":"product_tag-prata-925","16":"product_tag-solitario","17":"product_tag-zirconia","19":"first","20":"instock","21":"sale","22":"shipping-taxable","23":"purchasable","24":"product-type-simple"},"_links":{"self":[{"href":"https:\/\/meiremendesjoias.com.br\/novo\/wp-json\/wp\/v2\/product\/2322","targetHints":{"allow":["GET"]}}],"collection":[{"href":"https:\/\/meiremendesjoias.com.br\/novo\/wp-json\/wp\/v2\/product"}],"about":[{"href":"https:\/\/meiremendesjoias.com.br\/novo\/wp-json\/wp\/v2\/types\/product"}],"replies":[{"embeddable":true,"href":"https:\/\/meiremendesjoias.com.br\/novo\/wp-json\/wp\/v2\/comments?post=2322"}],"wp:featuredmedia":[{"embeddable":true,"href":"https:\/\/meiremendesjoias.com.br\/novo\/wp-json\/wp\/v2\/media\/2323"}],"wp:attachment":[{"href":"https:\/\/meiremendesjoias.com.br\/novo\/wp-json\/wp\/v2\/media?parent=2322"}],"wp:term":[{"taxonomy":"product_brand","embeddable":true,"href":"https:\/\/meiremendesjoias.com.br\/novo\/wp-json\/wp\/v2\/product_brand?post=2322"},{"taxonomy":"product_cat","embeddable":true,"href":"https:\/\/meiremendesjoias.com.br\/novo\/wp-json\/wp\/v2\/product_cat?post=2322"},{"taxonomy":"product_tag","embeddable":true,"href":"https:\/\/meiremendesjoias.com.br\/novo\/wp-json\/wp\/v2\/product_tag?post=2322"}],"curies":[{"name":"wp","href":"https:\/\/api.w.org\/{rel}","templated":true}]}}