{"id":2327,"date":"2025-02-18T17:07:07","date_gmt":"2025-02-18T20:07:07","guid":{"rendered":"https:\/\/meiremendesjoias.com.br\/novo\/?post_type=product&#038;p=2327"},"modified":"2025-02-18T17:13:38","modified_gmt":"2025-02-18T20:13:38","slug":"brinco-perolas-shell-zirconias","status":"publish","type":"product","link":"https:\/\/meiremendesjoias.com.br\/novo\/produto\/brinco-perolas-shell-zirconias\/","title":{"rendered":"Brinco P\u00e9rolas Shell"},"content":{"rendered":"","protected":false},"excerpt":{"rendered":"<p>Brinco banhado a ouro amarelo 18 k, com p\u00e9rolas Shell e micro crava\u00e7\u00e3o de zirc\u00f4nias.<\/p>\n<p>P\u00e9rola Shell \u00e9 feita de um substrato de porcelana com madrep\u00e9rola natural e recebe uma esmalta\u00e7\u00e3o de alta qualidade, que leva em sua composi\u00e7\u00e3o o n\u00e1car de p\u00e9rolas naturais mo\u00eddo.<\/p>\n","protected":false},"featured_media":2328,"comment_status":"open","ping_status":"closed","template":"","meta":[],"product_brand":[],"product_cat":[153],"product_tag":[27,156,157,41,388,244,57,42],"class_list":{"0":"post-2327","1":"product","2":"type-product","3":"status-publish","4":"has-post-thumbnail","6":"product_cat-brincos","7":"product_tag-banhado-a-ouro-amarelo-18-k","8":"product_tag-brinco","9":"product_tag-brincos","10":"product_tag-micro-cravacao","11":"product_tag-micro-ziconias-cravejadas","12":"product_tag-perola-shell","13":"product_tag-perolas","14":"product_tag-zirconias","16":"first","17":"instock","18":"shipping-taxable","19":"purchasable","20":"product-type-simple"},"_links":{"self":[{"href":"https:\/\/meiremendesjoias.com.br\/novo\/wp-json\/wp\/v2\/product\/2327","targetHints":{"allow":["GET"]}}],"collection":[{"href":"https:\/\/meiremendesjoias.com.br\/novo\/wp-json\/wp\/v2\/product"}],"about":[{"href":"https:\/\/meiremendesjoias.com.br\/novo\/wp-json\/wp\/v2\/types\/product"}],"replies":[{"embeddable":true,"href":"https:\/\/meiremendesjoias.com.br\/novo\/wp-json\/wp\/v2\/comments?post=2327"}],"wp:featuredmedia":[{"embeddable":true,"href":"https:\/\/meiremendesjoias.com.br\/novo\/wp-json\/wp\/v2\/media\/2328"}],"wp:attachment":[{"href":"https:\/\/meiremendesjoias.com.br\/novo\/wp-json\/wp\/v2\/media?parent=2327"}],"wp:term":[{"taxonomy":"product_brand","embeddable":true,"href":"https:\/\/meiremendesjoias.com.br\/novo\/wp-json\/wp\/v2\/product_brand?post=2327"},{"taxonomy":"product_cat","embeddable":true,"href":"https:\/\/meiremendesjoias.com.br\/novo\/wp-json\/wp\/v2\/product_cat?post=2327"},{"taxonomy":"product_tag","embeddable":true,"href":"https:\/\/meiremendesjoias.com.br\/novo\/wp-json\/wp\/v2\/product_tag?post=2327"}],"curies":[{"name":"wp","href":"https:\/\/api.w.org\/{rel}","templated":true}]}}