{"id":255,"date":"2023-11-30T17:43:08","date_gmt":"2023-11-30T20:43:08","guid":{"rendered":"https:\/\/meiremendesjoias.com.br\/novo\/?post_type=product&#038;p=255"},"modified":"2026-02-06T13:01:47","modified_gmt":"2026-02-06T16:01:47","slug":"brinco-borboleta-perola","status":"publish","type":"product","link":"https:\/\/meiremendesjoias.com.br\/novo\/produto\/brinco-borboleta-perola\/","title":{"rendered":"Brinco Borboleta P\u00e9rola"},"content":{"rendered":"<p>Brinco banhado a ouro amarelo 18 k, com p\u00e9rolas, zirc\u00f4nias e navetes cravejadas nas cores turmalina e tanzanita.<br \/>\nTamanho: 2,2 cm de largura x 8,0 cm de altura<\/p>\n","protected":false},"excerpt":{"rendered":"<p>Brinco banhado a ouro amarelo 18 k, com p\u00e9rolas, zirc\u00f4nias e navetes cravejadas nas cores turmalina e tanzanita.<br \/>\nTamanho: 2,2 cm de largura x 8,0 cm de altura<\/p>\n","protected":false},"featured_media":308,"comment_status":"open","ping_status":"closed","template":"","meta":[],"product_brand":[],"product_cat":[153,17],"product_tag":[27,37,156,240,157,215,161,241,32],"class_list":{"0":"post-255","1":"product","2":"type-product","3":"status-publish","4":"has-post-thumbnail","6":"product_cat-brincos","7":"product_cat-sale","8":"product_tag-banhado-a-ouro-amarelo-18-k","9":"product_tag-borboleta","10":"product_tag-brinco","11":"product_tag-brinco-festa","12":"product_tag-brincos","13":"product_tag-micro-zirconias","14":"product_tag-navetes","15":"product_tag-tanzanita","16":"product_tag-turmalina","18":"first","19":"outofstock","20":"sale","21":"shipping-taxable","22":"purchasable","23":"product-type-simple"},"_links":{"self":[{"href":"https:\/\/meiremendesjoias.com.br\/novo\/wp-json\/wp\/v2\/product\/255","targetHints":{"allow":["GET"]}}],"collection":[{"href":"https:\/\/meiremendesjoias.com.br\/novo\/wp-json\/wp\/v2\/product"}],"about":[{"href":"https:\/\/meiremendesjoias.com.br\/novo\/wp-json\/wp\/v2\/types\/product"}],"replies":[{"embeddable":true,"href":"https:\/\/meiremendesjoias.com.br\/novo\/wp-json\/wp\/v2\/comments?post=255"}],"wp:featuredmedia":[{"embeddable":true,"href":"https:\/\/meiremendesjoias.com.br\/novo\/wp-json\/wp\/v2\/media\/308"}],"wp:attachment":[{"href":"https:\/\/meiremendesjoias.com.br\/novo\/wp-json\/wp\/v2\/media?parent=255"}],"wp:term":[{"taxonomy":"product_brand","embeddable":true,"href":"https:\/\/meiremendesjoias.com.br\/novo\/wp-json\/wp\/v2\/product_brand?post=255"},{"taxonomy":"product_cat","embeddable":true,"href":"https:\/\/meiremendesjoias.com.br\/novo\/wp-json\/wp\/v2\/product_cat?post=255"},{"taxonomy":"product_tag","embeddable":true,"href":"https:\/\/meiremendesjoias.com.br\/novo\/wp-json\/wp\/v2\/product_tag?post=255"}],"curies":[{"name":"wp","href":"https:\/\/api.w.org\/{rel}","templated":true}]}}