{"id":256,"date":"2023-11-30T17:43:08","date_gmt":"2023-11-30T20:43:08","guid":{"rendered":"https:\/\/meiremendesjoias.com.br\/novo\/?post_type=product&#038;p=256"},"modified":"2025-02-23T11:40:01","modified_gmt":"2025-02-23T14:40:01","slug":"brinco-chanel-inspired-3","status":"publish","type":"product","link":"https:\/\/meiremendesjoias.com.br\/novo\/produto\/brinco-chanel-inspired-3\/","title":{"rendered":"Brinco Inspira\u00e7\u00e3o"},"content":{"rendered":"<p>Brinco Chanel Inspired banhado a ouro amarelo, ou a r\u00f3dio, com micro zirc\u00f4nias cravejadas. Ideal para segundo furo, ou infantil.<br \/>\nTamanho: 0,7 cm de largura x 0,7 cm de altura<\/p>\n","protected":false},"excerpt":{"rendered":"<p>Brinco Chanel Inspired banhado a ouro amarelo, ou a r\u00f3dio, com micro zirc\u00f4nias cravejadas. Ideal para segundo furo, ou infantil.<br \/>\nTamanho: 0,7 cm de largura x 0,7 cm de altura<\/p>\n","protected":false},"featured_media":310,"comment_status":"open","ping_status":"closed","template":"","meta":[],"product_brand":[],"product_cat":[153],"product_tag":[36,156,157,28,202,242,239],"class_list":{"0":"post-256","1":"product","2":"type-product","3":"status-publish","4":"has-post-thumbnail","6":"product_cat-brincos","7":"product_tag-banhado-a-ouro-amarelo","8":"product_tag-brinco","9":"product_tag-brincos","10":"product_tag-chanel-inspired","11":"product_tag-infantil","12":"product_tag-micro-zirconias-cravejadas","13":"product_tag-segundo-furo","15":"first","16":"instock","17":"shipping-taxable","18":"purchasable","19":"product-type-simple"},"_links":{"self":[{"href":"https:\/\/meiremendesjoias.com.br\/novo\/wp-json\/wp\/v2\/product\/256","targetHints":{"allow":["GET"]}}],"collection":[{"href":"https:\/\/meiremendesjoias.com.br\/novo\/wp-json\/wp\/v2\/product"}],"about":[{"href":"https:\/\/meiremendesjoias.com.br\/novo\/wp-json\/wp\/v2\/types\/product"}],"replies":[{"embeddable":true,"href":"https:\/\/meiremendesjoias.com.br\/novo\/wp-json\/wp\/v2\/comments?post=256"}],"wp:featuredmedia":[{"embeddable":true,"href":"https:\/\/meiremendesjoias.com.br\/novo\/wp-json\/wp\/v2\/media\/310"}],"wp:attachment":[{"href":"https:\/\/meiremendesjoias.com.br\/novo\/wp-json\/wp\/v2\/media?parent=256"}],"wp:term":[{"taxonomy":"product_brand","embeddable":true,"href":"https:\/\/meiremendesjoias.com.br\/novo\/wp-json\/wp\/v2\/product_brand?post=256"},{"taxonomy":"product_cat","embeddable":true,"href":"https:\/\/meiremendesjoias.com.br\/novo\/wp-json\/wp\/v2\/product_cat?post=256"},{"taxonomy":"product_tag","embeddable":true,"href":"https:\/\/meiremendesjoias.com.br\/novo\/wp-json\/wp\/v2\/product_tag?post=256"}],"curies":[{"name":"wp","href":"https:\/\/api.w.org\/{rel}","templated":true}]}}