{"id":257,"date":"2023-11-30T17:43:08","date_gmt":"2023-11-30T20:43:08","guid":{"rendered":"https:\/\/meiremendesjoias.com.br\/novo\/?post_type=product&#038;p=257"},"modified":"2025-02-23T11:39:47","modified_gmt":"2025-02-23T14:39:47","slug":"brinco-chanel-inspired-4","status":"publish","type":"product","link":"https:\/\/meiremendesjoias.com.br\/novo\/produto\/brinco-chanel-inspired-4\/","title":{"rendered":"Brinco Inspira\u00e7\u00e3o"},"content":{"rendered":"<p>Brinco Chanel Inspired, banhado a ouro amarelo 18 k, ou a r\u00f3dio, com micro zirc\u00f4nias cravejadas. Escolha o seu!<br \/>\nTamanho: 1,3 cm de largura x 1,0 cm de altura<\/p>\n","protected":false},"excerpt":{"rendered":"<p>Brinco Chanel Inspired, banhado a ouro amarelo 18 k, ou a r\u00f3dio, com micro zirc\u00f4nias cravejadas. Escolha o seu!<br \/>\nTamanho: 1,3 cm de largura x 1,0 cm de altura<\/p>\n","protected":false},"featured_media":311,"comment_status":"open","ping_status":"closed","template":"","meta":[],"product_brand":[],"product_cat":[153],"product_tag":[58,22,156,157,28,243,26],"class_list":{"0":"post-257","1":"product","2":"type-product","3":"status-publish","4":"has-post-thumbnail","6":"product_cat-brincos","7":"product_tag-banhado-a-ouro-18k","8":"product_tag-banhado-a-rodio","9":"product_tag-brinco","10":"product_tag-brincos","11":"product_tag-chanel-inspired","12":"product_tag-micro","13":"product_tag-zirconias-cravejadas","15":"first","16":"instock","17":"shipping-taxable","18":"purchasable","19":"product-type-simple"},"_links":{"self":[{"href":"https:\/\/meiremendesjoias.com.br\/novo\/wp-json\/wp\/v2\/product\/257","targetHints":{"allow":["GET"]}}],"collection":[{"href":"https:\/\/meiremendesjoias.com.br\/novo\/wp-json\/wp\/v2\/product"}],"about":[{"href":"https:\/\/meiremendesjoias.com.br\/novo\/wp-json\/wp\/v2\/types\/product"}],"replies":[{"embeddable":true,"href":"https:\/\/meiremendesjoias.com.br\/novo\/wp-json\/wp\/v2\/comments?post=257"}],"wp:featuredmedia":[{"embeddable":true,"href":"https:\/\/meiremendesjoias.com.br\/novo\/wp-json\/wp\/v2\/media\/311"}],"wp:attachment":[{"href":"https:\/\/meiremendesjoias.com.br\/novo\/wp-json\/wp\/v2\/media?parent=257"}],"wp:term":[{"taxonomy":"product_brand","embeddable":true,"href":"https:\/\/meiremendesjoias.com.br\/novo\/wp-json\/wp\/v2\/product_brand?post=257"},{"taxonomy":"product_cat","embeddable":true,"href":"https:\/\/meiremendesjoias.com.br\/novo\/wp-json\/wp\/v2\/product_cat?post=257"},{"taxonomy":"product_tag","embeddable":true,"href":"https:\/\/meiremendesjoias.com.br\/novo\/wp-json\/wp\/v2\/product_tag?post=257"}],"curies":[{"name":"wp","href":"https:\/\/api.w.org\/{rel}","templated":true}]}}