{"id":259,"date":"2023-11-30T17:43:08","date_gmt":"2023-11-30T20:43:08","guid":{"rendered":"https:\/\/meiremendesjoias.com.br\/novo\/?post_type=product&#038;p=259"},"modified":"2025-02-23T11:39:19","modified_gmt":"2025-02-23T14:39:19","slug":"brinco-chanel-inspired-perola","status":"publish","type":"product","link":"https:\/\/meiremendesjoias.com.br\/novo\/produto\/brinco-chanel-inspired-perola\/","title":{"rendered":"Brinco P\u00e9rola Inspira\u00e7\u00e3o"},"content":{"rendered":"","protected":false},"excerpt":{"rendered":"<p>Brinco Chanel Inspired, banhado a ouro amarelo 18 k, ou a r\u00f3dio, todo cravejado de micro zirc\u00f4nias e com p\u00e9rola shell pendurada. Escolha o seu!<br \/>\nTamanho: 1,8 cm de largura x 3,4 cm de altura<\/p>\n<p>Consulte a disponibilidade do banho que deseja por WhatsApp, antes de finalizar a compra.<\/p>\n","protected":false},"featured_media":313,"comment_status":"open","ping_status":"closed","template":"","meta":[],"product_brand":[],"product_cat":[153],"product_tag":[27,22,156,157,28,215,244,216],"class_list":{"0":"post-259","1":"product","2":"type-product","3":"status-publish","4":"has-post-thumbnail","6":"product_cat-brincos","7":"product_tag-banhado-a-ouro-amarelo-18-k","8":"product_tag-banhado-a-rodio","9":"product_tag-brinco","10":"product_tag-brincos","11":"product_tag-chanel-inspired","12":"product_tag-micro-zirconias","13":"product_tag-perola-shell","14":"product_tag-replica","16":"first","17":"instock","18":"shipping-taxable","19":"purchasable","20":"product-type-simple"},"_links":{"self":[{"href":"https:\/\/meiremendesjoias.com.br\/novo\/wp-json\/wp\/v2\/product\/259","targetHints":{"allow":["GET"]}}],"collection":[{"href":"https:\/\/meiremendesjoias.com.br\/novo\/wp-json\/wp\/v2\/product"}],"about":[{"href":"https:\/\/meiremendesjoias.com.br\/novo\/wp-json\/wp\/v2\/types\/product"}],"replies":[{"embeddable":true,"href":"https:\/\/meiremendesjoias.com.br\/novo\/wp-json\/wp\/v2\/comments?post=259"}],"wp:featuredmedia":[{"embeddable":true,"href":"https:\/\/meiremendesjoias.com.br\/novo\/wp-json\/wp\/v2\/media\/313"}],"wp:attachment":[{"href":"https:\/\/meiremendesjoias.com.br\/novo\/wp-json\/wp\/v2\/media?parent=259"}],"wp:term":[{"taxonomy":"product_brand","embeddable":true,"href":"https:\/\/meiremendesjoias.com.br\/novo\/wp-json\/wp\/v2\/product_brand?post=259"},{"taxonomy":"product_cat","embeddable":true,"href":"https:\/\/meiremendesjoias.com.br\/novo\/wp-json\/wp\/v2\/product_cat?post=259"},{"taxonomy":"product_tag","embeddable":true,"href":"https:\/\/meiremendesjoias.com.br\/novo\/wp-json\/wp\/v2\/product_tag?post=259"}],"curies":[{"name":"wp","href":"https:\/\/api.w.org\/{rel}","templated":true}]}}