{"id":264,"date":"2023-11-30T17:43:09","date_gmt":"2023-11-30T20:43:09","guid":{"rendered":"https:\/\/meiremendesjoias.com.br\/novo\/?post_type=product&#038;p=264"},"modified":"2023-12-12T09:41:09","modified_gmt":"2023-12-12T12:41:09","slug":"brinco-dior-micro-cravacao","status":"publish","type":"product","link":"https:\/\/meiremendesjoias.com.br\/novo\/produto\/brinco-dior-micro-cravacao\/","title":{"rendered":"Brinco Dior Micro Crava\u00e7\u00e3o"},"content":{"rendered":"<p>Brinco dior banhado a ouro amarelo 18k, ou a r\u00f3dio, todo cravejado com micro zirc\u00f4nias. Escolha o seu!<\/p>\n","protected":false},"excerpt":{"rendered":"<p>Brinco dior banhado a ouro amarelo 18k, ou a r\u00f3dio, todo cravejado com micro zirc\u00f4nias. Escolha o seu!<\/p>\n<p>Consulte a disponibilidade do banho que deseja por WhatsApp, antes de finalizar a compra.<\/p>\n","protected":false},"featured_media":319,"comment_status":"open","ping_status":"closed","template":"","meta":[],"product_brand":[],"product_cat":[153,17],"product_tag":[27,156,247,41,42],"class_list":{"0":"post-264","1":"product","2":"type-product","3":"status-publish","4":"has-post-thumbnail","6":"product_cat-brincos","7":"product_cat-sale","8":"product_tag-banhado-a-ouro-amarelo-18-k","9":"product_tag-brinco","10":"product_tag-dior","11":"product_tag-micro-cravacao","12":"product_tag-zirconias","14":"first","15":"instock","16":"sale","17":"shipping-taxable","18":"purchasable","19":"product-type-simple"},"_links":{"self":[{"href":"https:\/\/meiremendesjoias.com.br\/novo\/wp-json\/wp\/v2\/product\/264","targetHints":{"allow":["GET"]}}],"collection":[{"href":"https:\/\/meiremendesjoias.com.br\/novo\/wp-json\/wp\/v2\/product"}],"about":[{"href":"https:\/\/meiremendesjoias.com.br\/novo\/wp-json\/wp\/v2\/types\/product"}],"replies":[{"embeddable":true,"href":"https:\/\/meiremendesjoias.com.br\/novo\/wp-json\/wp\/v2\/comments?post=264"}],"wp:featuredmedia":[{"embeddable":true,"href":"https:\/\/meiremendesjoias.com.br\/novo\/wp-json\/wp\/v2\/media\/319"}],"wp:attachment":[{"href":"https:\/\/meiremendesjoias.com.br\/novo\/wp-json\/wp\/v2\/media?parent=264"}],"wp:term":[{"taxonomy":"product_brand","embeddable":true,"href":"https:\/\/meiremendesjoias.com.br\/novo\/wp-json\/wp\/v2\/product_brand?post=264"},{"taxonomy":"product_cat","embeddable":true,"href":"https:\/\/meiremendesjoias.com.br\/novo\/wp-json\/wp\/v2\/product_cat?post=264"},{"taxonomy":"product_tag","embeddable":true,"href":"https:\/\/meiremendesjoias.com.br\/novo\/wp-json\/wp\/v2\/product_tag?post=264"}],"curies":[{"name":"wp","href":"https:\/\/api.w.org\/{rel}","templated":true}]}}