{"id":27,"date":"2023-11-30T17:41:18","date_gmt":"2023-11-30T20:41:18","guid":{"rendered":"https:\/\/meiremendesjoias.com.br\/novo\/?post_type=product&#038;p=27"},"modified":"2023-12-06T16:52:24","modified_gmt":"2023-12-06T19:52:24","slug":"anel-aparador-borboleta-ouro-18-k","status":"publish","type":"product","link":"https:\/\/meiremendesjoias.com.br\/novo\/produto\/anel-aparador-borboleta-ouro-18-k\/","title":{"rendered":"Anel Aparador Borboleta Ouro 18 k"},"content":{"rendered":"<p>Anel aparador de borboleta em ouro amarelo 18 k.<\/p>\n<p>Prazo para fabrica\u00e7\u00e3o: 15 dias \u00fateis, podendo ocorrer antes.<\/p>\n","protected":false},"excerpt":{"rendered":"<p>Anel aparador de borboleta em ouro amarelo 18 k.<\/p>\n<p>Prazo para fabrica\u00e7\u00e3o: 15 dias \u00fateis, podendo ocorrer antes.<\/p>\n","protected":false},"featured_media":89,"comment_status":"open","ping_status":"closed","template":"","meta":[],"product_brand":[],"product_cat":[16],"product_tag":[19,20,21,37,59,60],"class_list":{"0":"post-27","1":"product","2":"type-product","3":"status-publish","4":"has-post-thumbnail","6":"product_cat-aneis","7":"product_tag-anel","8":"product_tag-aparador","9":"product_tag-aparador-de-alianca","10":"product_tag-borboleta","11":"product_tag-garantia","12":"product_tag-ouro-18-k","14":"first","15":"outofstock","16":"shipping-taxable","17":"product-type-simple"},"_links":{"self":[{"href":"https:\/\/meiremendesjoias.com.br\/novo\/wp-json\/wp\/v2\/product\/27","targetHints":{"allow":["GET"]}}],"collection":[{"href":"https:\/\/meiremendesjoias.com.br\/novo\/wp-json\/wp\/v2\/product"}],"about":[{"href":"https:\/\/meiremendesjoias.com.br\/novo\/wp-json\/wp\/v2\/types\/product"}],"replies":[{"embeddable":true,"href":"https:\/\/meiremendesjoias.com.br\/novo\/wp-json\/wp\/v2\/comments?post=27"}],"wp:featuredmedia":[{"embeddable":true,"href":"https:\/\/meiremendesjoias.com.br\/novo\/wp-json\/wp\/v2\/media\/89"}],"wp:attachment":[{"href":"https:\/\/meiremendesjoias.com.br\/novo\/wp-json\/wp\/v2\/media?parent=27"}],"wp:term":[{"taxonomy":"product_brand","embeddable":true,"href":"https:\/\/meiremendesjoias.com.br\/novo\/wp-json\/wp\/v2\/product_brand?post=27"},{"taxonomy":"product_cat","embeddable":true,"href":"https:\/\/meiremendesjoias.com.br\/novo\/wp-json\/wp\/v2\/product_cat?post=27"},{"taxonomy":"product_tag","embeddable":true,"href":"https:\/\/meiremendesjoias.com.br\/novo\/wp-json\/wp\/v2\/product_tag?post=27"}],"curies":[{"name":"wp","href":"https:\/\/api.w.org\/{rel}","templated":true}]}}