{"id":286,"date":"2023-11-30T17:43:31","date_gmt":"2023-11-30T20:43:31","guid":{"rendered":"https:\/\/meiremendesjoias.com.br\/novo\/?post_type=product&#038;p=286"},"modified":"2023-12-12T09:40:50","modified_gmt":"2023-12-12T12:40:50","slug":"brinco-dior-rainbow","status":"publish","type":"product","link":"https:\/\/meiremendesjoias.com.br\/novo\/produto\/brinco-dior-rainbow\/","title":{"rendered":"Brinco Dior Rainbow"},"content":{"rendered":"<p>Brinco dior banhado a ouro amarelo 18k, com micro crava\u00e7\u00e3o rainbow e p\u00e9rola shell.<br \/>\nTamanho: 1,5 cm de largura x 2,5 cm de altura<br \/>\nTemos tamb\u00e9m o colar longo para formar o conjunto. Veja na foto e v\u00eddeo em anexo.<\/p>\n","protected":false},"excerpt":{"rendered":"<p>Brinco dior banhado a ouro amarelo 18k, com micro crava\u00e7\u00e3o rainbow e p\u00e9rola shell.<br \/>\nTamanho: 1,5 cm de largura x 2,5 cm de altura<br \/>\nTemos tamb\u00e9m o colar longo para formar o conjunto. Veja na foto e v\u00eddeo em anexo.<\/p>\n","protected":false},"featured_media":323,"comment_status":"open","ping_status":"closed","template":"","meta":[],"product_brand":[],"product_cat":[153],"product_tag":[27,156,247,215,57,237],"class_list":{"0":"post-286","1":"product","2":"type-product","3":"status-publish","4":"has-post-thumbnail","6":"product_cat-brincos","7":"product_tag-banhado-a-ouro-amarelo-18-k","8":"product_tag-brinco","9":"product_tag-dior","10":"product_tag-micro-zirconias","11":"product_tag-perolas","12":"product_tag-rainbow","14":"first","15":"instock","16":"shipping-taxable","17":"purchasable","18":"product-type-simple"},"_links":{"self":[{"href":"https:\/\/meiremendesjoias.com.br\/novo\/wp-json\/wp\/v2\/product\/286","targetHints":{"allow":["GET"]}}],"collection":[{"href":"https:\/\/meiremendesjoias.com.br\/novo\/wp-json\/wp\/v2\/product"}],"about":[{"href":"https:\/\/meiremendesjoias.com.br\/novo\/wp-json\/wp\/v2\/types\/product"}],"replies":[{"embeddable":true,"href":"https:\/\/meiremendesjoias.com.br\/novo\/wp-json\/wp\/v2\/comments?post=286"}],"wp:featuredmedia":[{"embeddable":true,"href":"https:\/\/meiremendesjoias.com.br\/novo\/wp-json\/wp\/v2\/media\/323"}],"wp:attachment":[{"href":"https:\/\/meiremendesjoias.com.br\/novo\/wp-json\/wp\/v2\/media?parent=286"}],"wp:term":[{"taxonomy":"product_brand","embeddable":true,"href":"https:\/\/meiremendesjoias.com.br\/novo\/wp-json\/wp\/v2\/product_brand?post=286"},{"taxonomy":"product_cat","embeddable":true,"href":"https:\/\/meiremendesjoias.com.br\/novo\/wp-json\/wp\/v2\/product_cat?post=286"},{"taxonomy":"product_tag","embeddable":true,"href":"https:\/\/meiremendesjoias.com.br\/novo\/wp-json\/wp\/v2\/product_tag?post=286"}],"curies":[{"name":"wp","href":"https:\/\/api.w.org\/{rel}","templated":true}]}}