{"id":288,"date":"2023-11-30T17:43:32","date_gmt":"2023-11-30T20:43:32","guid":{"rendered":"https:\/\/meiremendesjoias.com.br\/novo\/?post_type=product&#038;p=288"},"modified":"2023-12-01T19:08:50","modified_gmt":"2023-12-01T22:08:50","slug":"brinco-ear-cuff-perolas","status":"publish","type":"product","link":"https:\/\/meiremendesjoias.com.br\/novo\/produto\/brinco-ear-cuff-perolas\/","title":{"rendered":"Brinco Ear Cuff P\u00e9rolas"},"content":{"rendered":"<p>Brinco banhado a ouro amarelo 18 k, ou a r\u00f3dio, com p\u00e9rolas e zirc\u00f4nias cravejadas.<br \/>\nTamanho: 1,3 cm de largura x 4,0 cm de altura<\/p>\n","protected":false},"excerpt":{"rendered":"<p>Brinco banhado a ouro amarelo 18 k, ou a r\u00f3dio, com p\u00e9rolas e zirc\u00f4nias cravejadas.<br \/>\nTamanho: 1,3 cm de largura x 4,0 cm de altura<\/p>\n","protected":false},"featured_media":344,"comment_status":"open","ping_status":"closed","template":"","meta":[],"product_brand":[],"product_cat":[153],"product_tag":[36,156,157,82,249,85,57],"class_list":{"0":"post-288","1":"product","2":"type-product","3":"status-publish","4":"has-post-thumbnail","6":"product_cat-brincos","7":"product_tag-banhado-a-ouro-amarelo","8":"product_tag-brinco","9":"product_tag-brincos","10":"product_tag-casamento","11":"product_tag-ear-cuff","12":"product_tag-noiva","13":"product_tag-perolas","15":"first","16":"instock","17":"shipping-taxable","18":"purchasable","19":"product-type-simple"},"_links":{"self":[{"href":"https:\/\/meiremendesjoias.com.br\/novo\/wp-json\/wp\/v2\/product\/288","targetHints":{"allow":["GET"]}}],"collection":[{"href":"https:\/\/meiremendesjoias.com.br\/novo\/wp-json\/wp\/v2\/product"}],"about":[{"href":"https:\/\/meiremendesjoias.com.br\/novo\/wp-json\/wp\/v2\/types\/product"}],"replies":[{"embeddable":true,"href":"https:\/\/meiremendesjoias.com.br\/novo\/wp-json\/wp\/v2\/comments?post=288"}],"wp:featuredmedia":[{"embeddable":true,"href":"https:\/\/meiremendesjoias.com.br\/novo\/wp-json\/wp\/v2\/media\/344"}],"wp:attachment":[{"href":"https:\/\/meiremendesjoias.com.br\/novo\/wp-json\/wp\/v2\/media?parent=288"}],"wp:term":[{"taxonomy":"product_brand","embeddable":true,"href":"https:\/\/meiremendesjoias.com.br\/novo\/wp-json\/wp\/v2\/product_brand?post=288"},{"taxonomy":"product_cat","embeddable":true,"href":"https:\/\/meiremendesjoias.com.br\/novo\/wp-json\/wp\/v2\/product_cat?post=288"},{"taxonomy":"product_tag","embeddable":true,"href":"https:\/\/meiremendesjoias.com.br\/novo\/wp-json\/wp\/v2\/product_tag?post=288"}],"curies":[{"name":"wp","href":"https:\/\/api.w.org\/{rel}","templated":true}]}}