{"id":295,"date":"2023-11-30T17:43:32","date_gmt":"2023-11-30T20:43:32","guid":{"rendered":"https:\/\/meiremendesjoias.com.br\/novo\/?post_type=product&#038;p=295"},"modified":"2023-12-01T19:08:50","modified_gmt":"2023-12-01T22:08:50","slug":"brinco-gota-zirconia-safira","status":"publish","type":"product","link":"https:\/\/meiremendesjoias.com.br\/novo\/produto\/brinco-gota-zirconia-safira\/","title":{"rendered":"Brinco Gota Zirc\u00f4nia Safira"},"content":{"rendered":"<p>Brinco de prata 925, banhado a r\u00f3dio, gota de zirc\u00f4nia na cor safira, com micro crava\u00e7\u00e3o a volta toda.<br \/>\nTamanho: 1,2 cm de largura x 1,7 cm de altura.<\/p>\n","protected":false},"excerpt":{"rendered":"<p>Brinco de prata 925, banhado a r\u00f3dio, gota de zirc\u00f4nia na cor safira, com micro crava\u00e7\u00e3o a volta toda.<br \/>\nTamanho: 1,2 cm de largura x 1,7 cm de altura.<\/p>\n","protected":false},"featured_media":355,"comment_status":"open","ping_status":"closed","template":"","meta":[],"product_brand":[],"product_cat":[153],"product_tag":[22,156,82,255,40,160,41,85,24,256,42],"class_list":{"0":"post-295","1":"product","2":"type-product","3":"status-publish","4":"has-post-thumbnail","6":"product_cat-brincos","7":"product_tag-banhado-a-rodio","8":"product_tag-brinco","9":"product_tag-casamento","10":"product_tag-festa","11":"product_tag-gota","12":"product_tag-joias-em-prata","13":"product_tag-micro-cravacao","14":"product_tag-noiva","15":"product_tag-prata-925","16":"product_tag-safira","17":"product_tag-zirconias","19":"first","20":"instock","21":"shipping-taxable","22":"purchasable","23":"product-type-simple"},"_links":{"self":[{"href":"https:\/\/meiremendesjoias.com.br\/novo\/wp-json\/wp\/v2\/product\/295","targetHints":{"allow":["GET"]}}],"collection":[{"href":"https:\/\/meiremendesjoias.com.br\/novo\/wp-json\/wp\/v2\/product"}],"about":[{"href":"https:\/\/meiremendesjoias.com.br\/novo\/wp-json\/wp\/v2\/types\/product"}],"replies":[{"embeddable":true,"href":"https:\/\/meiremendesjoias.com.br\/novo\/wp-json\/wp\/v2\/comments?post=295"}],"wp:featuredmedia":[{"embeddable":true,"href":"https:\/\/meiremendesjoias.com.br\/novo\/wp-json\/wp\/v2\/media\/355"}],"wp:attachment":[{"href":"https:\/\/meiremendesjoias.com.br\/novo\/wp-json\/wp\/v2\/media?parent=295"}],"wp:term":[{"taxonomy":"product_brand","embeddable":true,"href":"https:\/\/meiremendesjoias.com.br\/novo\/wp-json\/wp\/v2\/product_brand?post=295"},{"taxonomy":"product_cat","embeddable":true,"href":"https:\/\/meiremendesjoias.com.br\/novo\/wp-json\/wp\/v2\/product_cat?post=295"},{"taxonomy":"product_tag","embeddable":true,"href":"https:\/\/meiremendesjoias.com.br\/novo\/wp-json\/wp\/v2\/product_tag?post=295"}],"curies":[{"name":"wp","href":"https:\/\/api.w.org\/{rel}","templated":true}]}}