{"id":298,"date":"2023-11-30T17:43:32","date_gmt":"2023-11-30T20:43:32","guid":{"rendered":"https:\/\/meiremendesjoias.com.br\/novo\/?post_type=product&#038;p=298"},"modified":"2023-12-01T19:08:50","modified_gmt":"2023-12-01T22:08:50","slug":"brinco-medio-borboleta-abalone","status":"publish","type":"product","link":"https:\/\/meiremendesjoias.com.br\/novo\/produto\/brinco-medio-borboleta-abalone\/","title":{"rendered":"Brinco M\u00e9dio Borboleta Abalone"},"content":{"rendered":"<p>Brinco banhado a ouro amarelo 18 k, borboleta de abalone e micro crava\u00e7\u00e3o na cor esmeralda.<br \/>\nTamanho da borboleta: 2,7 cm de largura x 2,2 cm de altura<\/p>\n","protected":false},"excerpt":{"rendered":"<p>Brinco banhado a ouro amarelo 18 k, borboleta de abalone e micro crava\u00e7\u00e3o na cor esmeralda.<br \/>\nTamanho da borboleta: 2,7 cm de largura x 2,2 cm de altura<\/p>\n","protected":false},"featured_media":360,"comment_status":"open","ping_status":"closed","template":"","meta":[],"product_brand":[],"product_cat":[153,17],"product_tag":[171,27,37,156,157,43,215],"class_list":{"0":"post-298","1":"product","2":"type-product","3":"status-publish","4":"has-post-thumbnail","6":"product_cat-brincos","7":"product_cat-sale","8":"product_tag-abalone","9":"product_tag-banhado-a-ouro-amarelo-18-k","10":"product_tag-borboleta","11":"product_tag-brinco","12":"product_tag-brincos","13":"product_tag-esmeralda","14":"product_tag-micro-zirconias","16":"first","17":"instock","18":"sale","19":"shipping-taxable","20":"purchasable","21":"product-type-simple"},"_links":{"self":[{"href":"https:\/\/meiremendesjoias.com.br\/novo\/wp-json\/wp\/v2\/product\/298","targetHints":{"allow":["GET"]}}],"collection":[{"href":"https:\/\/meiremendesjoias.com.br\/novo\/wp-json\/wp\/v2\/product"}],"about":[{"href":"https:\/\/meiremendesjoias.com.br\/novo\/wp-json\/wp\/v2\/types\/product"}],"replies":[{"embeddable":true,"href":"https:\/\/meiremendesjoias.com.br\/novo\/wp-json\/wp\/v2\/comments?post=298"}],"wp:featuredmedia":[{"embeddable":true,"href":"https:\/\/meiremendesjoias.com.br\/novo\/wp-json\/wp\/v2\/media\/360"}],"wp:attachment":[{"href":"https:\/\/meiremendesjoias.com.br\/novo\/wp-json\/wp\/v2\/media?parent=298"}],"wp:term":[{"taxonomy":"product_brand","embeddable":true,"href":"https:\/\/meiremendesjoias.com.br\/novo\/wp-json\/wp\/v2\/product_brand?post=298"},{"taxonomy":"product_cat","embeddable":true,"href":"https:\/\/meiremendesjoias.com.br\/novo\/wp-json\/wp\/v2\/product_cat?post=298"},{"taxonomy":"product_tag","embeddable":true,"href":"https:\/\/meiremendesjoias.com.br\/novo\/wp-json\/wp\/v2\/product_tag?post=298"}],"curies":[{"name":"wp","href":"https:\/\/api.w.org\/{rel}","templated":true}]}}