{"id":300,"date":"2023-11-30T17:43:32","date_gmt":"2023-11-30T20:43:32","guid":{"rendered":"https:\/\/meiremendesjoias.com.br\/novo\/?post_type=product&#038;p=300"},"modified":"2023-12-01T19:08:50","modified_gmt":"2023-12-01T22:08:50","slug":"brinco-orquidea-galuchat","status":"publish","type":"product","link":"https:\/\/meiremendesjoias.com.br\/novo\/produto\/brinco-orquidea-galuchat\/","title":{"rendered":"Brinco Orqu\u00eddea Galuchat"},"content":{"rendered":"<p>Brinco orqu\u00eddea galuchat, banhado a r\u00f3dio, com fusion turmalina e zirc\u00f4nias cravejadas.<br \/>\nTamanho: 4,5 cm de largura x 7,8 cm de altura<\/p>\n","protected":false},"excerpt":{"rendered":"<p>Brinco orqu\u00eddea galuchat, banhado a r\u00f3dio, com fusion turmalina e zirc\u00f4nias cravejadas.<br \/>\nTamanho: 4,5 cm de largura x 7,8 cm de altura<\/p>\n","protected":false},"featured_media":362,"comment_status":"open","ping_status":"closed","template":"","meta":[],"product_brand":[],"product_cat":[153,17],"product_tag":[22,156,259,30,260,32,42],"class_list":{"0":"post-300","1":"product","2":"type-product","3":"status-publish","4":"has-post-thumbnail","6":"product_cat-brincos","7":"product_cat-sale","8":"product_tag-banhado-a-rodio","9":"product_tag-brinco","10":"product_tag-couro-de-arraia","11":"product_tag-fusion","12":"product_tag-galuchat","13":"product_tag-turmalina","14":"product_tag-zirconias","16":"first","17":"instock","18":"sale","19":"shipping-taxable","20":"purchasable","21":"product-type-simple"},"_links":{"self":[{"href":"https:\/\/meiremendesjoias.com.br\/novo\/wp-json\/wp\/v2\/product\/300","targetHints":{"allow":["GET"]}}],"collection":[{"href":"https:\/\/meiremendesjoias.com.br\/novo\/wp-json\/wp\/v2\/product"}],"about":[{"href":"https:\/\/meiremendesjoias.com.br\/novo\/wp-json\/wp\/v2\/types\/product"}],"replies":[{"embeddable":true,"href":"https:\/\/meiremendesjoias.com.br\/novo\/wp-json\/wp\/v2\/comments?post=300"}],"wp:featuredmedia":[{"embeddable":true,"href":"https:\/\/meiremendesjoias.com.br\/novo\/wp-json\/wp\/v2\/media\/362"}],"wp:attachment":[{"href":"https:\/\/meiremendesjoias.com.br\/novo\/wp-json\/wp\/v2\/media?parent=300"}],"wp:term":[{"taxonomy":"product_brand","embeddable":true,"href":"https:\/\/meiremendesjoias.com.br\/novo\/wp-json\/wp\/v2\/product_brand?post=300"},{"taxonomy":"product_cat","embeddable":true,"href":"https:\/\/meiremendesjoias.com.br\/novo\/wp-json\/wp\/v2\/product_cat?post=300"},{"taxonomy":"product_tag","embeddable":true,"href":"https:\/\/meiremendesjoias.com.br\/novo\/wp-json\/wp\/v2\/product_tag?post=300"}],"curies":[{"name":"wp","href":"https:\/\/api.w.org\/{rel}","templated":true}]}}