{"id":329,"date":"2023-11-30T17:43:53","date_gmt":"2023-11-30T20:43:53","guid":{"rendered":"https:\/\/meiremendesjoias.com.br\/novo\/?post_type=product&#038;p=329"},"modified":"2023-12-01T19:00:06","modified_gmt":"2023-12-01T22:00:06","slug":"brinco-perola-tres-cores","status":"publish","type":"product","link":"https:\/\/meiremendesjoias.com.br\/novo\/produto\/brinco-perola-tres-cores\/","title":{"rendered":"Brinco P\u00e9rola Tr\u00eas Cores"},"content":{"rendered":"<p>Brinco com p\u00e9rolas de tr\u00eas cores, banhado a ouro amarelo 18 k, ou a r\u00f3dio.<br \/>\nTamanho: 1,5 cm de largura x 1,5 cm de altura<\/p>\n","protected":false},"excerpt":{"rendered":"<p>Brinco com p\u00e9rolas de tr\u00eas cores, banhado a ouro amarelo 18 k, ou a r\u00f3dio.<br \/>\nTamanho: 1,5 cm de largura x 1,5 cm de altura<\/p>\n<p>Entre em contato por WhatsApp para consultar a disponibilidade do banho que deseja, antes de finalizar o pedido.<\/p>\n","protected":false},"featured_media":366,"comment_status":"open","ping_status":"closed","template":"","meta":[],"product_brand":[],"product_cat":[153],"product_tag":[27,156,157,265],"class_list":{"0":"post-329","1":"product","2":"type-product","3":"status-publish","4":"has-post-thumbnail","6":"product_cat-brincos","7":"product_tag-banhado-a-ouro-amarelo-18-k","8":"product_tag-brinco","9":"product_tag-brincos","10":"product_tag-perolas-tres-cores","12":"first","13":"instock","14":"shipping-taxable","15":"purchasable","16":"product-type-simple"},"_links":{"self":[{"href":"https:\/\/meiremendesjoias.com.br\/novo\/wp-json\/wp\/v2\/product\/329","targetHints":{"allow":["GET"]}}],"collection":[{"href":"https:\/\/meiremendesjoias.com.br\/novo\/wp-json\/wp\/v2\/product"}],"about":[{"href":"https:\/\/meiremendesjoias.com.br\/novo\/wp-json\/wp\/v2\/types\/product"}],"replies":[{"embeddable":true,"href":"https:\/\/meiremendesjoias.com.br\/novo\/wp-json\/wp\/v2\/comments?post=329"}],"wp:featuredmedia":[{"embeddable":true,"href":"https:\/\/meiremendesjoias.com.br\/novo\/wp-json\/wp\/v2\/media\/366"}],"wp:attachment":[{"href":"https:\/\/meiremendesjoias.com.br\/novo\/wp-json\/wp\/v2\/media?parent=329"}],"wp:term":[{"taxonomy":"product_brand","embeddable":true,"href":"https:\/\/meiremendesjoias.com.br\/novo\/wp-json\/wp\/v2\/product_brand?post=329"},{"taxonomy":"product_cat","embeddable":true,"href":"https:\/\/meiremendesjoias.com.br\/novo\/wp-json\/wp\/v2\/product_cat?post=329"},{"taxonomy":"product_tag","embeddable":true,"href":"https:\/\/meiremendesjoias.com.br\/novo\/wp-json\/wp\/v2\/product_tag?post=329"}],"curies":[{"name":"wp","href":"https:\/\/api.w.org\/{rel}","templated":true}]}}