{"id":33,"date":"2023-11-30T17:41:18","date_gmt":"2023-11-30T20:41:18","guid":{"rendered":"https:\/\/meiremendesjoias.com.br\/novo\/?post_type=product&#038;p=33"},"modified":"2023-12-06T16:52:24","modified_gmt":"2023-12-06T19:52:24","slug":"anel-sao-jorge-prata-925","status":"publish","type":"product","link":"https:\/\/meiremendesjoias.com.br\/novo\/produto\/anel-sao-jorge-prata-925\/","title":{"rendered":"Anel S\u00e3o Jorge Prata 925"},"content":{"rendered":"<p>Anel com imagem do s\u00e3o jorge, drag\u00e3o em alto relevo e a ora\u00e7\u00e3o do lado direito e esquerdo com detalhes levementes envelhecidos.<\/p>\n<p>Peso M\u00e9dio: 10 gramas<\/p>\n<p>Tamanho da parte de cima: 1,4 x 1,4 cm<\/p>\n","protected":false},"excerpt":{"rendered":"<p>Anel com imagem do s\u00e3o jorge, drag\u00e3o em alto relevo e a ora\u00e7\u00e3o do lado direito e esquerdo com detalhes levementes envelhecidos.<\/p>\n<p>Peso M\u00e9dio: 10 gramas<\/p>\n<p>Tamanho da parte de cima: 1,4 x 1,4 cm<\/p>\n","protected":false},"featured_media":98,"comment_status":"open","ping_status":"closed","template":"","meta":[],"product_brand":[],"product_cat":[16],"product_tag":[19,59,68,66,69,24,70],"class_list":{"0":"post-33","1":"product","2":"type-product","3":"status-publish","4":"has-post-thumbnail","6":"product_cat-aneis","7":"product_tag-anel","8":"product_tag-garantia","9":"product_tag-imagem-sao-jorge","10":"product_tag-masculino","11":"product_tag-oracao-sao-jorge","12":"product_tag-prata-925","13":"product_tag-sao-jorge","15":"first","16":"outofstock","17":"shipping-taxable","18":"product-type-simple"},"_links":{"self":[{"href":"https:\/\/meiremendesjoias.com.br\/novo\/wp-json\/wp\/v2\/product\/33","targetHints":{"allow":["GET"]}}],"collection":[{"href":"https:\/\/meiremendesjoias.com.br\/novo\/wp-json\/wp\/v2\/product"}],"about":[{"href":"https:\/\/meiremendesjoias.com.br\/novo\/wp-json\/wp\/v2\/types\/product"}],"replies":[{"embeddable":true,"href":"https:\/\/meiremendesjoias.com.br\/novo\/wp-json\/wp\/v2\/comments?post=33"}],"wp:featuredmedia":[{"embeddable":true,"href":"https:\/\/meiremendesjoias.com.br\/novo\/wp-json\/wp\/v2\/media\/98"}],"wp:attachment":[{"href":"https:\/\/meiremendesjoias.com.br\/novo\/wp-json\/wp\/v2\/media?parent=33"}],"wp:term":[{"taxonomy":"product_brand","embeddable":true,"href":"https:\/\/meiremendesjoias.com.br\/novo\/wp-json\/wp\/v2\/product_brand?post=33"},{"taxonomy":"product_cat","embeddable":true,"href":"https:\/\/meiremendesjoias.com.br\/novo\/wp-json\/wp\/v2\/product_cat?post=33"},{"taxonomy":"product_tag","embeddable":true,"href":"https:\/\/meiremendesjoias.com.br\/novo\/wp-json\/wp\/v2\/product_tag?post=33"}],"curies":[{"name":"wp","href":"https:\/\/api.w.org\/{rel}","templated":true}]}}