{"id":332,"date":"2023-11-30T17:43:53","date_gmt":"2023-11-30T20:43:53","guid":{"rendered":"https:\/\/meiremendesjoias.com.br\/novo\/?post_type=product&#038;p=332"},"modified":"2023-12-11T17:11:03","modified_gmt":"2023-12-11T20:11:03","slug":"brinco-quartzo-branco","status":"publish","type":"product","link":"https:\/\/meiremendesjoias.com.br\/novo\/produto\/brinco-quartzo-branco\/","title":{"rendered":"Brinco Quartzo Branco"},"content":{"rendered":"<p>Brinco banhado a ouro amarelo 18 k, com flor, pedra natural quartzo branco, p\u00e9rolas, madrep\u00e9rolas e zirc\u00f4nias cravejadas.<br \/>\nTamanho: 2,5 cm de largura x 5,5 cm de altura<\/p>\n","protected":false},"excerpt":{"rendered":"<p>Brinco banhado a ouro amarelo 18 k, com flor, pedra natural quartzo branco, p\u00e9rolas, madrep\u00e9rolas e zirc\u00f4nias cravejadas.<br \/>\nTamanho: 2,5 cm de largura x 5,5 cm de altura<\/p>\n","protected":false},"featured_media":371,"comment_status":"open","ping_status":"closed","template":"","meta":[],"product_brand":[],"product_cat":[153],"product_tag":[27,156,34,38,163,57,193,42],"class_list":{"0":"post-332","1":"product","2":"type-product","3":"status-publish","4":"has-post-thumbnail","6":"product_cat-brincos","7":"product_tag-banhado-a-ouro-amarelo-18-k","8":"product_tag-brinco","9":"product_tag-flor","10":"product_tag-madreperola","11":"product_tag-pedra-natural","12":"product_tag-perolas","13":"product_tag-quartzo","14":"product_tag-zirconias","16":"first","17":"instock","18":"shipping-taxable","19":"purchasable","20":"product-type-simple"},"_links":{"self":[{"href":"https:\/\/meiremendesjoias.com.br\/novo\/wp-json\/wp\/v2\/product\/332","targetHints":{"allow":["GET"]}}],"collection":[{"href":"https:\/\/meiremendesjoias.com.br\/novo\/wp-json\/wp\/v2\/product"}],"about":[{"href":"https:\/\/meiremendesjoias.com.br\/novo\/wp-json\/wp\/v2\/types\/product"}],"replies":[{"embeddable":true,"href":"https:\/\/meiremendesjoias.com.br\/novo\/wp-json\/wp\/v2\/comments?post=332"}],"wp:featuredmedia":[{"embeddable":true,"href":"https:\/\/meiremendesjoias.com.br\/novo\/wp-json\/wp\/v2\/media\/371"}],"wp:attachment":[{"href":"https:\/\/meiremendesjoias.com.br\/novo\/wp-json\/wp\/v2\/media?parent=332"}],"wp:term":[{"taxonomy":"product_brand","embeddable":true,"href":"https:\/\/meiremendesjoias.com.br\/novo\/wp-json\/wp\/v2\/product_brand?post=332"},{"taxonomy":"product_cat","embeddable":true,"href":"https:\/\/meiremendesjoias.com.br\/novo\/wp-json\/wp\/v2\/product_cat?post=332"},{"taxonomy":"product_tag","embeddable":true,"href":"https:\/\/meiremendesjoias.com.br\/novo\/wp-json\/wp\/v2\/product_tag?post=332"}],"curies":[{"name":"wp","href":"https:\/\/api.w.org\/{rel}","templated":true}]}}