{"id":337,"date":"2023-11-30T17:43:54","date_gmt":"2023-11-30T20:43:54","guid":{"rendered":"https:\/\/meiremendesjoias.com.br\/novo\/?post_type=product&#038;p=337"},"modified":"2023-12-01T19:07:48","modified_gmt":"2023-12-01T22:07:48","slug":"brinco-cristal-fume","status":"publish","type":"product","link":"https:\/\/meiremendesjoias.com.br\/novo\/produto\/brinco-cristal-fume\/","title":{"rendered":"Brinco Cristal Fum\u00ea"},"content":{"rendered":"<p>Brinco banhado a ouro 18 k, com zirc\u00f4nias cravejadas nas cores negra, transparente e cristal fum\u00ea.<br \/>\nTamanho: 1,9 cm de largura x 2,1 cm de altura<\/p>\n","protected":false},"excerpt":{"rendered":"<p>Brinco banhado a ouro 18 k, com zirc\u00f4nias cravejadas brancas, navetes negras e cristal fum\u00ea.<br \/>\nTamanho: 1,9 cm de largura x 2,1 cm de altura<\/p>\n","protected":false},"featured_media":401,"comment_status":"open","ping_status":"closed","template":"","meta":[],"product_brand":[],"product_cat":[153,17],"product_tag":[154,155,156,157,273,42],"class_list":{"0":"post-337","1":"product","2":"type-product","3":"status-publish","4":"has-post-thumbnail","6":"product_cat-brincos","7":"product_cat-sale","8":"product_tag-atacado","9":"product_tag-banhado-a-ouro-18-k","10":"product_tag-brinco","11":"product_tag-brincos","12":"product_tag-fume","13":"product_tag-zirconias","15":"first","16":"instock","17":"sale","18":"shipping-taxable","19":"purchasable","20":"product-type-simple"},"_links":{"self":[{"href":"https:\/\/meiremendesjoias.com.br\/novo\/wp-json\/wp\/v2\/product\/337","targetHints":{"allow":["GET"]}}],"collection":[{"href":"https:\/\/meiremendesjoias.com.br\/novo\/wp-json\/wp\/v2\/product"}],"about":[{"href":"https:\/\/meiremendesjoias.com.br\/novo\/wp-json\/wp\/v2\/types\/product"}],"replies":[{"embeddable":true,"href":"https:\/\/meiremendesjoias.com.br\/novo\/wp-json\/wp\/v2\/comments?post=337"}],"wp:featuredmedia":[{"embeddable":true,"href":"https:\/\/meiremendesjoias.com.br\/novo\/wp-json\/wp\/v2\/media\/401"}],"wp:attachment":[{"href":"https:\/\/meiremendesjoias.com.br\/novo\/wp-json\/wp\/v2\/media?parent=337"}],"wp:term":[{"taxonomy":"product_brand","embeddable":true,"href":"https:\/\/meiremendesjoias.com.br\/novo\/wp-json\/wp\/v2\/product_brand?post=337"},{"taxonomy":"product_cat","embeddable":true,"href":"https:\/\/meiremendesjoias.com.br\/novo\/wp-json\/wp\/v2\/product_cat?post=337"},{"taxonomy":"product_tag","embeddable":true,"href":"https:\/\/meiremendesjoias.com.br\/novo\/wp-json\/wp\/v2\/product_tag?post=337"}],"curies":[{"name":"wp","href":"https:\/\/api.w.org\/{rel}","templated":true}]}}