{"id":34,"date":"2023-11-30T17:41:18","date_gmt":"2023-11-30T20:41:18","guid":{"rendered":"https:\/\/meiremendesjoias.com.br\/novo\/?post_type=product&#038;p=34"},"modified":"2023-12-06T16:52:24","modified_gmt":"2023-12-06T19:52:24","slug":"anel-senhor-dos-aneis-ouro-18-k","status":"publish","type":"product","link":"https:\/\/meiremendesjoias.com.br\/novo\/produto\/anel-senhor-dos-aneis-ouro-18-k\/","title":{"rendered":"Anel Senhor dos An\u00e9is Ouro 18 k"},"content":{"rendered":"<p>Anel em ouro amarelo 18 k. Modelo caracter\u00edstico para os f\u00e3s do filme &#8220;Senhor dos An\u00e9is&#8221;. Semi anat\u00f4mico internamente e com acabamento polido.<br \/>\nLargura: 5 mm<br \/>\nPeso m\u00e9dio: 6 gramas, aproximadamente.<br \/>\nFonte de grava\u00e7\u00e3o: Tengwar Annatar (gravado a laser)<br \/>\nPrazo para fabrica\u00e7\u00e3o: 40 dias, podendo ocorrer antes.<\/p>\n","protected":false},"excerpt":{"rendered":"<p>Anel em ouro amarelo 18 k. Modelo caracter\u00edstico para os f\u00e3s do filme &#8220;Senhor dos An\u00e9is&#8221;. Semi anat\u00f4mico internamente e com acabamento polido.<br \/>\nLargura: 5 mm<br \/>\nPeso m\u00e9dio: 6 gramas, aproximadamente.<br \/>\nFonte de grava\u00e7\u00e3o: Tengwar Annatar (gravado a laser)<br \/>\nPrazo para fabrica\u00e7\u00e3o: 40 dias, podendo ocorrer antes.<\/p>\n","protected":false},"featured_media":99,"comment_status":"open","ping_status":"closed","template":"","meta":[],"product_brand":[],"product_cat":[16],"product_tag":[18,19,71,59,60,72,73],"class_list":{"0":"post-34","1":"product","2":"type-product","3":"status-publish","4":"has-post-thumbnail","6":"product_cat-aneis","7":"product_tag-aneis","8":"product_tag-anel","9":"product_tag-filme","10":"product_tag-garantia","11":"product_tag-ouro-18-k","12":"product_tag-senhor-dos-aneis","13":"product_tag-trilogia","15":"first","16":"outofstock","17":"shipping-taxable","18":"product-type-simple"},"_links":{"self":[{"href":"https:\/\/meiremendesjoias.com.br\/novo\/wp-json\/wp\/v2\/product\/34","targetHints":{"allow":["GET"]}}],"collection":[{"href":"https:\/\/meiremendesjoias.com.br\/novo\/wp-json\/wp\/v2\/product"}],"about":[{"href":"https:\/\/meiremendesjoias.com.br\/novo\/wp-json\/wp\/v2\/types\/product"}],"replies":[{"embeddable":true,"href":"https:\/\/meiremendesjoias.com.br\/novo\/wp-json\/wp\/v2\/comments?post=34"}],"wp:featuredmedia":[{"embeddable":true,"href":"https:\/\/meiremendesjoias.com.br\/novo\/wp-json\/wp\/v2\/media\/99"}],"wp:attachment":[{"href":"https:\/\/meiremendesjoias.com.br\/novo\/wp-json\/wp\/v2\/media?parent=34"}],"wp:term":[{"taxonomy":"product_brand","embeddable":true,"href":"https:\/\/meiremendesjoias.com.br\/novo\/wp-json\/wp\/v2\/product_brand?post=34"},{"taxonomy":"product_cat","embeddable":true,"href":"https:\/\/meiremendesjoias.com.br\/novo\/wp-json\/wp\/v2\/product_cat?post=34"},{"taxonomy":"product_tag","embeddable":true,"href":"https:\/\/meiremendesjoias.com.br\/novo\/wp-json\/wp\/v2\/product_tag?post=34"}],"curies":[{"name":"wp","href":"https:\/\/api.w.org\/{rel}","templated":true}]}}