{"id":36,"date":"2023-11-30T17:41:18","date_gmt":"2023-11-30T20:41:18","guid":{"rendered":"https:\/\/meiremendesjoias.com.br\/novo\/?post_type=product&#038;p=36"},"modified":"2023-12-01T19:09:51","modified_gmt":"2023-12-01T22:09:51","slug":"anel-solitario","status":"publish","type":"product","link":"https:\/\/meiremendesjoias.com.br\/novo\/produto\/anel-solitario\/","title":{"rendered":"Anel Solit\u00e1rio"},"content":{"rendered":"<p>Anel solit\u00e1rio banhado a r\u00f3dio, com uma zirc\u00f4nia central de 5 mm de di\u00e2metro nas cores lil\u00e1s, rubi, safira e micro zirc\u00f4nias cravejadas na parte superior e lateral do anel.<\/p>\n<p>Largura: 3 mm<\/p>\n<p>Aro: 19<\/p>\n<p>Consulte a disponibilidade de cores da zirc\u00f4nia central antes da compra.<\/p>\n","protected":false},"excerpt":{"rendered":"<p>Anel solit\u00e1rio banhado a r\u00f3dio, com uma zirc\u00f4nia central de 5 mm de di\u00e2metro nas cores lil\u00e1s, rubi, safira e micro zirc\u00f4nias cravejadas na parte superior e lateral do anel.<\/p>\n<p>Largura: 3 mm<\/p>\n<p>Aro: 19<\/p>\n<p>Consulte a disponibilidade de cores da zirc\u00f4nia central antes da compra.<\/p>\n","protected":false},"featured_media":103,"comment_status":"open","ping_status":"closed","template":"","meta":[],"product_brand":[],"product_cat":[16,17],"product_tag":[18,19,22,59,76,77,78],"class_list":{"0":"post-36","1":"product","2":"type-product","3":"status-publish","4":"has-post-thumbnail","6":"product_cat-aneis","7":"product_cat-sale","8":"product_tag-aneis","9":"product_tag-anel","10":"product_tag-banhado-a-rodio","11":"product_tag-garantia","12":"product_tag-noivado","13":"product_tag-solitario","14":"product_tag-zirconia","16":"first","17":"instock","18":"sale","19":"shipping-taxable","20":"purchasable","21":"product-type-simple"},"_links":{"self":[{"href":"https:\/\/meiremendesjoias.com.br\/novo\/wp-json\/wp\/v2\/product\/36","targetHints":{"allow":["GET"]}}],"collection":[{"href":"https:\/\/meiremendesjoias.com.br\/novo\/wp-json\/wp\/v2\/product"}],"about":[{"href":"https:\/\/meiremendesjoias.com.br\/novo\/wp-json\/wp\/v2\/types\/product"}],"replies":[{"embeddable":true,"href":"https:\/\/meiremendesjoias.com.br\/novo\/wp-json\/wp\/v2\/comments?post=36"}],"wp:featuredmedia":[{"embeddable":true,"href":"https:\/\/meiremendesjoias.com.br\/novo\/wp-json\/wp\/v2\/media\/103"}],"wp:attachment":[{"href":"https:\/\/meiremendesjoias.com.br\/novo\/wp-json\/wp\/v2\/media?parent=36"}],"wp:term":[{"taxonomy":"product_brand","embeddable":true,"href":"https:\/\/meiremendesjoias.com.br\/novo\/wp-json\/wp\/v2\/product_brand?post=36"},{"taxonomy":"product_cat","embeddable":true,"href":"https:\/\/meiremendesjoias.com.br\/novo\/wp-json\/wp\/v2\/product_cat?post=36"},{"taxonomy":"product_tag","embeddable":true,"href":"https:\/\/meiremendesjoias.com.br\/novo\/wp-json\/wp\/v2\/product_tag?post=36"}],"curies":[{"name":"wp","href":"https:\/\/api.w.org\/{rel}","templated":true}]}}