{"id":374,"date":"2023-11-30T17:44:15","date_gmt":"2023-11-30T20:44:15","guid":{"rendered":"https:\/\/meiremendesjoias.com.br\/novo\/?post_type=product&#038;p=374"},"modified":"2023-12-06T16:52:21","modified_gmt":"2023-12-06T19:52:21","slug":"brinco-dior-perola-ouro-18-k","status":"publish","type":"product","link":"https:\/\/meiremendesjoias.com.br\/novo\/produto\/brinco-dior-perola-ouro-18-k\/","title":{"rendered":"Brinco Dior P\u00e9rola Ouro 18 k"},"content":{"rendered":"<p>Brinco dior, de ouro 18 k, com p\u00e9rolas de \u00e1gua doce.<br \/>\nTamanho: 2,8 cm de altura x 1,5 cm de largura<br \/>\nGarantia permanente ao que se refere ao ouro 18 k, e de um ano contra defeitos de fabrica\u00e7\u00e3o.<\/p>\n","protected":false},"excerpt":{"rendered":"<p>Brinco dior, de ouro 18 k, com p\u00e9rolas de \u00e1gua doce.<br \/>\nTamanho: 2,8 cm de altura x 1,5 cm de largura<br \/>\nGarantia permanente ao que se refere ao ouro 18 k, e de um ano contra defeitos de fabrica\u00e7\u00e3o.<\/p>\n","protected":false},"featured_media":410,"comment_status":"open","ping_status":"closed","template":"","meta":[],"product_brand":[],"product_cat":[153],"product_tag":[156,157,247,60,57],"class_list":{"0":"post-374","1":"product","2":"type-product","3":"status-publish","4":"has-post-thumbnail","6":"product_cat-brincos","7":"product_tag-brinco","8":"product_tag-brincos","9":"product_tag-dior","10":"product_tag-ouro-18-k","11":"product_tag-perolas","13":"first","14":"outofstock","15":"shipping-taxable","16":"product-type-simple"},"_links":{"self":[{"href":"https:\/\/meiremendesjoias.com.br\/novo\/wp-json\/wp\/v2\/product\/374","targetHints":{"allow":["GET"]}}],"collection":[{"href":"https:\/\/meiremendesjoias.com.br\/novo\/wp-json\/wp\/v2\/product"}],"about":[{"href":"https:\/\/meiremendesjoias.com.br\/novo\/wp-json\/wp\/v2\/types\/product"}],"replies":[{"embeddable":true,"href":"https:\/\/meiremendesjoias.com.br\/novo\/wp-json\/wp\/v2\/comments?post=374"}],"wp:featuredmedia":[{"embeddable":true,"href":"https:\/\/meiremendesjoias.com.br\/novo\/wp-json\/wp\/v2\/media\/410"}],"wp:attachment":[{"href":"https:\/\/meiremendesjoias.com.br\/novo\/wp-json\/wp\/v2\/media?parent=374"}],"wp:term":[{"taxonomy":"product_brand","embeddable":true,"href":"https:\/\/meiremendesjoias.com.br\/novo\/wp-json\/wp\/v2\/product_brand?post=374"},{"taxonomy":"product_cat","embeddable":true,"href":"https:\/\/meiremendesjoias.com.br\/novo\/wp-json\/wp\/v2\/product_cat?post=374"},{"taxonomy":"product_tag","embeddable":true,"href":"https:\/\/meiremendesjoias.com.br\/novo\/wp-json\/wp\/v2\/product_tag?post=374"}],"curies":[{"name":"wp","href":"https:\/\/api.w.org\/{rel}","templated":true}]}}