{"id":375,"date":"2023-11-30T17:44:15","date_gmt":"2023-11-30T20:44:15","guid":{"rendered":"https:\/\/meiremendesjoias.com.br\/novo\/?post_type=product&#038;p=375"},"modified":"2023-12-01T19:07:47","modified_gmt":"2023-12-01T22:07:47","slug":"brinco-esmeralda-rodio-negro","status":"publish","type":"product","link":"https:\/\/meiremendesjoias.com.br\/novo\/produto\/brinco-esmeralda-rodio-negro\/","title":{"rendered":"Brinco Esmeralda R\u00f3dio Negro"},"content":{"rendered":"<p>Brinco banhado a r\u00f3dio negro, com zirc\u00f4nias cravejadas.<\/p>\n<p>Tamanho: 4,8 cm de altura x 2,7 cm de largura<\/p>\n<p>D\u00favidas? Chama no WhatsApp.<\/p>\n","protected":false},"excerpt":{"rendered":"<p>Brinco banhado a r\u00f3dio negro, com zirc\u00f4nias cravejadas.<\/p>\n<p>Tamanho: 4,8 cm de altura x 2,7 cm de largura<\/p>\n<p>D\u00favidas? Chama no WhatsApp.<\/p>\n","protected":false},"featured_media":411,"comment_status":"open","ping_status":"closed","template":"","meta":[],"product_brand":[],"product_cat":[153,17],"product_tag":[285,156,157,43,41,42],"class_list":{"0":"post-375","1":"product","2":"type-product","3":"status-publish","4":"has-post-thumbnail","6":"product_cat-brincos","7":"product_cat-sale","8":"product_tag-banhado-a-rodio-negro","9":"product_tag-brinco","10":"product_tag-brincos","11":"product_tag-esmeralda","12":"product_tag-micro-cravacao","13":"product_tag-zirconias","15":"first","16":"instock","17":"sale","18":"shipping-taxable","19":"purchasable","20":"product-type-simple"},"_links":{"self":[{"href":"https:\/\/meiremendesjoias.com.br\/novo\/wp-json\/wp\/v2\/product\/375","targetHints":{"allow":["GET"]}}],"collection":[{"href":"https:\/\/meiremendesjoias.com.br\/novo\/wp-json\/wp\/v2\/product"}],"about":[{"href":"https:\/\/meiremendesjoias.com.br\/novo\/wp-json\/wp\/v2\/types\/product"}],"replies":[{"embeddable":true,"href":"https:\/\/meiremendesjoias.com.br\/novo\/wp-json\/wp\/v2\/comments?post=375"}],"wp:featuredmedia":[{"embeddable":true,"href":"https:\/\/meiremendesjoias.com.br\/novo\/wp-json\/wp\/v2\/media\/411"}],"wp:attachment":[{"href":"https:\/\/meiremendesjoias.com.br\/novo\/wp-json\/wp\/v2\/media?parent=375"}],"wp:term":[{"taxonomy":"product_brand","embeddable":true,"href":"https:\/\/meiremendesjoias.com.br\/novo\/wp-json\/wp\/v2\/product_brand?post=375"},{"taxonomy":"product_cat","embeddable":true,"href":"https:\/\/meiremendesjoias.com.br\/novo\/wp-json\/wp\/v2\/product_cat?post=375"},{"taxonomy":"product_tag","embeddable":true,"href":"https:\/\/meiremendesjoias.com.br\/novo\/wp-json\/wp\/v2\/product_tag?post=375"}],"curies":[{"name":"wp","href":"https:\/\/api.w.org\/{rel}","templated":true}]}}